{"id":89,"date":"2024-01-03T18:00:16","date_gmt":"2024-01-03T10:00:16","guid":{"rendered":"https:\/\/hdktools.com\/?page_id=89"},"modified":"2025-04-15T19:44:50","modified_gmt":"2025-04-15T11:44:50","slug":"build-a-custom-tool","status":"publish","type":"page","link":"https:\/\/hdktools.com\/tr\/build-a-custom-tool\/","title":{"rendered":"\u00d6ZEL BIR ARA\u00c7 OLU\u015eTURUN"},"content":{"rendered":"<div data-elementor-type=\"wp-page\" data-elementor-id=\"89\" class=\"elementor elementor-89\" data-elementor-post-type=\"page\">\n\t\t\t\t<div class=\"elementor-element elementor-element-68228dcc e-flex e-con-boxed e-con e-parent\" data-id=\"68228dcc\" data-element_type=\"container\">\n\t\t\t\t\t<div class=\"e-con-inner\">\n\t\t\t\t<div class=\"elementor-element elementor-element-670f0bbb elementor-widget elementor-widget-text-editor\" data-id=\"670f0bbb\" data-element_type=\"widget\" data-widget_type=\"text-editor.default\">\n\t\t\t\t<div class=\"elementor-widget-container\">\n\t\t\t\t\t\t\t\t\t<style>\r\n\t.ctool-banner{\r\n\t\twidth: 100%; position: relative\r\n\t}\r\n\t.ctool-banner img{\r\n\t\twidth: 100%;\r\n\t}\r\n\t.ctool-banner>div{\r\n\t\twidth: 40%; position: absolute; top: 10vw; left: 30%; text-align: center; color: #fff;\r\n\t}\r\n\t.ctool-banner>div>h1{\r\n\t\tfont-size: 3.9vw; text-transform: uppercase; font-family: RobotoBold;\r\n\t}\r\n\t.ctool-banner>div>div{\r\n\t\tfont-size: 1.25vw; margin-top: 1vw; opacity: 0.7; line-height: 1.6vw;\r\n\t}\r\n\t.ctool-banner>div button{\r\n\t\twidth:24vw; height: 3vw; background-color: #D62418; line-height: 3vw; font-family: RobotoBold; font-size: 0.9vw; border: 0; margin-top: 2vw;\r\n\t}\r\n\t.ctool-banner>div a{\r\n\t\tcolor: #fff; display: block; width: 100%; height: 100%;\r\n\t}\r\n\t.ctool-context{\r\n\t\twidth: 100%; padding: 8vw 0 16vw; background-image: url(\/images\/category\/c-tool-bg.png); background-repeat: no-repeat; background-position: bottom; background-size: 100% 100%; font-family: RobotoRegular; color: #000;\r\n\t}\r\n\t.ctool-context>div{\r\n\t\twidth: 90%; max-width: 1400px; margin: auto; font-size: 1vw;\r\n\t}\r\n\t.ctool-context h2{\r\n\t\tfont-family: RobotoBold; font-size: 1.4vw;\r\n\t}\r\n\t.ctool-context>div .line{\r\n\t\twidth: 93%; margin-left: 7%; height: 1.5vw; border-bottom: 1px solid #707070;\r\n\t}\r\n\t.ctool-context>div .ctool-cat{\r\n\t\twidth: 92%; margin: auto; padding: 2vw 0; display: flex; justify-content: flex-start; flex-wrap: wrap;\r\n\t}\r\n\t.ctool-list{\r\n\t\twidth: 22%; margin-right: 3%; margin-bottom: 2vw;\r\n\t}\r\n\t.ctool-list img{\r\n\t\twidth: 100%;\r\n\t}\r\n\t.ctool-list h3{\r\n\t\twidth: 100%; font-family: RobotoBold; font-size: 1vw; margin-top: 2vw;\r\n\t}\r\n\t.ctool-list .ctool-text{\r\n\t\tfont-size: 0.85vw; opacity: 0.6; width: 90%; margin-top: 1vw;\r\n\t}\r\n\t.ctool-context .ctool-contact{\r\n\t\twidth: 92%; margin: auto; padding: 3vw 7vw; border: 1px solid #D62418; position: relative; background-color: #fff; box-shadow: 0px 10px 10px #ccc; font-family: RobotoRegular;\r\n\t}\r\n\t.con-fd{\r\n\t\tposition: absolute; top: 0; right: 0; width: 10%;\r\n\t}\r\n\t.con-fd img{ width: 100%;}\r\n\t.ctool-contact .title{\r\n\t\tfont-family: RobotoBold; font-size: 2.4vw;\r\n\t}\r\n\t.ctool-contact .con-line{\r\n\t\twidth: 4vw; height: 0.3vw; border-bottom: 2px solid #D92531;\r\n\t}\r\n\t.ctool-contact .list{\r\n\t\tmargin-top: 1vw; display: flex; flex-wrap: wrap; font-size: 0.9vw;\r\n\t}\r\n\t.ctool-contact .list>div{\r\n\t\tmargin-top: 1vw;\r\n\t}\r\n\t.con-name{\r\n\t\twidth: 35%; margin-right: 2%;\r\n\t}\r\n\t.con-country{\r\n\t\twidth: 27%; margin-right: 2%;\r\n\t}\r\n\t.con-email{\r\n\t\twidth: 34%;\r\n\t}\r\n\t.con-quantity{\r\n\t\twidth: 35%; margin-right: 2%;\r\n\t}\r\n\t.con-workpiece{\r\n\t\twidth: 63%;;\r\n\t}\r\n\t.con-upload{\r\n\t\twidth: 100%; color: #D62418; font-family: RobotoBold;\r\n\t}\r\n\t.con-upload img{ width:2vw; margin-right: 1vw;}\r\n\t.con-list-title>span{\r\n\t\tcolor: #D62418;\r\n\t}\r\n\t.ctool-contact .list>div input{\r\n\t\twidth: 100%; border: 1px solid #DFE1E2; border-radius: 5px; height: 2.5vw; margin-top: 0.5vw; padding-left: 5%;\r\n\t}\r\n\t.ctool-contact .list>div input:focus {\r\n\t  outline: none; \/* \u53bb\u9664\u9ed8\u8ba4\u7684\u805a\u7126\u6548\u679c *\/\r\n\t}\r\n\t.ctool-contact .send{\r\n\t\twidth: 35%; margin: 3vw auto 2vw; height: 2.5vw; line-height: 2.5vw; text-align: center; color: #fff; font-family: RobotoBold; background-color: #D62418; border-radius: 0.2vw;\r\n\t    display: flex;\r\n    align-items: center;\r\n    padding-top: 0;\r\n    padding-bottom: 0;}\r\n.con-file-uploadbox{\r\nposition: relative;\r\nmargin-right:10vw;\r\n}\r\n.con-file-upload{\r\nwidth:100%;\r\n    margin: 3vw auto 2vw;\r\n    margin-top: 0.5vw;\r\n    height: 2.5vw;\r\n    line-height: 2.5vw;\r\n    text-align: center;\r\n    color: #fff;\r\n    font-family: RobotoBold;\r\n    background-color: #D62418;\r\n    border-radius: 0.2vw;\r\npadding:0 30px;\r\nborder-radius:0.2vw;\r\n}\r\n@media (max-width: 768px){\r\n.con-file-uploadbox{\r\nmargin-right:0px;\r\n}\r\n.con-file-upload{\r\nheight:8.5vw;\r\nline-height:8vw;\r\n    margin-top: 5vw;\r\npadding-right:0;\r\nborder-radius:0.5vw;\r\n}\r\n\t.ctool-banner>div {\r\n\t\twidth: 100%;\r\n\t\ttop: 16vw;\r\n\t\tleft: 0;\r\n\t}\r\n\t.ctool-banner>div>h1 {\r\n\t\tfont-size: 8.6vw;\r\n\t}\r\n\t.ctool-banner>div>div {\r\n\t\tfont-size: 3.4vw;\r\n\t\tmargin-top: 2.5vw;;\r\n\t\tline-height: 4vw;\r\n\t}\r\n\t.ctool-banner>div button {\r\n\t\twidth: 70vw;\r\n\t\theight: 7.5vw;\r\n\t\tline-height: 7.5vw;\r\n\t\tfont-size: 2.8vw;\r\n\t\tmargin-top: 5vw;\r\n\t}\r\n\t.ctool-context {\r\n\t\tpadding: 12vw 0 16vw; background-image: none;\r\n\t}\r\n\t.ctool-context h2 {\r\n\t\tfont-size: 4.4vw;\r\n\t}\r\n\t.ctool-context>div .line {\r\n\t\twidth: 85%;\r\n\t\tmargin-left: 15%;\r\n\t\theight: 3vw;\r\n\t}\r\n\t.ctool-context>div .ctool-cat {\r\n\t\tpadding: 4vw 0;\r\n\t}\r\n\t.ctool-list {\r\n\t\twidth: 100%;\r\n\t\tmargin-right: 0;\r\n\t\tmargin-bottom: 6vw;\r\n\t}\r\n\t.ctool-list img{\r\n\t\twidth: 70%;\r\n\t}\r\n\t.ctool-list h3{\r\n\t\tfont-size: 3.6vw; margin-top: 4vw;\r\n\t}\r\n\t.ctool-list .ctool-text{\r\n\t\tfont-size: 2.6vw; argin-top: 2vw;\r\n\t}\r\n\r\n\t.ctool-contact .title{\r\n\t\tfont-size: 5.4vw;\r\n\t}\r\n\t.ctool-contact .con-line{\r\n\t\twidth: 10vw; height: 0.6vw; border-bottom: 2px solid #D92531;\r\n\t}\r\n\t.ctool-contact .list{\r\n\t\tfont-size: 3.6vw; display: block;\r\n\t}\r\n\t.ctool-contact .list>div{\r\n\t\tmargin-top: 3vw;\r\n\t}\r\n\t.con-name{\r\n\t\twidth: 100%;\r\n\t}\r\n\t.con-country{\r\n\t\twidth: 100%;\r\n\t}\r\n\t.con-email{\r\n\t\twidth: 100%;\r\n\t}\r\n\t.con-quantity{\r\n\t\twidth: 100%;\r\n\t}\r\n\t.con-workpiece{\r\n\t\twidth: 100%;\r\n\t}\r\n\t.con-upload img{ width:6vw; margin-right: 3vw;}\r\n\t.ctool-contact .list>div input{\r\n\t\tborder-radius: 5px; height: 8vw; margin-top: 1vw;\r\n\t}\r\n\t.ctool-contact .send{\r\n\t\twidth: 50%; margin: 9vw auto 8vw; height: 8vw; line-height: 8vw; border-radius: 1vw; font-size: 3vw;\r\n\t}\r\n}\r\n<\/style>\r\n<div class=\"handerk-content\">\r\n\t<div class=\"ctool-banner\">\r\n\t\t<img decoding=\"async\" src=\"\/images\/category\/c-tool-banner.jpg\" class=\"pc_show\">\r\n\t\t<img decoding=\"async\" src=\"\/images\/category\/c-tool-banner-m.jpg\" class=\"mobile_show\">\r\n\t\t<div>\r\n\t\t\t<h1>\u00d6ZEL BIR ARA\u00c7 OLU\u015eTURUN<\/h1>\r\n\t\t\t<div>Yekpare karb\u00fcr \u00f6zel parmak frezeler ve kesiciler tasarlay\u0131n<br>\u00f6zellikle uygulaman\u0131z i\u00e7in!<\/div>\r\n\t\t\t<button class=\"ctool-button shane-popup\"><a href=\"#\">Quickturn Keyseat program\u0131m\u0131z\u0131 m\u0131 ar\u0131yorsunuz? Buraya t\u0131klay\u0131n<\/a><\/button>\r\n\t\t<\/div>\r\n\t<\/div>\r\n\t<div class=\"ctool-context\">\r\n\t\t<div>\r\n\t\t\t<h2>Parmak Freze<\/h2>\r\n\t\t\t<div class=\"line\"><\/div>\r\n\t\t\t<div class=\"ctool-cat\">\r\n\t\t\t\t<div class=\"ctool-list\">\r\n\t\t\t\t\t<img decoding=\"async\" src=\"\/images\/category\/c-tool-01.webp\">\r\n\t\t\t\t\t<h3>Standart<\/h3>\r\n\t\t\t\t\t<div class=\"ctool-text\">Genel karb\u00fcr tak\u0131mlar, binlerce benzersiz geometrik kombinasyonla \u00e7e\u015fitli uygulamalar ve malzemeler i\u00e7in tasarlanm\u0131\u015ft\u0131r.<\/div>\r\n\t\t\t\t<\/div>\r\n\t\t\t\t<div class=\"ctool-list\">\r\n\t\t\t\t\t<img decoding=\"async\" src=\"\/images\/category\/c-tool-02.webp\">\r\n\t\t\t\t\t<h3>Uzun Eri\u015fim<\/h3>\r\n\t\t\t\t\t<div class=\"ctool-text\">46Rc ila 68Rc \u00e7elikten derin bo\u015fluklu kal\u0131plama ve son i\u015flem operasyonlar\u0131 i\u00e7in tasarlanm\u0131\u015ft\u0131r.<\/div>\r\n\t\t\t\t<\/div>\r\n\t\t\t\t<div class=\"ctool-list\">\r\n\t\t\t\t\t<img decoding=\"async\" src=\"\/images\/category\/c-tool-03.webp\">\r\n\t\t\t\t\t<h3>Konik<\/h3>\r\n\t\t\t\t\t<div class=\"ctool-text\">Mekanik\u00e7ilerin kar\u015f\u0131la\u015ft\u0131\u011f\u0131 en zor i\u015flerden biri olan derin tip bo\u015fluk frezeleme uygulamalar\u0131 i\u00e7in ideal olan bu \u00fcr\u00fcn, bo\u015flu\u011fu en \u00fcst d\u00fczeye \u00e7\u0131karmak i\u00e7in tasarlanm\u0131\u015ft\u0131r.<\/div>\r\n\t\t\t\t<\/div>\r\n\t\t\t<\/div>\r\n\t\t<\/div>\r\n\t\t<div>\r\n\t\t\t<h2>Uzmanl\u0131k Profilleri<\/h2>\r\n\t\t\t<div class=\"line\"><\/div>\r\n\t\t\t<div class=\"ctool-cat\">\r\n\t\t\t\t<div class=\"ctool-list\">\r\n\t\t\t\t\t<img decoding=\"async\" src=\"\/images\/category\/c-tool-04.webp\">\r\n\t\t\t\t\t<h3>Geri \u00c7apak Alma De\u011firmeni<\/h3>\r\n\t\t\t\t\t<div class=\"ctool-text\">\u00c7ift A\u00e7\u0131l\u0131 \u015eaftl\u0131 Kesicilere ve Arka Pah Kesicilere g\u00f6re daha k\u00fc\u00e7\u00fck bir radyal \u00e7\u0131k\u0131nt\u0131 ile tasarlanm\u0131\u015ft\u0131r, bu da daha fazla mukavemet sa\u011flar.<\/div>\r\n\t\t\t\t<\/div>\r\n\t\t\t\t<div class=\"ctool-list\">\r\n\t\t\t\t\t<img decoding=\"async\" src=\"\/images\/category\/c-tool-05.webp\">\r\n\t\t\t\t\t<h3>Pah Kesiciler<\/h3>\r\n\t\t\t\t\t<div class=\"ctool-text\">Bir par\u00e7aya h\u0131zl\u0131 ve ba\u015far\u0131l\u0131 bir \u015fekilde pah k\u0131rmak, \u00e7apak almak ve geri pah k\u0131rmak i\u00e7in tasarlanm\u0131\u015f \u00e7ok y\u00f6nl\u00fc bir CNC i\u015fleme aleti t\u00fcr\u00fcd\u00fcr.<\/div>\r\n\t\t\t\t<\/div>\r\n\t\t\t\t<div class=\"ctool-list\">\r\n\t\t\t\t\t<img decoding=\"async\" src=\"\/images\/category\/c-tool-06.webp\">\r\n\t\t\t\t\t<h3>\u0130\u00e7b\u00fckey Yar\u0131\u00e7apl\u0131 Frezeler<\/h3>\r\n\t\t\t\t\t<div class=\"ctool-text\">\u00d6zel tasar\u0131m, sadece d\u0131\u015f \u00e7ap ve yar\u0131\u00e7ap \u00fczerinde kesim yaparak bir par\u00e7a \u00fczerinde yar\u0131m yuvarlak bir \u015fekil olu\u015fturur.<\/div>\r\n\t\t\t\t<\/div>\r\n\t\t\t\t<div class=\"ctool-list\">\r\n\t\t\t\t\t<img decoding=\"async\" src=\"\/images\/category\/c-tool-07.webp\">\r\n\t\t\t\t\t<h3>K\u00f6\u015fe Yuvarlama Frezeleri<\/h3>\r\n\t\t\t\t\t<div class=\"ctool-text\">\u0130\u00e7b\u00fckey bir yar\u0131\u00e7ap formuna sahip olan bu tak\u0131m, \u00e7o\u011funlukla bir i\u015f par\u00e7as\u0131 \u00f6zelli\u011finin \u00fcst k\u0131sm\u0131 boyunca \u00e7evrelenmi\u015f kenar olu\u015fturmak i\u00e7in kullan\u0131l\u0131r.<\/div>\r\n\t\t\t\t<\/div>\r\n\t\t\t\t<div class=\"ctool-list\">\r\n\t\t\t\t\t<img decoding=\"async\" src=\"\/images\/category\/c-tool-08.webp\">\r\n\t\t\t\t\t<h3>\u00c7ift A\u00e7\u0131l\u0131 \u015eaftl\u0131 Kesiciler<\/h3>\r\n\t\t\t\t\t<div class=\"ctool-text\">Bir makinistin karuselinde bulundurabilece\u011fi en \u00e7ok y\u00f6nl\u00fc tak\u0131mlardan biri olarak kabul edilen bu tak\u0131m, birden fazla i\u015fleme operasyonu ger\u00e7ekle\u015ftirebilir.<\/div>\r\n\t\t\t\t<\/div>\r\n\t\t\t\t<div class=\"ctool-list\">\r\n\t\t\t\t\t<img decoding=\"async\" src=\"\/images\/category\/c-tool-09.webp\">\r\n\t\t\t\t\t<h3>K\u0131rlang\u0131\u00e7 Kuyru\u011fu Kesiciler<\/h3>\r\n\t\t\t\t\t<div class=\"ctool-text\">Genellikle bir i\u015f par\u00e7as\u0131n\u0131n alt\u0131n\u0131 kesmek veya \u00e7apa\u011f\u0131n\u0131 almak ya da O-ring kanallar\u0131n\u0131 kesmek i\u00e7in olmak \u00fczere \u00e7ok \u00e7e\u015fitli uygulamalarda kullan\u0131l\u0131r.<\/div>\r\n\t\t\t\t<\/div>\r\n\t\t\t\t<div class=\"ctool-list\">\r\n\t\t\t\t\t<img decoding=\"async\" src=\"\/images\/category\/c-tool-10.webp\">\r\n\t\t\t\t\t<h3>Matkap De\u011firmenleri<\/h3>\r\n\t\t\t\t\t<div class=\"ctool-text\">Delme, kanal a\u00e7ma, frezeleme, puntalama ve pah k\u0131rma i\u015flemleri i\u00e7in m\u00fckemmeldir ve iki farkl\u0131 stilde mevcuttur: De\u011firmen Stili ve Matkap\r\nStil.<\/div>\r\n\t\t\t\t<\/div>\r\n\t\t\t\t<div class=\"ctool-list\">\r\n\t\t\t\t\t<img decoding=\"async\" src=\"\/images\/category\/c-tool-11.webp\">\r\n\t\t\t\t\t<h3>Grav\u00fcr Kesiciler<\/h3>\r\n\t\t\t\t\t<div class=\"ctool-text\">G\u00fc\u00e7l\u00fc ve uzun \u00f6m\u00fcrl\u00fc olacak \u015fekilde tasarlanan Grav\u00fcr Kesiciler, do\u011fru ve estetik a\u00e7\u0131dan \u00e7ekici par\u00e7a grav\u00fcrleri olu\u015fturur.<\/div>\r\n\t\t\t\t<\/div>\r\n\t\t\t\t<div class=\"ctool-list\">\r\n\t\t\t\t\t<img decoding=\"async\" src=\"\/images\/category\/c-tool-12.webp\">\r\n\t\t\t\t\t<h3>Anahtarl\u0131k Kesiciler<\/h3>\r\n\t\t\t\t\t<div class=\"ctool-text\">\u00c7o\u011fu zaman \"Woodruff Kesiciler\" olarak adland\u0131r\u0131lan bu alet, \u00f6ncelikle bir par\u00e7ada do\u011fru bir yuva b\u0131rakmak i\u00e7in kullan\u0131l\u0131r.<\/div>\r\n\t\t\t\t<\/div>\r\n\t\t\t\t<div class=\"ctool-list\">\r\n\t\t\t\t\t<img decoding=\"async\" src=\"\/images\/category\/c-tool-13.webp\">\r\n\t\t\t\t\t<h3>Testereler<\/h3>\r\n\t\t\t\t\t<div class=\"ctool-text\">Kanal a\u00e7ma ve kesme uygulamalar\u0131 i\u00e7in optimize edilmi\u015f Dilme Testereleri, ortas\u0131nda bir delik bulunan d\u00fcz, dairesel \u015fekilli bir testeredir ve kesme\r\n\"Di\u015fler\".<\/div>\r\n\t\t\t\t<\/div>\r\n\t\t\t\t<div class=\"ctool-list\">\r\n\t\t\t\t\t<img decoding=\"async\" src=\"\/images\/category\/c-tool-14.webp\">\r\n\t\t\t\t\t<h3>Alttan Kesme Frezeleri<\/h3>\r\n\t\t\t\t\t<div class=\"ctool-text\">Genellikle \"Lolipop Kesiciler\" olarak adland\u0131r\u0131lan Alttan Kesmeli Frezeler, par\u00e7alar\u0131n alt taraf\u0131nda kolay i\u015fleme i\u00e7in m\u00fckemmeldir.<\/div>\r\n\t\t\t\t<\/div>\r\n\t\t\t<\/div>\r\n\t\t<\/div>\r\n\t\t<div>\r\n\t\t\t<h2>Delik A\u00e7ma ve Di\u015f A\u00e7ma<\/h2>\r\n\t\t\t<div class=\"line\"><\/div>\r\n\t\t\t<div class=\"ctool-cat\">\r\n\t\t\t\t<div class=\"ctool-list\">\r\n\t\t\t\t\t<img decoding=\"async\" src=\"\/images\/category\/c-tool-15.webp\">\r\n\t\t\t\t\t<h3>Kar\u015f\u0131 delikler<\/h3>\r\n\t\t\t\t\t<div class=\"ctool-text\">D\u00f6k\u00fcmler, yuvarlak par\u00e7alar ve i\u00e7b\u00fckey veya taslak y\u00fczeyler i\u00e7in ideal olan bu aleti etkili bir \u015fekilde tespit etmek, pozisyonu korumak ve par\u00e7a fini\u015fini kontrol etmek i\u00e7in kullan\u0131n.<\/div>\r\n\t\t\t\t<\/div>\r\n\t\t\t\t<div class=\"ctool-list\">\r\n\t\t\t\t\t<img decoding=\"async\" src=\"\/images\/category\/c-tool-16.webp\">\r\n\t\t\t\t\t<h3>Matkaplar<\/h3>\r\n\t\t\t\t\t<div class=\"ctool-text\">Y\u00fcr\u00fcmeyi \u00f6nlemek i\u00e7in optimize edilen Driller, \u00e7ip yapma, tutma ve bo\u015faltma konusunda etkilidir.<\/div>\r\n\t\t\t\t<\/div>\r\n\t\t\t\t<div class=\"ctool-list\">\r\n\t\t\t\t\t<img decoding=\"async\" src=\"\/images\/category\/c-tool-17.webp\">\r\n\t\t\t\t\t<h3>Matkap ve Hav\u015fa<\/h3>\r\n\t\t\t\t\t<div class=\"ctool-text\">Bir deli\u011fin \u00fcst k\u0131sm\u0131n\u0131 tek bir i\u015flemde delerek ve pah k\u0131rarak makinistlere zaman kazand\u0131rmak i\u00e7in tasarlanm\u0131\u015ft\u0131r.<\/div>\r\n\t\t\t\t<\/div>\r\n\t\t\t\t<div class=\"ctool-list\">\r\n\t\t\t\t\t<img decoding=\"async\" src=\"\/images\/category\/c-tool-18.webp\">\r\n\t\t\t\t\t<h3>Raybalar<\/h3>\r\n\t\t\t\t\t<div class=\"ctool-text\">Son derece dar toleranslara sahip Raybalar, bir deli\u011fi m\u00fckemmel boyuta getirmek ve harika bir duvar kaplamas\u0131 b\u0131rakmak i\u00e7in tasarlanm\u0131\u015ft\u0131r.<\/div>\r\n\t\t\t\t<\/div>\r\n\t\t\t\t<div class=\"ctool-list\">\r\n\t\t\t\t\t<img decoding=\"async\" src=\"\/images\/category\/c-tool-19.webp\">\r\n\t\t\t\t\t<h3>\u0130plik De\u011firmenleri<\/h3>\r\n\t\t\t\t\t<div class=\"ctool-text\">Sa\u011f ve sol di\u015fleri frezeleyin ve sertle\u015ftirilmi\u015f \u00e7elikler de dahil olmak \u00fczere bir\u00e7ok malzemede i\u00e7 ve d\u0131\u015f 60\u00b0 UN di\u015fleri kesin.<\/div>\r\n\t\t\t\t<\/div>\r\n\t\t\t<\/div>\r\n\t\t<\/div>\r\n\t\t<div>\r\n\t\t\t\n<div class=\"wpcf7 no-js\" id=\"wpcf7-f328-o1\" lang=\"zh-CN\" dir=\"ltr\">\n<div class=\"screen-reader-response\"><p role=\"status\" aria-live=\"polite\" aria-atomic=\"true\"><\/p> <ul><\/ul><\/div>\n<form action=\"\/wp-json\/wp\/v2\/pages\/89\" method=\"post\" class=\"wpcf7-form init\" aria-label=\"Contact form\" enctype=\"multipart\/form-data\" novalidate=\"novalidate\" data-status=\"init\" data-trp-original-action=\"\/tr\/wp-json\/wp\/v2\/pages\/89#wpcf7-f328-o1\">\n<div style=\"display: none;\">\n<input type=\"hidden\" name=\"_wpcf7\" value=\"328\" \/>\n<input type=\"hidden\" name=\"_wpcf7_version\" value=\"5.9.3\" \/>\n<input type=\"hidden\" name=\"_wpcf7_locale\" value=\"zh_CN\" \/>\n<input type=\"hidden\" name=\"_wpcf7_unit_tag\" value=\"wpcf7-f328-o1\" \/>\n<input type=\"hidden\" name=\"_wpcf7_container_post\" value=\"0\" \/>\n<input type=\"hidden\" name=\"_wpcf7_posted_data_hash\" value=\"\" \/>\n<\/div>\n<div class=\"ctool-contact\">\n\t<div class=\"con-fd\">\n\t\t<p><img decoding=\"async\" src=\"\/images\/category\/c-tool-fd.png\" \/>\n\t\t<\/p>\n\t<\/div>\n\t<div class=\"title\">\n\t\t<p>\u0130leti\u015fim Bilgileri\n\t\t<\/p>\n\t<\/div>\n\t<div class=\"con-line\">\n\t<\/div>\n\t<div class=\"list\">\n\t\t<div class=\"con-name\">\n\t\t\t<div class=\"con-list-title\">\n\t\t\t\t<p>\u0130sim<span>*<\/span>\n\t\t\t\t<\/p>\n\t\t\t<\/div>\n\t\t\t<p><span class=\"wpcf7-form-control-wrap\" data-name=\"myname\"><input size=\"40\" class=\"wpcf7-form-control wpcf7-text wpcf7-validates-as-required\" aria-required=\"true\" aria-invalid=\"false\" value=\"\" type=\"text\" name=\"myname\" \/><\/span>\n\t\t\t<\/p>\n\t\t<\/div>\n\t\t<div class=\"con-country\">\n\t\t\t<div class=\"con-list-title\">\n\t\t\t\t<p>\u00dclke<span>*<\/span>\n\t\t\t\t<\/p>\n\t\t\t<\/div>\n\t\t\t<p><span class=\"wpcf7-form-control-wrap\" data-name=\"country\"><input size=\"40\" class=\"wpcf7-form-control wpcf7-text wpcf7-validates-as-required\" aria-required=\"true\" aria-invalid=\"false\" value=\"\" type=\"text\" name=\"country\" \/><\/span>\n\t\t\t<\/p>\n\t\t<\/div>\n\t\t<div class=\"con-email\">\n\t\t\t<div class=\"con-list-title\">\n\t\t\t\t<p>E-posta<span>*<\/span>\n\t\t\t\t<\/p>\n\t\t\t<\/div>\n\t\t\t<p><span class=\"wpcf7-form-control-wrap\" data-name=\"email\"><input size=\"40\" class=\"wpcf7-form-control wpcf7-email wpcf7-validates-as-required wpcf7-text wpcf7-validates-as-email\" aria-required=\"true\" aria-invalid=\"false\" value=\"\" type=\"email\" name=\"email\" \/><\/span>\n\t\t\t<\/p>\n\t\t<\/div>\n\t\t<div class=\"con-quantity\">\n\t\t\t<div class=\"con-list-title\">\n\t\t\t\t<p>Miktar<span>*<\/span>\n\t\t\t\t<\/p>\n\t\t\t<\/div>\n\t\t\t<p><span class=\"wpcf7-form-control-wrap\" data-name=\"quantity\"><input size=\"40\" class=\"wpcf7-form-control wpcf7-text wpcf7-validates-as-required\" aria-required=\"true\" aria-invalid=\"false\" value=\"\" type=\"text\" name=\"quantity\" \/><\/span>\n\t\t\t<\/p>\n\t\t<\/div>\n\t\t<div class=\"con-workpiece\">\n\t\t\t<div class=\"con-list-title\">\n\t\t\t\t<p>\u0130\u015f Par\u00e7as\u0131 Malzemesi<span>*<\/span>\n\t\t\t\t<\/p>\n\t\t\t<\/div>\n\t\t\t<p><span class=\"wpcf7-form-control-wrap\" data-name=\"workpiece-material\"><input size=\"40\" class=\"wpcf7-form-control wpcf7-text wpcf7-validates-as-required\" aria-required=\"true\" aria-invalid=\"false\" value=\"\" type=\"text\" name=\"workpiece-material\" \/><\/span>\n\t\t\t<\/p>\n\t\t<\/div>\n\t\t<div class=\"con-file-uploadbox\">\n\t\t\t<p><label for=\"file-upload\" class=\"con-file-upload\">\u00c7izimleri Y\u00fckle<\/label>\n\t\t\t<\/p>\n\t\t\t<div style=\"opacity:0;position: absolute;top: 0;\">\n\t\t\t\t<p><span class=\"wpcf7-form-control-wrap\" data-name=\"upload-file\"><input size=\"40\" class=\"wpcf7-form-control wpcf7-file wpcf7-validates-as-required\" accept=\".jpg,.jpeg,.png,.gif\" aria-required=\"true\" aria-invalid=\"false\" type=\"file\" name=\"upload-file\" \/><\/span>\n\t\t\t\t<\/p>\n\t\t\t<\/div>\n\t\t<\/div>\n\t\t<div class=\"con-submit\">\n\t\t\t<p><input class=\"wpcf7-form-control wpcf7-submit has-spinner send\" type=\"submit\" value=\"Bize G\u00f6nderin\" \/>\n\t\t\t<\/p>\n\t\t<\/div>\n\t<\/div>\n<\/div>\n<p><script>\ndocument.addEventListener( 'wpcf7mailsent', function( event ) {\n window.location.href = '\/success';\n}, false );\n<\/script>\n<\/p><div class=\"wpcf7-response-output\" aria-hidden=\"true\"><\/div>\n<input type=\"hidden\" name=\"trp-form-language\" value=\"tr\"\/><\/form>\n<\/div>\n\r\n\t\t<\/div>\r\n\t<\/div>\r\n<\/div>\t\t\t\t\t\t\t\t<\/div>\n\t\t\t\t<\/div>\n\t\t\t\t\t<\/div>\n\t\t\t\t<\/div>\n\t\t<div class=\"elementor-element elementor-element-cbd42e2 e-flex e-con-boxed e-con e-parent\" data-id=\"cbd42e2\" data-element_type=\"container\">\n\t\t\t\t\t<div class=\"e-con-inner\">\n\t\t\t\t<div class=\"elementor-element elementor-element-2a39137 elementor-button-align-stretch elementor-widget elementor-widget-form\" data-id=\"2a39137\" data-element_type=\"widget\" data-settings=\"{&quot;step_next_label&quot;:&quot;Next&quot;,&quot;step_previous_label&quot;:&quot;Previous&quot;,&quot;button_width&quot;:&quot;25&quot;,&quot;step_type&quot;:&quot;number_text&quot;,&quot;step_icon_shape&quot;:&quot;circle&quot;}\" data-widget_type=\"form.default\">\n\t\t\t\t<div class=\"elementor-widget-container\">\n\t\t\t\t\t\t\t<form class=\"elementor-form\" method=\"post\" name=\"New Form\">\n\t\t\t<input type=\"hidden\" name=\"post_id\" value=\"89\"\/>\n\t\t\t<input type=\"hidden\" name=\"form_id\" value=\"2a39137\"\/>\n\t\t\t<input type=\"hidden\" name=\"referer_title\" value=\"\" \/>\n\n\t\t\t\n\t\t\t<div class=\"elementor-form-fields-wrapper elementor-labels-above\">\n\t\t\t\t\t\t\t\t<div class=\"elementor-field-type-text elementor-field-group elementor-column elementor-field-group-name elementor-col-33 elementor-field-required\">\n\t\t\t\t\t\t\t\t\t\t\t\t<label for=\"form-field-name\" class=\"elementor-field-label\">\n\t\t\t\t\t\t\t\t\u0130sim*\t\t\t\t\t\t\t<\/label>\n\t\t\t\t\t\t\t\t\t\t\t\t\t\t<input size=\"1\" type=\"text\" name=\"form_fields[name]\" id=\"form-field-name\" class=\"elementor-field elementor-size-lg  elementor-field-textual\" required=\"required\">\n\t\t\t\t\t\t\t\t\t\t\t<\/div>\n\t\t\t\t\t\t\t\t<div class=\"elementor-field-type-text elementor-field-group elementor-column elementor-field-group-field_f27c9cf elementor-col-33 elementor-field-required\">\n\t\t\t\t\t\t\t\t\t\t\t\t<label for=\"form-field-field_f27c9cf\" class=\"elementor-field-label\">\n\t\t\t\t\t\t\t\t\u00dclke*\t\t\t\t\t\t\t<\/label>\n\t\t\t\t\t\t\t\t\t\t\t\t\t\t<input size=\"1\" type=\"text\" name=\"form_fields[field_f27c9cf]\" id=\"form-field-field_f27c9cf\" class=\"elementor-field elementor-size-lg  elementor-field-textual\" required=\"required\">\n\t\t\t\t\t\t\t\t\t\t\t<\/div>\n\t\t\t\t\t\t\t\t<div class=\"elementor-field-type-email elementor-field-group elementor-column elementor-field-group-email elementor-col-33 elementor-field-required\">\n\t\t\t\t\t\t\t\t\t\t\t\t<label for=\"form-field-email\" class=\"elementor-field-label\">\n\t\t\t\t\t\t\t\tE-posta*\t\t\t\t\t\t\t<\/label>\n\t\t\t\t\t\t\t\t\t\t\t\t\t\t<input size=\"1\" type=\"email\" name=\"form_fields[email]\" id=\"form-field-email\" class=\"elementor-field elementor-size-lg  elementor-field-textual\" required=\"required\">\n\t\t\t\t\t\t\t\t\t\t\t<\/div>\n\t\t\t\t\t\t\t\t<div class=\"elementor-field-type-text elementor-field-group elementor-column elementor-field-group-field_b9916a4 elementor-col-30 elementor-field-required\">\n\t\t\t\t\t\t\t\t\t\t\t\t<label for=\"form-field-field_b9916a4\" class=\"elementor-field-label\">\n\t\t\t\t\t\t\t\tMiktar*\t\t\t\t\t\t\t<\/label>\n\t\t\t\t\t\t\t\t\t\t\t\t\t\t<input size=\"1\" type=\"text\" name=\"form_fields[field_b9916a4]\" id=\"form-field-field_b9916a4\" class=\"elementor-field elementor-size-lg  elementor-field-textual\" required=\"required\">\n\t\t\t\t\t\t\t\t\t\t\t<\/div>\n\t\t\t\t\t\t\t\t<div class=\"elementor-field-type-text elementor-field-group elementor-column elementor-field-group-field_938ff7b elementor-col-70 elementor-field-required\">\n\t\t\t\t\t\t\t\t\t\t\t\t<label for=\"form-field-field_938ff7b\" class=\"elementor-field-label\">\n\t\t\t\t\t\t\t\t\u0130\u015f Par\u00e7as\u0131 Malzemesi*\t\t\t\t\t\t\t<\/label>\n\t\t\t\t\t\t\t\t\t\t\t\t\t\t<input size=\"1\" type=\"text\" name=\"form_fields[field_938ff7b]\" id=\"form-field-field_938ff7b\" class=\"elementor-field elementor-size-lg  elementor-field-textual\" required=\"required\">\n\t\t\t\t\t\t\t\t\t\t\t<\/div>\n\t\t\t\t\t\t\t\t<div class=\"elementor-field-group elementor-column elementor-field-type-submit elementor-col-25 e-form__buttons\">\n\t\t\t\t\t<button class=\"elementor-button elementor-size-sm\" type=\"submit\">\n\t\t\t\t\t\t<span class=\"elementor-button-content-wrapper\">\n\t\t\t\t\t\t\t\t\t\t\t\t\t\t\t\t\t\t\t\t\t\t<span class=\"elementor-button-text\">G\u00f6nder<\/span>\n\t\t\t\t\t\t\t\t\t\t\t\t\t<\/span>\n\t\t\t\t\t<\/button>\n\t\t\t\t<\/div>\n\t\t\t<\/div>\n\t\t<input type=\"hidden\" name=\"trp-form-language\" value=\"tr\"\/><\/form>\n\t\t\t\t\t\t<\/div>\n\t\t\t\t<\/div>\n\t\t\t\t\t<\/div>\n\t\t\t\t<\/div>\n\t\t\t\t<\/div>","protected":false},"excerpt":{"rendered":"BUILD A CUSTOM TOOL Design solid carbide custom end mills and cuttersspecifically for your application! Looking for our Quickturn Keyseat program? Click here End Mill Standard Overall carbide tools are designed for a variety of applications and materialswith thousands of unique geometric combinations. Long Reach Designed for deep cavity molding and finishing operations from 46Rc [&hellip;]","protected":false},"author":1,"featured_media":0,"parent":0,"menu_order":0,"comment_status":"closed","ping_status":"closed","template":"single-page-full.php","meta":{"_monsterinsights_skip_tracking":false,"_monsterinsights_sitenote_active":false,"_monsterinsights_sitenote_note":"","_monsterinsights_sitenote_category":0,"footnotes":""},"class_list":["post-89","page","type-page","status-publish","hentry"],"blocksy_meta":[],"aioseo_notices":[],"_links":{"self":[{"href":"https:\/\/hdktools.com\/tr\/wp-json\/wp\/v2\/pages\/89","targetHints":{"allow":["GET"]}}],"collection":[{"href":"https:\/\/hdktools.com\/tr\/wp-json\/wp\/v2\/pages"}],"about":[{"href":"https:\/\/hdktools.com\/tr\/wp-json\/wp\/v2\/types\/page"}],"author":[{"embeddable":true,"href":"https:\/\/hdktools.com\/tr\/wp-json\/wp\/v2\/users\/1"}],"replies":[{"embeddable":true,"href":"https:\/\/hdktools.com\/tr\/wp-json\/wp\/v2\/comments?post=89"}],"version-history":[{"count":9,"href":"https:\/\/hdktools.com\/tr\/wp-json\/wp\/v2\/pages\/89\/revisions"}],"predecessor-version":[{"id":1734,"href":"https:\/\/hdktools.com\/tr\/wp-json\/wp\/v2\/pages\/89\/revisions\/1734"}],"wp:attachment":[{"href":"https:\/\/hdktools.com\/tr\/wp-json\/wp\/v2\/media?parent=89"}],"curies":[{"name":"wp","href":"https:\/\/api.w.org\/{rel}","templated":true}]}}