{"id":3,"date":"2023-12-01T09:55:16","date_gmt":"2023-12-01T01:55:16","guid":{"rendered":"http:\/\/hdktools.com\/?page_id=3"},"modified":"2025-03-03T16:56:54","modified_gmt":"2025-03-03T08:56:54","slug":"privacy-policy","status":"publish","type":"page","link":"https:\/\/hdktools.com\/tr\/privacy-policy\/","title":{"rendered":"Gizlilik Politikas\u0131"},"content":{"rendered":"<h2 class=\"wp-block-heading\">Biz kimiz?<\/h2>\r\n\r\n\r\n\r\n<p><strong class=\"privacy-policy-tutorial\"><\/strong>Site adresimiz\uff1ahttp:\/\/hdktools.com<\/p>\r\n\r\n\r\n\r\n<h2 class=\"wp-block-heading\">Yorumlar<\/h2>\r\n\r\n\r\n\r\n<p><strong class=\"privacy-policy-tutorial\"><\/strong>Ziyaret\u00e7iler yorum b\u0131rakt\u0131\u011f\u0131nda, spam tespitine yard\u0131mc\u0131 olmak i\u00e7in ziyaret\u00e7inin IP adresi ve taray\u0131c\u0131 Kullan\u0131c\u0131 Arac\u0131s\u0131 dizisiyle birlikte yorum formunda g\u00f6sterilen verileri toplar\u0131z2.<\/p>\r\n\r\n\r\n\r\n<p>E-posta adresinizden olu\u015fturulan anonimle\u015ftirilmi\u015f bir dize (hash olarak da adland\u0131r\u0131l\u0131r), kullan\u0131p kullanmad\u0131\u011f\u0131n\u0131z\u0131 g\u00f6rmek i\u00e7in Gravatar hizmetine sa\u011flanabilir. Gravatar hizmetinin gizlilik politikas\u0131na buradan ula\u015fabilirsiniz1: https:\/\/automattic.com\/privacy\/. Yorumunuzun onaylanmas\u0131ndan sonra, profil resminiz yorumunuz ba\u011flam\u0131nda herkese g\u00f6r\u00fcn\u00fcr.<\/p>\r\n\r\n\r\n\r\n<h2 class=\"wp-block-heading\">Medya<\/h2>\r\n\r\n\r\n\r\n<p><strong class=\"privacy-policy-tutorial\"><\/strong>Bu web sitesine g\u00f6r\u00fcnt\u00fc y\u00fcklerseniz, g\u00f6m\u00fcl\u00fc konum verileri (EXIF GPS) i\u00e7eren g\u00f6r\u00fcnt\u00fcleri y\u00fcklemekten ka\u00e7\u0131nmal\u0131s\u0131n\u0131z. Bu web sitesinin ziyaret\u00e7ileri, web sitesindeki resimlerden konum bilgilerini indirebilir ve \u00e7\u0131karabilir.<\/p>\r\n\r\n\r\n\r\n<h2 class=\"wp-block-heading\">\u00c7erezler<\/h2>\r\n\r\n\r\n\r\n<p><strong class=\"privacy-policy-tutorial\"><\/strong>Sitemize bir yorum b\u0131rak\u0131rsan\u0131z, ad\u0131n\u0131z\u0131, e-posta adresinizi ve web sitenizi \u00e7erezlere kaydetmeyi se\u00e7ebilirsiniz. Bunlar size kolayl\u0131k sa\u011flamak i\u00e7indir, b\u00f6ylece ba\u015fka bir yorum b\u0131rakt\u0131\u011f\u0131n\u0131zda bilgilerinizi tekrar doldurman\u0131z gerekmez. Bu \u00e7erezler bir y\u0131l boyunca saklanacakt\u0131r.<\/p>\r\n\r\n\r\n\r\n<p>Giri\u015f sayfam\u0131z\u0131 ziyaret ederseniz, taray\u0131c\u0131n\u0131z\u0131n \u00e7erezleri kabul edip etmedi\u011fini belirlemek i\u00e7in ge\u00e7ici bir \u00e7erez ayarlayaca\u011f\u0131z. Bu \u00e7erez hi\u00e7bir ki\u015fisel veri i\u00e7ermez ve bro2wser'\u0131n\u0131z\u0131 kapatt\u0131\u011f\u0131n\u0131zda at\u0131l\u0131r.<\/p>\r\n\r\n\r\n\r\n<p>Giri\u015f yapt\u0131\u011f\u0131n\u0131zda, giri\u015f bilgilerinizi ve ekran g\u00f6r\u00fcnt\u00fcleme se\u00e7eneklerinizi kaydetmek i\u00e7in birka\u00e7 \u00e7erez de ayarlayaca\u011f\u0131z. Oturum a\u00e7ma \u00e7erezleri iki g\u00fcn, ekran se\u00e7enekleri \u00e7erezleri ise bir y\u0131l boyunca kal\u0131r. 'Beni Hat\u0131rla' se\u00e7ene\u011fini se\u00e7erseniz, giri\u015f bilgileriniz iki hafta boyunca saklanacakt\u0131r. Oturumu kapat\u0131rsan\u0131z, oturum a\u00e7ma \u00e7erezleri kald\u0131r\u0131lacakt\u0131r.<\/p>\r\n\r\n\r\n\r\n<p>Bir makaleyi d\u00fczenledi\u011finizde veya yay\u0131nlad\u0131\u011f\u0131n\u0131zda, taray\u0131c\u0131n\u0131za ek bir \u00e7erez kaydedece\u011fiz. Bu \u00e7erez hi\u00e7bir ki\u015fisel veri i\u00e7ermez ve sadece d\u00fczenledi\u011finiz makalenin kimli\u011fini kaydeder. Bu \u00e7erez bir g\u00fcn s\u00fcrecektir.<\/p>\r\n\r\n\r\n\r\n<h2 class=\"wp-block-heading\">Di\u011fer web sitelerinden g\u00f6m\u00fcl\u00fc i\u00e7erik<\/h2>\r\n\r\n\r\n\r\n<p><strong class=\"privacy-policy-tutorial\"><\/strong>Bu sitedeki makaleler g\u00f6m\u00fcl\u00fc i\u00e7erik (videolar, resimler, makaleler vb.) i\u00e7erebilir. Di\u011fer sitelerden gelen g\u00f6m\u00fcl\u00fc i\u00e7erik, bu di\u011fer siteleri do\u011frudan ziyaret ediyor olman\u0131zla ayn\u0131 \u015fekilde davran\u0131r.<\/p>\r\n\r\n\r\n\r\n<p>Bu siteler hakk\u0131n\u0131zda veri toplayabilir, \u00e7erez kullanabilir, ek \u00fc\u00e7\u00fcnc\u00fc taraf takibi yerle\u015ftirebilir ve bir hesab\u0131n\u0131z varsa ve bu sitelerde oturum a\u00e7t\u0131ysan\u0131z g\u00f6m\u00fcl\u00fc i\u00e7erikle etkile\u015fiminizi izlemek de dahil olmak \u00fczere bu g\u00f6m\u00fcl\u00fc i\u00e7erikle etkile\u015fiminizi izleyebilir.<\/p>\r\n\r\n\r\n\r\n<h2 class=\"wp-block-heading\">Bilgilerinizi kimlerle payla\u015f\u0131yoruz?<\/h2>\r\n\r\n\r\n\r\n<p><strong class=\"privacy-policy-tutorial\"><\/strong>Parola s\u0131f\u0131rlama talebinde bulunursan\u0131z, IP adresiniz parola s\u0131f\u0131rlama e-postas\u0131na dahil edilecektir.<\/p>\r\n\r\n\r\n\r\n<h2 class=\"wp-block-heading\">Bilgilerinizi ne kadar s\u00fcreyle sakl\u0131yoruz?<\/h2>\r\n\r\n\r\n\r\n<p><strong class=\"privacy-policy-tutorial\"><\/strong>Bir yorum b\u0131rak\u0131rsan\u0131z, yorum ve meta verileri s\u00fcresiz olarak saklan\u0131r. Bunu, takip eden yorumlar\u0131 moderasyon kuyru\u011funda bekletmek yerine tan\u0131y\u0131p otomatik olarak onaylayabilmek i\u00e7in yap\u0131yoruz.<\/p>\r\n\r\n\r\n\r\n<p>Bu web sitesinin kay\u0131tl\u0131 kullan\u0131c\u0131lar\u0131 i\u00e7in, sa\u011flad\u0131klar\u0131 ki\u015fisel bilgileri kullan\u0131c\u0131 profillerinde de saklar\u0131z. T\u00fcm kullan\u0131c\u0131lar ki\u015fisel bilgilerini istedikleri zaman g\u00f6r\u00fcnt\u00fcleyebilir, d\u00fczenleyebilir veya silebilirler (1kullan\u0131c\u0131 adlar\u0131n\u0131 de\u011fi\u015ftiremezler). Site y\u00f6neticileri de bu bilgileri g\u00f6r\u00fcnt\u00fcleyebilir ve d\u00fczenleyebilir.<\/p>\r\n\r\n\r\n\r\n<h2 class=\"wp-block-heading\">Verileriniz \u00fczerinde hangi haklara sahipsiniz?<\/h2>\r\n\r\n\r\n\r\n<p><strong class=\"privacy-policy-tutorial\"><\/strong>Bu sitede bir hesab\u0131n\u0131z varsa veya yorum b\u0131rakt\u0131ysan\u0131z, bize sa\u011flad\u0131\u011f\u0131n\u0131z veriler de dahil olmak \u00fczere hakk\u0131n\u0131zda tuttu\u011fumuz ki\u015fisel verilerin d\u0131\u015fa aktar\u0131lm\u0131\u015f bir dosyas\u0131n\u0131 talep edebilirsiniz. Ayr\u0131ca hakk\u0131n\u0131zda tuttu\u011fumuz t\u00fcm ki\u015fisel verileri silmemizi de talep edebilirsiniz. Bu, idari, yasal veya g\u00fcvenlik ama\u00e7lar\u0131 i\u00e7in saklamak zorunda oldu\u011fumuz verileri i\u00e7ermez.<\/p>\r\n\r\n\r\n\r\n<h2 class=\"wp-block-heading\">Verilerim nereye g\u00f6nderilecek?<\/h2>\r\n\r\n\r\n\r\n<p><strong class=\"privacy-policy-tutorial\"><\/strong>Ziyaret\u00e7i yorumlar\u0131 otomatik bir spam tespit servisi taraf\u0131ndan kontrol edilebilir.<\/p>","protected":false},"excerpt":{"rendered":"Who are we? Our site address is\uff1ahttp:\/\/hdktools.com Reviews When visitors leave comments, we collect the data shown in the comments form, along with the visitor&#8217;s IP address and browser User-Agent strin1g to help spam detection2. An anonymized string created from your email address (also called a hash) may be provided to the Gravatar service to [&hellip;]","protected":false},"author":1,"featured_media":0,"parent":0,"menu_order":0,"comment_status":"closed","ping_status":"open","template":"","meta":{"_monsterinsights_skip_tracking":false,"_monsterinsights_sitenote_active":false,"_monsterinsights_sitenote_note":"","_monsterinsights_sitenote_category":0,"footnotes":""},"class_list":["post-3","page","type-page","status-publish","hentry"],"blocksy_meta":[],"aioseo_notices":[],"_links":{"self":[{"href":"https:\/\/hdktools.com\/tr\/wp-json\/wp\/v2\/pages\/3","targetHints":{"allow":["GET"]}}],"collection":[{"href":"https:\/\/hdktools.com\/tr\/wp-json\/wp\/v2\/pages"}],"about":[{"href":"https:\/\/hdktools.com\/tr\/wp-json\/wp\/v2\/types\/page"}],"author":[{"embeddable":true,"href":"https:\/\/hdktools.com\/tr\/wp-json\/wp\/v2\/users\/1"}],"replies":[{"embeddable":true,"href":"https:\/\/hdktools.com\/tr\/wp-json\/wp\/v2\/comments?post=3"}],"version-history":[{"count":0,"href":"https:\/\/hdktools.com\/tr\/wp-json\/wp\/v2\/pages\/3\/revisions"}],"wp:attachment":[{"href":"https:\/\/hdktools.com\/tr\/wp-json\/wp\/v2\/media?parent=3"}],"curies":[{"name":"wp","href":"https:\/\/api.w.org\/{rel}","templated":true}]}}