{"id":223,"date":"2024-01-22T09:28:19","date_gmt":"2024-01-22T01:28:19","guid":{"rendered":"https:\/\/hdktools.com\/?page_id=223"},"modified":"2024-08-22T17:09:53","modified_gmt":"2024-08-22T09:09:53","slug":"home-test","status":"publish","type":"page","link":"https:\/\/hdktools.com\/tr\/home-test\/","title":{"rendered":"home-test"},"content":{"rendered":"<div class=\"handerk-content\">\r\n\t<div class=\"home-zs\">\r\n\t\t<img decoding=\"async\" style=\"width: 100%;\" src=\"\/images\/home-zs.png\" \/>\r\n\t<\/div>\r\n\t<div class=\"home-p1 swiper swiper-home-banner\">\r\n\t\t<div class=\"swiper-wrapper\">\r\n\t\t\t<div class=\"swiper-slide\">\r\n\t\t\t\t<img decoding=\"async\" class=\"mobile_show\" src=\"\/images\/home-banner-01-m.jpg\" \/>\r\n\t\t\t\t<img decoding=\"async\" class=\"pc_show\" src=\"http:\/\/hdktools.com\/wp-content\/uploads\/2023\/12\/2-\u62f7\u8d1d-1.jpg\" \/>\r\n\t\t\t\t<div class=\"banner-context\" style=\"display: none;\">\r\n\t\t\t\t\t<h1 class=\"banner-title\">\u00d6NCE HANDERK'I D\u00dc\u015e\u00dcN\u00dcN<\/h1>\r\n\t\t\t\t\t<div class=\"banner-text\">Tamamen stoklanm\u0131\u015f ve sat\u0131n ald\u0131\u011f\u0131n\u0131z g\u00fcn g\u00f6nderilmeye haz\u0131r 180.000'den fazla farkl\u0131 kesici tak\u0131m sunuyoruz.<\/div>\r\n\t\t\t\t\t<div class=\"banner-link\">\u015eimdi G\u00f6zat<\/div>\r\n\t\t\t\t<\/div>\r\n\t\t\t<\/div>\r\n\t\t\t<div class=\"swiper-slide style02\">\r\n\t\t\t\t<img decoding=\"async\" class=\"mobile_show\" src=\"\/images\/home-banner-02-m.jpg\" \/>\r\n\t\t\t\t<img decoding=\"async\" class=\"pc_show\" src=\"http:\/\/hdktools.com\/wp-content\/uploads\/2023\/12\/1-\u62f7\u8d1d-1.jpg\" \/>\r\n\t\t\t\t<div class=\"banner-context\" style=\"display: none;\">\r\n\t\t\t\t\t<div class=\"banner-text\">HASSASI\u0307YET TUTKUSU<\/div>\r\n\t\t\t\t\t<div class=\"banner-text03\">ST SER\u0130S\u0130<\/div>\r\n\t\t\t\t\t<div class=\"banner-title\">Y\u00dcKSEK SERTLIKTEKI MALZEMELER I\u00c7IN \u00c7\u00d6Z\u00dcM<\/div>\r\n\t\t\t\t\t<div class=\"banner-text banner-text-m\">GENEL KULLANIM \/ DE\u011eI\u015eKEN SARMAL<\/div>\r\n\t\t\t\t\t<div class=\"banner-link\">\u015eimdi \u0130ncele<\/div>\r\n\t\t\t\t<\/div>\r\n\t\t\t<\/div>\r\n\t\t\t<div class=\"swiper-slide style03\">\r\n\t\t\t\t<img decoding=\"async\" class=\"mobile_show\" src=\"\/images\/home-banner-03-m.jpg\" \/>\r\n\t\t\t\t<img decoding=\"async\" class=\"pc_show\" src=\"http:\/\/hdktools.com\/wp-content\/uploads\/2023\/12\/3-\u62f7\u8d1d.jpg\" \/>\r\n\t\t\t\t<div class=\"banner-context\" style=\"display: none;\">\r\n\t\t\t\t\t<h2 class=\"banner-title\">\u00d6ZEL ALETLER UYGUN UYGULAMA<\/h2>\r\n\t\t\t\t\t<div class=\"banner-text\">Aleti m\u00fckemmel bir \u015fekilde kullanmak i\u00e7in, i\u015f par\u00e7as\u0131na g\u00f6re teknik \u00e7izim yap\u0131lmas\u0131n\u0131 destekliyoruz. Uygun bir alet elde etmek i\u00e7in t\u00fcm \u00fcretim s\u00fcresi sadece 7-10 g\u00fcnd\u00fcr.<\/div>\r\n\t\t\t\t\t<div class=\"banner-link\">OEM&amp;ODM \u015eimdi<\/div>\r\n\t\t\t\t<\/div>\r\n\t\t\t<\/div>\r\n\t\t<\/div>\r\n\t\t<!-- \u5982\u679c\u9700\u8981\u5206\u9875\u5668 -->\r\n\t\t<div class=\"swiper-pagination\"><\/div>\r\n\t<\/div>\r\n\t<div class=\"home-p2\">\r\n\t\t<div class=\"p2-con\">\r\n\t\t\t<div class=\"p2-left\">\r\n\t\t\t\t<h2 class=\"p2-title\">\u00dcr\u00fcn Bilgileri<\/h2>\r\n\t\t\t\t<div class=\"p2-swiper\">\r\n\t\t\t\t\t<div class=\"swiper swiper-home-p2\">\r\n\t\t\t\t\t\t<div class=\"swiper-wrapper\">\r\n\t\t\t\t\t\t\t<div class=\"swiper-slide\">\r\n\t\t\t\t\t\t\t\t<img decoding=\"async\" src=\"\/images\/home-p2-01-m.png\" class=\"mobile_show\">\r\n\t\t\t\t\t\t\t\t<img decoding=\"async\" src=\"http:\/\/hdktools.com\/wp-content\/uploads\/2023\/12\/home-p2-01.png\" class=\"pc_show\">\r\n\t\t\t\t\t\t\t\t<span>Ala\u015f\u0131m U\u00e7lar<\/span>\r\n\t\t\t\t\t\t\t<\/div>\r\n\t\t\t\t\t\t\t<div class=\"swiper-slide\">\r\n\t\t\t\t\t\t\t\t<img decoding=\"async\" src=\"\/images\/home-p2-02-m.png\" class=\"mobile_show\">\r\n\t\t\t\t\t\t\t\t<img decoding=\"async\" src=\"http:\/\/hdktools.com\/wp-content\/uploads\/2023\/12\/home-p2-02.png\" class=\"pc_show\">\r\n\t\t\t\t\t\t\t\t<span>Ala\u015f\u0131ml\u0131 Matkap<\/span>\r\n\t\t\t\t\t\t\t<\/div>\r\n\t\t\t\t\t\t\t<div class=\"swiper-slide\">\r\n\t\t\t\t\t\t\t\t<img decoding=\"async\" src=\"\/images\/home-p2-03-m.png\" class=\"mobile_show\">\r\n\t\t\t\t\t\t\t\t<img decoding=\"async\" src=\"http:\/\/hdktools.com\/wp-content\/uploads\/2023\/12\/home-p2-03.png\" class=\"pc_show\">\r\n\t\t\t\t\t\t\t\t<span>Ala\u015f\u0131m Freze Kesici<\/span>\r\n\t\t\t\t\t\t\t<\/div>\r\n\t\t\t\t\t\t\t<div class=\"swiper-slide\">\r\n\t\t\t\t\t\t\t\t<img decoding=\"async\" src=\"\/images\/home-p2-01-m.png\" class=\"mobile_show\">\r\n\t\t\t\t\t\t\t\t<img decoding=\"async\" src=\"http:\/\/hdktools.com\/wp-content\/uploads\/2023\/12\/home-p2-01.png\" class=\"pc_show\">\r\n\t\t\t\t\t\t\t\t<span>Ala\u015f\u0131m U\u00e7lar<\/span>\r\n\t\t\t\t\t\t\t<\/div>\r\n\t\t\t\t\t\t\t<div class=\"swiper-slide\">\r\n\t\t\t\t\t\t\t\t<img decoding=\"async\" src=\"\/images\/home-p2-02-m.png\" class=\"mobile_show\">\r\n\t\t\t\t\t\t\t\t<img decoding=\"async\" src=\"http:\/\/hdktools.com\/wp-content\/uploads\/2023\/12\/home-p2-02.png\" class=\"pc_show\">\r\n\t\t\t\t\t\t\t\t<span>Ala\u015f\u0131ml\u0131 Matkap<\/span>\r\n\t\t\t\t\t\t\t<\/div>\r\n\t\t\t\t\t\t\t<div class=\"swiper-slide\">\r\n\t\t\t\t\t\t\t\t<img decoding=\"async\" src=\"\/images\/home-p2-03-m.png\" class=\"mobile_show\">\r\n\t\t\t\t\t\t\t\t<img decoding=\"async\" src=\"http:\/\/hdktools.com\/wp-content\/uploads\/2023\/12\/home-p2-03.png\" class=\"pc_show\">\r\n\t\t\t\t\t\t\t\t<span>Ala\u015f\u0131m Freze Kesici<\/span>\r\n\t\t\t\t\t\t\t<\/div>\r\n\t\t\t\t\t\t<\/div>\r\n\t\t\t\t\t\t<div class=\"swiper-pagination\"><\/div>\r\n\t\t\t\t\t<\/div>\r\n\t\t\t\t<\/div>\r\n\t\t\t<\/div>\r\n\t\t\t<div class=\"p2-right\">\r\n\t\t\t\t<div class=\"p2-title\">Kategori<\/div>\r\n\t\t\t\t<a href=\"\/tr\/\">\r\n\t\t\t\t\t<div class=\"p2-list\">\r\n\t\t\t\t\t\t<div class=\"p2-list-left\">\r\n\t\t\t\t\t\t\t<img decoding=\"async\" src=\"http:\/\/hdktools.com\/wp-content\/uploads\/2023\/12\/home-category-01.png\">\r\n\t\t\t\t\t\t<\/div>\r\n\t\t\t\t\t\t<div class=\"p2-list-right\">\r\n\t\t\t\t\t\t\t<div>Ala\u015f\u0131m U\u00e7lar<\/div>\r\n\t\t\t\t\t\t\t<img decoding=\"async\" src=\"\/images\/icon-right.png\" border=\"0\">\r\n\t\t\t\t\t\t<\/div>\r\n\t\t\t\t\t<\/div>\r\n\t\t\t\t<\/a>\r\n\t\t\t\t<a href=\"\/tr\/\">\r\n\t\t\t\t\t<div class=\"p2-list\">\r\n\t\t\t\t\t\t<div class=\"p2-list-left\">\r\n\t\t\t\t\t\t\t<img decoding=\"async\" src=\"http:\/\/hdktools.com\/wp-content\/uploads\/2023\/12\/home-category-02.png\">\r\n\t\t\t\t\t\t<\/div>\r\n\t\t\t\t\t\t<div class=\"p2-list-right\">\r\n\t\t\t\t\t\t\t<div>Ala\u015f\u0131ml\u0131 Matkap<\/div>\r\n\t\t\t\t\t\t\t<img decoding=\"async\" src=\"\/images\/icon-right.png\" border=\"0\">\r\n\t\t\t\t\t\t<\/div>\r\n\t\t\t\t\t<\/div>\r\n\t\t\t\t<\/a>\r\n\t\t\t\t<a href=\"\/tr\/\">\r\n\t\t\t\t\t<div class=\"p2-list\">\r\n\t\t\t\t\t\t<div class=\"p2-list-left\">\r\n\t\t\t\t\t\t\t<img decoding=\"async\" src=\"http:\/\/hdktools.com\/wp-content\/uploads\/2023\/12\/home-category-03.png\">\r\n\t\t\t\t\t\t<\/div>\r\n\t\t\t\t\t\t<div class=\"p2-list-right\">\r\n\t\t\t\t\t\t\t<div>Ala\u015f\u0131m Freze Kesici<\/div>\r\n\t\t\t\t\t\t\t<img decoding=\"async\" src=\"\/images\/icon-right.png\" border=\"0\">\r\n\t\t\t\t\t\t<\/div>\r\n\t\t\t\t\t<\/div>\r\n\t\t\t\t<\/a>\r\n\t\t\t\t<a href=\"\/tr\/\">\r\n\t\t\t\t\t<div class=\"p2-list-pdf\">\r\n\t\t\t\t\t\t<img decoding=\"async\" src=\"\/images\/icon-pdf.png\" border=\"0\">\r\n\t\t\t\t\t\t<div>\u0130ndir PDF<\/div>\t\t\t\t\t\t\t\r\n\t\t\t\t\t<\/div>\r\n\t\t\t\t<\/a>\r\n\t\t\t<\/div>\r\n\t\t<\/div>\r\n\r\n\t\t<div class=\"p3-con\">\r\n\t\t\t<div class=\"p3-left\">\r\n\t\t\t\t<div class=\"title\">\u00d6zelle\u015ftirme Se\u00e7enekleri Parmaklar\u0131n\u0131z\u0131n Ucunda<\/div>\r\n\t\t\t\t<div class=\"text\">\u00d6zelle\u015ftirme se\u00e7enekleri k\u00fct\u00fcphanemize g\u00f6z at\u0131n. Sonsuz \u00f6zelle\u015ftirme ayarlar\u0131 sa\u011flayarak m\u00fc\u015fterilerimizin masaya nas\u0131l \u00e7\u00f6z\u00fcmler getirdi\u011fini anl\u0131yoruz.<\/div>\r\n\t\t\t\t<div class=\"text\">Hedeflerinize ula\u015fman\u0131za yard\u0131mc\u0131 olmak i\u00e7in sonsuz olanaklar sunuyoruz. Sekt\u00f6r uzmanlar\u0131m\u0131z\u0131n deste\u011fiyle parlak fikirlerinizden asla \u00f6d\u00fcn vermeyece\u011fiz.<\/div>\r\n\t\t\t\t<a href=\"#\"><div class=\"link\">Tasar\u0131m\u0131n\u0131z\u0131 ve Gereksinimlerinizi G\u00f6nderin<\/div><\/a>\t\t\t\t\r\n\t\t\t<\/div>\r\n\t\t\t<div class=\"p3-right\">\r\n\t\t\t\t<div class=\"p3-list active\">\r\n\t\t\t\t\t<img decoding=\"async\" src=\"http:\/\/hdktools.com\/wp-content\/uploads\/2023\/12\/\u672a\u6807\u9898-1-\u62f7\u8d1d2-1.jpg\">\r\n\t\t\t\t\t<div class=\"p3-title\">Malzeme<\/div>\r\n\t\t\t\t\t<div class=\"p3-context\">\r\n\t\t\t\t\t\t<div class=\"p3-con01\">\r\n\t\t\t\t\t\t\t<span class=\"title\">Malzeme &gt;<\/span>\r\n\t\t\t\t\t\t\t<span class=\"text\">Mevcut \u00fcretimde yayg\u0131n olarak kullan\u0131lan tak\u0131m malzemeleri \u00e7o\u011funlukla HSS ve karb\u00fcrd\u00fcr. Karbon tak\u0131m \u00e7eli\u011fi ve tak\u0131m \u00e7eli\u011fi, zay\u0131f \u0131s\u0131 direnci nedeniyle yaln\u0131zca manuel veya d\u00fc\u015f\u00fck kesme h\u0131zl\u0131 tak\u0131mlar i\u00e7in kullan\u0131l\u0131r.<\/span>\r\n\t\t\t\t\t\t<\/div>\r\n\t\t\t\t\t\t<div class=\"p3-con02\">\r\n\t\t\t\t\t\t\t<a href=\"#\" class=\"right-link\"><img decoding=\"async\" src=\"\/images\/p3-icon.png\"><\/a>\t\t\t\t\r\n\t\t\t\t\t\t<\/div>\r\n\t\t\t\t\t<\/div>\t\t\t\t\t\r\n\t\t\t\t<\/div>\r\n\t\t\t\t<div class=\"p3-list\">\r\n\t\t\t\t\t<img decoding=\"async\" src=\"http:\/\/hdktools.com\/wp-content\/uploads\/2023\/12\/\u672a\u6807\u9898-1-\u62f7\u8d1d3-1.jpg\">\r\n\t\t\t\t\t<div class=\"p3-title\">Boyut<\/div>\r\n\t\t\t\t\t<div class=\"p3-context\">\r\n\t\t\t\t\t\t<div class=\"p3-con01\">\r\n\t\t\t\t\t\t\t<span class=\"title\">Boyut &gt;<\/span>\r\n\t\t\t\t\t\t\t<span class=\"text\">Mevcut \u00fcretimde yayg\u0131n olarak kullan\u0131lan tak\u0131m malzemeleri \u00e7o\u011funlukla HSS ve karb\u00fcrd\u00fcr. Karbon tak\u0131m \u00e7eli\u011fi ve tak\u0131m \u00e7eli\u011fi, zay\u0131f \u0131s\u0131 direnci nedeniyle yaln\u0131zca manuel veya d\u00fc\u015f\u00fck kesme h\u0131zl\u0131 tak\u0131mlar i\u00e7in kullan\u0131l\u0131r.<\/span>\r\n\t\t\t\t\t\t<\/div>\r\n\t\t\t\t\t\t<div class=\"p3-con02\">\r\n\t\t\t\t\t\t\t<a href=\"#\" class=\"right-link\"><img decoding=\"async\" src=\"\/images\/p3-icon.png\"><\/a>\t\t\t\t\r\n\t\t\t\t\t\t<\/div>\r\n\t\t\t\t\t<\/div>\t\r\n\t\t\t\t<\/div>\r\n\t\t\t\t<div class=\"p3-list\">\r\n\t\t\t\t\t<img decoding=\"async\" src=\"http:\/\/hdktools.com\/wp-content\/uploads\/2023\/12\/\u672a\u6807\u9898-1-\u62f7\u8d1d-1.jpg\">\r\n\t\t\t\t\t<div class=\"p3-title\">Kaplama<\/div>\r\n\t\t\t\t\t<div class=\"p3-context\">\r\n\t\t\t\t\t\t<div class=\"p3-con01\">\r\n\t\t\t\t\t\t\t<span class=\"title\">Kaplama &gt;<\/span>\r\n\t\t\t\t\t\t\t<span class=\"text\">Mevcut \u00fcretimde yayg\u0131n olarak kullan\u0131lan tak\u0131m malzemeleri \u00e7o\u011funlukla HSS ve karb\u00fcrd\u00fcr. Karbon tak\u0131m \u00e7eli\u011fi ve tak\u0131m \u00e7eli\u011fi, zay\u0131f \u0131s\u0131 direnci nedeniyle yaln\u0131zca manuel veya d\u00fc\u015f\u00fck kesme h\u0131zl\u0131 tak\u0131mlar i\u00e7in kullan\u0131l\u0131r.<\/span>\r\n\t\t\t\t\t\t<\/div>\r\n\t\t\t\t\t\t<div class=\"p3-con02\">\r\n\t\t\t\t\t\t\t<a href=\"#\" class=\"right-link\"><img decoding=\"async\" src=\"\/images\/p3-icon.png\"><\/a>\t\t\t\t\r\n\t\t\t\t\t\t<\/div>\r\n\t\t\t\t\t<\/div>\r\n\t\t\t\t<\/div>\r\n\t\t\t\t<div class=\"p3-list\">\r\n\t\t\t\t\t<img decoding=\"async\" src=\"http:\/\/hdktools.com\/wp-content\/uploads\/2023\/12\/\u672a\u6807\u9898-1-\u62f7\u8d1d4-1.jpg\">\r\n\t\t\t\t\t<div class=\"p3-title\">OEM<\/div>\r\n\t\t\t\t\t<div class=\"p3-context\">\r\n\t\t\t\t\t\t<div class=\"p3-con01\">\r\n\t\t\t\t\t\t\t<span class=\"title\">OEM &gt;<\/span>\r\n\t\t\t\t\t\t\t<span class=\"text\">Mevcut \u00fcretimde yayg\u0131n olarak kullan\u0131lan tak\u0131m malzemeleri \u00e7o\u011funlukla HSS ve karb\u00fcrd\u00fcr. Karbon tak\u0131m \u00e7eli\u011fi ve tak\u0131m \u00e7eli\u011fi, zay\u0131f \u0131s\u0131 direnci nedeniyle yaln\u0131zca manuel veya d\u00fc\u015f\u00fck kesme h\u0131zl\u0131 tak\u0131mlar i\u00e7in kullan\u0131l\u0131r.<\/span>\r\n\t\t\t\t\t\t<\/div>\r\n\t\t\t\t\t\t<div class=\"p3-con02\">\r\n\t\t\t\t\t\t\t<a href=\"#\" class=\"right-link\"><img decoding=\"async\" src=\"\/images\/p3-icon.png\"><\/a>\t\t\t\t\r\n\t\t\t\t\t\t<\/div>\r\n\t\t\t\t\t<\/div>\r\n\t\t\t\t<\/div>\r\n\t\t\t<\/div>\r\n\t\t<\/div>\r\n\t<\/div>\r\n\t<div class=\"home-p3\">\t\t\r\n\t\t<div class=\"p4-con\">\r\n\t\t\t<div class=\"about-context\">\r\n\t\t\t\t<div>\r\n\t\t\t\t\t<div class=\"title\">\r\n\t\t\t\t\t\t<hr>Hakk\u0131m\u0131zda\r\n\t\t\t\t\t<\/div>\r\n\t\t\t\t\t<img decoding=\"async\" src=\"http:\/\/hdktools.com\/wp-content\/uploads\/2023\/12\/logo.png\">\r\n\t\t\t\t\t<div class=\"text\">2000 y\u0131l\u0131nda kurulan HANDERK, Frezeler, Matkaplar ve U\u00e7lar \u00fcreten bir Kat\u0131 Karb\u00fcr Kesici Tak\u0131m \u00fcreticisidir. <\/div>\r\n\t\t\t\t\t<div class=\"text\">HANDERK'in bug\u00fcne kadar 30 milyon USD'lik bir y\u0131ll\u0131k varl\u0131\u011f\u0131, toplam 6.000\u33a1 alana sahip \u00fc\u00e7 \u015fube fabrikas\u0131 ve 120'den fazla \u00e7al\u0131\u015fan\u0131 bulunmaktad\u0131r. SAGE, WALTER ve ANCA dahil olmak \u00fczere 160 set yerli ve ithal ekipman, her g\u00fcn 180.000 adet farkl\u0131 stok sa\u011flamak i\u00e7in s\u0131ras\u0131yla farkl\u0131 \u00fcr\u00fcnler \u00fcretmektedir.<\/div>\r\n\t\t\t\t\t<div class=\"text last-text\">\"\u00dcr\u00fcnler ve hizmetler i\u015fletmenin canl\u0131l\u0131\u011f\u0131d\u0131r\" inanc\u0131na ba\u011fl\u0131 kalarak HANDERK, m\u00fc\u015fterilerin ve pazar\u0131n ihtiya\u00e7lar\u0131n\u0131 anlamaya devam ediyor, ekibin teknik yap\u0131s\u0131n\u0131 g\u00fc\u00e7lendiriyor, \u00fcretim teknolojisi, \u00fcretim ve \u00fcretim s\u00fcrecinin g\u00fcc\u00fcn\u00fc art\u0131r\u0131yor ve profesyonelli\u011fimizi ve yenilik\u00e7ilik yeteneklerimizi geli\u015ftirmek i\u00e7in aktif olarak yeni \u00fcr\u00fcnler geli\u015ftiriyor. Y\u00fcksek kaliteli \u00fcr\u00fcnler ve teknik \u00e7\u00f6z\u00fcmler sunman\u0131n yan\u0131 s\u0131ra, ortak geli\u015fim ve kazan-kazan i\u015fbirli\u011fi elde etmek i\u00e7in ortaklar\u0131m\u0131za daha fazla i\u015f yard\u0131m\u0131 sa\u011flamay\u0131 umuyoruz.<\/div>\r\n\t\t\t\t<\/div>\r\n\t\t\t<\/div>\r\n\t\t<\/div>\r\n\t\t<div class=\"p5-con\">\r\n\t\t\t<div class=\"title\">Tek Noktadan \u00c7\u00f6z\u00fcm Hizmeti<\/div>\r\n\t\t\t<div class=\"p5-01\">\r\n\t\t\t\t<div class=\"p5-list\">\r\n\t\t\t\t\t<img decoding=\"async\" src=\"http:\/\/hdktools.com\/wp-content\/uploads\/2023\/12\/\u672a\u6807\u9898-1-\u62f7\u8d1d4.jpg\" class=\"p5-img\">\r\n\t\t\t\t\t<div class=\"p5-title\"><span>T\u00fcm \u00c7aplar i\u00e7in Bir<\/span><\/div>\r\n\t\t\t\t\t<div class=\"p5-context\">\r\n\t\t\t\t\t\t<div class=\"title\">T\u00fcm \u00c7aplar i\u00e7in Bir<\/div>\r\n\t\t\t\t\t\t<div class=\"text\">SAGE, Beiping, DJTOL, ithal ANCA, WALTER dahil 160 makine, her boyutun mevcut oldu\u011fundan emin olmak i\u00e7in g\u00fcnde 24 saat \u00e7al\u0131\u015fmaya devam ediyor. Metrik boyut 0,2 ila 20 mm, in\u00e7 boyutu 1\/8 ila 1\/2, s\u0131k\u0131 denetimden sonra hepsi stokta haz\u0131r.<\/div>\r\n\t\t\t\t\t<\/div>\r\n\t\t\t\t<\/div>\r\n\t\t\t\t<div class=\"p5-list\">\r\n\t\t\t\t\t<img decoding=\"async\" src=\"http:\/\/hdktools.com\/wp-content\/uploads\/2023\/12\/\u672a\u6807\u9898-1-\u62f7\u8d1d2-2.jpg\" class=\"p5-img\">\r\n\t\t\t\t\t<div class=\"p5-title\"><span>Herkes \u0130\u00e7in Bir Uygulama<\/span><\/div>\r\n\t\t\t\t\t<div class=\"p5-context\">\r\n\t\t\t\t\t\t<div class=\"title\">Herkes \u0130\u00e7in Bir Uygulama<\/div>\r\n\t\t\t\t\t\t<div class=\"text\">HANDERK, Tungsten Karb\u00fcr \u00c7ubuk \u00fcreticileri ile derinlemesine i\u015fbirli\u011fi yapar, aletin ger\u00e7ek \u00e7al\u0131\u015fma ko\u015fullar\u0131na g\u00f6re farkl\u0131 hammadde kalitesi kullan\u0131r, genel olarak HRC65 \/ HRC45 alt\u0131ndaki i\u015f par\u00e7as\u0131 i\u00e7in stok kullan\u0131r, orta ve y\u00fcksek h\u0131zda malzemelerin yar\u0131 ince ve ince frezeleme veya delme i\u00e7in kalite (HRC48-55), \u0131s\u0131l i\u015flem g\u00f6rm\u00fc\u015f \u00e7eli\u011fin kaba i\u015fleme ve yar\u0131 ince frezeleme i\u00e7in kalite ...<\/div>\r\n\t\t\t\t\t<\/div>\r\n\t\t\t\t<\/div>\r\n\t\t\t\t<div class=\"p5-list\">\r\n\t\t\t\t\t<img decoding=\"async\" src=\"http:\/\/hdktools.com\/wp-content\/uploads\/2023\/12\/\u672a\u6807\u9898-1-\u62f7\u8d1d.jpg\" class=\"p5-img\">\r\n\t\t\t\t\t<div class=\"p5-title\"><span>One For All Coatings<\/span><\/div>\r\n\t\t\t\t\t<div class=\"p5-context\">\r\n\t\t\t\t\t\t<div class=\"title\">One For All Coatings<\/div>\r\n\t\t\t\t\t\t<div class=\"text\">Kaplama merkezimiz \u0130svi\u00e7re'den PLATIT katodik ark buharla\u015ft\u0131rma yarma kaplama makinelerini kullan\u0131yor, farkl\u0131 kesme ko\u015fullar\u0131 alt\u0131nda, daha uzun tak\u0131m \u00f6mr\u00fc i\u00e7in TiAlN, TiSiN, ALCRN, DLC ... gibi \u00e7e\u015fitli kaplamalar uyguluyoruz.<\/div>\r\n\t\t\t\t\t<\/div>\r\n\t\t\t\t<\/div>\r\n\t\t\t\t<div class=\"p5-list\">\r\n\t\t\t\t\t<img decoding=\"async\" src=\"http:\/\/hdktools.com\/wp-content\/uploads\/2023\/12\/\u672a\u6807\u9898-1-\u62f7\u8d1d3.jpg\" class=\"p5-img\">\r\n\t\t\t\t\t<div class=\"p5-title\"><span>Kesintisiz \u0130novasyon<\/span><\/div>\r\n\t\t\t\t\t<div class=\"p5-context\">\r\n\t\t\t\t\t\t<div class=\"title\">Kesintisiz \u0130novasyon<\/div>\r\n\t\t\t\t\t\t<div class=\"text\">G\u00fc\u00e7l\u00fc RaD ekibimizle, yeni geli\u015ftirme ve s\u00fcrekli iyile\u015ftirme asla durdurulmaz. Kat\u0131 Karb\u00fcr kesici tak\u0131mlar end\u00fcstrisinde \u00fcretim teknolojisini ara\u015ft\u0131rmaya adad\u0131k.<\/div>\r\n\t\t\t\t\t<\/div>\r\n\t\t\t\t<\/div>\r\n\t\t\t<\/div>\r\n\t\t<\/div>\r\n\t<\/div>\r\n\t<div class=\"home-p4\">\r\n\t\t<div class=\"p6-con\">\r\n\t\t\t<div class=\"p6-title\">Haberler &amp; Sergi<\/div>\r\n\t\t\t<div class=\"p6-context\">\r\n\t\t\t\t<div class=\"p6-left-p\">\r\n\t\t\t\t\t<div><span class=\"fa fa-angle-left\"><\/span><\/div>\r\n\t\t\t\t<\/div>\r\n\t\t\t\t<div class=\"p6-center swiper swiper-home-news\">\r\n\t\t\t\t\t<div class=\"swiper-wrapper\">\r\n\t\t\t\t\t\t<div class=\"swiper-slide\">\r\n\t\t\t\t\t\t\t<img decoding=\"async\" src=\"\/images\/home-p6-01.png\">\r\n\t\t\t\t\t\t\t<div class=\"p6-swiper-title\">SERG\u0130<\/div>\r\n\t\t\t\t\t\t\t<div class=\"p6-swiper-con\">\r\n\t\t\t\t\t\t\t\tFransaLa Roche-sur-Foron\r\n\t\t\t\t\t\t\t\t<div>4-8 Mart 2024<\/div>\r\n\t\t\t\t\t\t\t<\/div>\r\n\t\t\t\t\t\t<\/div>\r\n\t\t\t\t\t\t<div class=\"swiper-slide\">\r\n\t\t\t\t\t\t\t<img decoding=\"async\" src=\"\/images\/home-p6-01.png\">\r\n\t\t\t\t\t\t<\/div>\r\n\t\t\t\t\t<\/div>\t\t\t\t\t\r\n\t\t\t\t<\/div>\r\n\t\t\t\t<div class=\"p6-right-n\">\r\n\t\t\t\t\t<div><span class=\"fa fa-angle-right\"><\/span><\/div>\r\n\t\t\t\t<\/div>\r\n\t\t\t\t<div class=\"p6-news\">\r\n\t\t\t\t\t<div class=\"news-title\">HABERLER<\/div>\r\n\t\t\t\t\t<div class=\"news-context\">\r\n\t\t\t\t\t\t<div class=\"news-list\">\r\n\t\t\t\t\t\t\t<div class=\"news-icon\"> N <\/div>\r\n\t\t\t\t\t\t\t<div class=\"news-list-name\"><a href=\"#\">Metrik Boyutta DIN Standartl\u0131 HSS-E YG K\u0131lavuz Tala\u015f K\u0131r\u0131c\u0131y\u0131 Piyasaya S\u00fcr\u00fcyor<\/a><\/div>\t\t\t\t\r\n\t\t\t\t\t\t<\/div>\r\n\t\t\t\t\t\t<div class=\"news-list\">\r\n\t\t\t\t\t\t\t<div class=\"news-icon\"> N <\/div>\r\n\t\t\t\t\t\t\t<div class=\"news-list-name\"><a href=\"#\">Metrik Boyutta DIN Standartl\u0131 HSS-E YG K\u0131lavuz Tala\u015f K\u0131r\u0131c\u0131y\u0131 Piyasaya S\u00fcr\u00fcyor<\/a><\/div>\t\t\t\t\r\n\t\t\t\t\t\t<\/div>\r\n\t\t\t\t\t\t<div class=\"news-list\">\r\n\t\t\t\t\t\t\t<div class=\"news-icon\"> N <\/div>\r\n\t\t\t\t\t\t\t<div class=\"news-list-name\"><a href=\"#\">Metrik Boyutta DIN Standartl\u0131 HSS-E YG K\u0131lavuz Tala\u015f K\u0131r\u0131c\u0131y\u0131 Piyasaya S\u00fcr\u00fcyor<\/a><\/div>\t\t\t\t\r\n\t\t\t\t\t\t<\/div>\r\n\t\t\t\t\t\t<div class=\"news-list\">\r\n\t\t\t\t\t\t\t<div class=\"news-icon\"> N <\/div>\r\n\t\t\t\t\t\t\t<div class=\"news-list-name\"><a href=\"#\">Metrik Boyutta DIN Standartl\u0131 HSS-E YG K\u0131lavuz Tala\u015f K\u0131r\u0131c\u0131y\u0131 Piyasaya S\u00fcr\u00fcyor<\/a><\/div>\t\t\t\t\r\n\t\t\t\t\t\t<\/div>\r\n\t\t\t\t\t\t<div class=\"news-list\">\r\n\t\t\t\t\t\t\t<div class=\"news-icon\"> N <\/div>\r\n\t\t\t\t\t\t\t<div class=\"news-list-name\"><a href=\"#\">Metrik Boyutta DIN Standartl\u0131 HSS-E YG K\u0131lavuz Tala\u015f K\u0131r\u0131c\u0131y\u0131 Piyasaya S\u00fcr\u00fcyor<\/a><\/div>\t\t\t\t\r\n\t\t\t\t\t\t<\/div>\r\n\t\t\t\t\t\t<div class=\"news-list\">\r\n\t\t\t\t\t\t\t<div class=\"news-icon\"> N <\/div>\r\n\t\t\t\t\t\t\t<div class=\"news-list-name\"><a href=\"#\">Metrik Boyutta DIN Standartl\u0131 HSS-E YG K\u0131lavuz Tala\u015f K\u0131r\u0131c\u0131y\u0131 Piyasaya S\u00fcr\u00fcyor<\/a><\/div>\t\t\t\t\r\n\t\t\t\t\t\t<\/div>\r\n\t\t\t\t\t\t<div class=\"news-list\">\r\n\t\t\t\t\t\t\t<div class=\"news-icon\"> N <\/div>\r\n\t\t\t\t\t\t\t<div class=\"news-list-name\"><a href=\"#\">Metrik Boyutta DIN Standartl\u0131 HSS-E YG K\u0131lavuz Tala\u015f K\u0131r\u0131c\u0131y\u0131 Piyasaya S\u00fcr\u00fcyor<\/a><\/div>\t\t\t\t\r\n\t\t\t\t\t\t<\/div>\r\n\t\t\t\t\t<\/div>\r\n\t\t\t\t<\/div>\r\n\t\t\t<\/div>\r\n\t\t<\/div>\r\n\t\t<style>\r\n\t.p7-02>div>div{\r\n\t\t padding: 2.5vw 2.5vw 0;\r\n\t}\r\n<\/style>\r\n<div class=\"p7-con\">\r\n\t\t\t<div class=\"title\">Soru\u015fturma<\/div>\r\n\t\t\t<div class=\"p7-02\">\r\n\t\t\t\t<div>\r\n\t\t\t\t\t<div>\r\n\t\t\t\t\t\t<img decoding=\"async\" src=\"\/images\/p7-icon-01.png\">\r\n\t\t\t\t\t\t<div class=\"list-title\">+86 13815069640<\/div>\r\n\t\t\t\t\t\t<div class=\"text01\">\u00c7al\u0131\u015fma Saatleri: 8:00am-6:00pm<\/div>\r\n\t\t\t\t\t\t<a href=\"\/tr\/contact\/\"><div class=\"bnt bnt02\">*Teknik Sorgulama<\/div><\/a>\r\n\t\t\t\t\t<\/div>\r\n\t\t\t\t<\/div>\r\n\t\t\t\t<div style=\"background-color: #D62418; color: #fff;\">\r\n\t\t\t\t\t<div>\r\n\t\t\t\t\t\t<img decoding=\"async\" src=\"\/images\/p7-icon-02.png\">\r\n\t\t\t\t\t\t<div class=\"list-title\">\u00c7e\u015fitli Sorgular<\/div>\r\n\t\t\t\t\t\t<!-- <a href=\"mailto:sherry@hdktool.com\"><div class=\"bnt bnt01\">Inquiry Form<\/div><\/a> -->\r\n\t\t\t\t\t\t<div class=\"bnt bnt01 shane-popup\">Sorgulama Formu<\/div>\r\n\t\t\t\t\t<\/div>\r\n\t\t\t\t<\/div>\r\n\t\t\t\t<div>\r\n\t\t\t\t\t<div>\r\n\t\t\t\t\t\t<img decoding=\"async\" src=\"\/images\/p7-icon-03.png\">\r\n\t\t\t\t\t\t<div class=\"list-title\">E-posta Dergisi Kayd\u0131<\/div>\r\n\t\t\t\t\t\t<div class=\"bnt bnt02 shane-popup\">Kaydolun<\/div>\r\n\t\t\t\t\t<\/div>\r\n\t\t\t\t<\/div>\r\n\t\t\t<\/div>\r\n\t\t<\/div>\r\n\t<\/div>\r\n<\/div>","protected":false},"excerpt":{"rendered":"THINK HANDERK FIRST We offer more than 180,000 different cutting tools that are fully stocked and ready to ship on the day of your purchase. Browse Now PASSION FOR PRECISION ST SERIE SOLUTION FOR HIGH HARDNESS MATERIAL GENERAL USING \/ VARIABLE HELIX Review Now SPECIAL TOOLS PROPER PPLICATION To use the tool perfectly, we support [&hellip;]","protected":false},"author":3,"featured_media":0,"parent":0,"menu_order":0,"comment_status":"closed","ping_status":"closed","template":"single-page-full.php","meta":{"_monsterinsights_skip_tracking":false,"_monsterinsights_sitenote_active":false,"_monsterinsights_sitenote_note":"","_monsterinsights_sitenote_category":0,"footnotes":""},"class_list":["post-223","page","type-page","status-publish","hentry"],"blocksy_meta":[],"aioseo_notices":[],"_links":{"self":[{"href":"https:\/\/hdktools.com\/tr\/wp-json\/wp\/v2\/pages\/223","targetHints":{"allow":["GET"]}}],"collection":[{"href":"https:\/\/hdktools.com\/tr\/wp-json\/wp\/v2\/pages"}],"about":[{"href":"https:\/\/hdktools.com\/tr\/wp-json\/wp\/v2\/types\/page"}],"author":[{"embeddable":true,"href":"https:\/\/hdktools.com\/tr\/wp-json\/wp\/v2\/users\/3"}],"replies":[{"embeddable":true,"href":"https:\/\/hdktools.com\/tr\/wp-json\/wp\/v2\/comments?post=223"}],"version-history":[{"count":0,"href":"https:\/\/hdktools.com\/tr\/wp-json\/wp\/v2\/pages\/223\/revisions"}],"wp:attachment":[{"href":"https:\/\/hdktools.com\/tr\/wp-json\/wp\/v2\/media?parent=223"}],"curies":[{"name":"wp","href":"https:\/\/api.w.org\/{rel}","templated":true}]}}