{"id":1652,"date":"2025-03-17T19:41:20","date_gmt":"2025-03-17T11:41:20","guid":{"rendered":"https:\/\/hdktools.com\/?page_id=1652"},"modified":"2025-03-17T19:41:20","modified_gmt":"2025-03-17T11:41:20","slug":"faq","status":"publish","type":"page","link":"https:\/\/hdktools.com\/tr\/faq\/","title":{"rendered":"SSS"},"content":{"rendered":"<h2>S1: HDK Tools ne t\u00fcr bir \u015firkettir?<\/h2>\r\n<p>HDK Tools, y\u00fcksek kaliteli Karb\u00fcr Frezeler ve Karb\u00fcr Matkaplar konusunda uzmanla\u015fm\u0131\u015f bir \u00fcretici ve tedarik\u00e7idir. K\u00fcresel m\u00fc\u015fterilere havac\u0131l\u0131k, otomotiv \u00fcretimi ve elektronik i\u015fleme gibi sekt\u00f6rlerde yayg\u0131n olarak kullan\u0131lan y\u00fcksek hassasiyetli, dayan\u0131kl\u0131 kesici tak\u0131mlar sa\u011flamay\u0131 taahh\u00fct ediyoruz.<\/p>\r\n<h2>S2: HDK Tools \u00fcr\u00fcnlerinin avantajlar\u0131 nelerdir?<\/h2>\r\n<p>Y\u00fcksek Hassasiyet: Do\u011fruluk ve tutarl\u0131l\u0131\u011f\u0131 sa\u011flamak i\u00e7in Alman teknolojisi ve geli\u015fmi\u015f ekipman kullan\u0131larak \u00fcretilmi\u015ftir.\r\nUzun Kullan\u0131m \u00d6mr\u00fc: M\u00fckemmel a\u015f\u0131nma direnci ve uzun tak\u0131m \u00f6mr\u00fc i\u00e7in birinci s\u0131n\u0131f karb\u00fcr malzemelerden \u00fcretilmi\u015ftir.\r\n\u00c7e\u015fitli Se\u00e7enekler: \u00c7e\u015fitli i\u015fleme ihtiya\u00e7lar\u0131n\u0131 kar\u015f\u0131lamak i\u00e7in \u00e7ok \u00e7e\u015fitli model ve kaplama se\u00e7enekleri sunar.<\/p>\r\n<h2>S3: HDK Tools'un ana pazarlar\u0131 hangileridir?<\/h2>\r\n<p>Ba\u015fta d\u00fcnya \u00e7ap\u0131nda 80'den fazla \u00fclkeye ihracat yap\u0131yoruz: Rusya, Endonezya, Hindistan, Amerika Birle\u015fik Devletleri, Meksika, Vietnam, Malezya, Tayland ve di\u011fer b\u00f6lgeler<\/p>\r\n\r\n\r\n<h1>2. \u00dcr\u00fcnlerimiz Hakk\u0131nda<\/h1>\r\n<h2>S4: Karb\u00fcr Freze nedir?<\/h2>\r\n<p>Karb\u00fcr Freze, frezeleme i\u015flemleri i\u00e7in, \u00f6zellikle metallerin, plastiklerin ve kompozit malzemelerin i\u015flenmesinde kullan\u0131lan bir kesici tak\u0131md\u0131r. Y\u00fcksek sertli\u011fi ve a\u015f\u0131nma direnci ile bilinir, bu da onu y\u00fcksek hassasiyetli ve y\u00fcksek verimli i\u015fleme i\u00e7in uygun hale getirir.<\/p>\r\n<h2>S5: Karb\u00fcr Matkap nedir?<\/h2>\r\n<p>Karb\u00fcr Matkap, delme i\u00e7in kullan\u0131lan, \u00f6zellikle paslanmaz \u00e7elik ve titanyum ala\u015f\u0131mlar\u0131 gibi sert malzemelerin i\u015flenmesi i\u00e7in uygun bir kesici tak\u0131md\u0131r. Y\u00fcksek s\u0131cakl\u0131k direnci ve m\u00fckemmel a\u015f\u0131nma direnci ile karakterize edilir, y\u00fcksek h\u0131zl\u0131 delme i\u00e7in idealdir.<\/p>\r\n<h2>S6: HDK Tools ne t\u00fcr Frezeler ve Matkaplar sunuyor?<\/h2>\r\n<p>A\u015fa\u011f\u0131dakiler de dahil olmak \u00fczere \u00e7e\u015fitli Frezeler ve Matkaplar sunuyoruz:\r\nFrezeler: D\u00fcz Frezeler, Bilyal\u0131 U\u00e7lu Frezeler, K\u00f6\u015fe Yar\u0131\u00e7apl\u0131 Frezeler, vb.\r\nMatkaplar: Karb\u00fcr Matkaplar, Nokta Matkaplar, B\u00fck\u00fcml\u00fc Matkaplar, vb.<\/p>\r\n<h2>S7: Do\u011fru Frezeyi veya Matkab\u0131 nas\u0131l se\u00e7erim?<\/h2>\r\n<p>Bir Freze veya Matkap se\u00e7erken a\u015fa\u011f\u0131daki fakt\u00f6rleri g\u00f6z \u00f6n\u00fcnde bulundurun:\r\n\u0130\u015flenecek malzeme: \u00c7elik, al\u00fcminyum, titanyum ala\u015f\u0131mlar\u0131 vb.\r\n\u0130\u015fleme t\u00fcr\u00fc: Kaba i\u015fleme, ince i\u015fleme veya derin delik delme gibi.\r\nKaplama se\u00e7enekleri: Farkl\u0131 i\u015fleme ortamlar\u0131 i\u00e7in uygun TiN, TiAlN, DLC kaplamalar gibi.<\/p>\r\n\r\n\r\n<h1>3. Sipari\u015f ve Teslimat Hakk\u0131nda<\/h1>\r\n<h2>S8: HDK Tools'tan nas\u0131l \u00fcr\u00fcn sipari\u015f edebilirim?<\/h2>\r\n<p>A\u015fa\u011f\u0131daki y\u00f6ntemlerle sipari\u015f verebilirsiniz:\r\nOnline Sipari\u015f: \u00dcr\u00fcnlere g\u00f6z atmak ve sipari\u015finizi vermek i\u00e7in www.hdktools.com adresindeki web sitemizi ziyaret edin.\r\nSat\u0131\u015f ile \u0130leti\u015fim: Bize sales@hdktools.com adresinden e-posta g\u00f6nderin veya m\u00fc\u015fteri hizmetleri hatt\u0131m\u0131z\u0131 aray\u0131n.<\/p>\r\n<h2>S9: HDK Tools hangi \u00f6deme y\u00f6ntemlerini destekliyor?<\/h2>\r\n<p>Kredi kart\u0131, banka havalesi ve PayPal dahil olmak \u00fczere birden fazla \u00f6deme y\u00f6ntemini destekliyoruz.<\/p>\r\n<h2>Q10: Teslimat s\u00fcresi ne kadard\u0131r?<\/h2>\r\n<p>Standart \u00dcr\u00fcnler: Genellikle 1-3 i\u015f g\u00fcn\u00fc i\u00e7inde g\u00f6nderilir.\r\n\u00d6zel \u00dcr\u00fcnler: Teslimat s\u00fcresi, gereksinimlerin karma\u015f\u0131kl\u0131\u011f\u0131na ba\u011fl\u0131 olarak 7-10 g\u00fcnd\u00fcr.<\/p>\r\n<h2>S11: HDK Tools uluslararas\u0131 nakliye hizmeti sunuyor mu?<\/h2>\r\n<p>Evet, k\u00fcresel nakliye hizmetleri sa\u011fl\u0131yoruz ve g\u00fcvenli ve zaman\u0131nda teslimat sa\u011flamak i\u00e7in birden fazla uluslararas\u0131 lojistik \u015firketiyle \u00e7al\u0131\u015f\u0131yoruz.<\/p>\r\n\r\n\r\n<h1>4. Sat\u0131\u015f Sonras\u0131 Hizmet Hakk\u0131nda<\/h1>\r\n<h2>S12: HDK Tools m\u00fc\u015fteri hizmetleri ekibine nas\u0131l ula\u015fabilirim?<\/h2>\r\n<p>Bize a\u015fa\u011f\u0131daki y\u00f6ntemlerle ula\u015fabilirsiniz:\r\nE-posta: support@hdktools.com\r\nTelefon numaras\u0131: +86 13815069640<\/p>\r\n<h2>S13: Kusurlu bir \u00fcr\u00fcn al\u0131rsam ne yapmal\u0131y\u0131m?<\/h2>\r\n<p>Kalite sorunlar\u0131 olan bir \u00fcr\u00fcn al\u0131rsan\u0131z, l\u00fctfen hemen m\u00fc\u015fteri hizmetleri ekibimizle ileti\u015fime ge\u00e7in ve sipari\u015f numaran\u0131z\u0131 ve sorunun a\u00e7\u0131klamas\u0131n\u0131 verin. Sorunu m\u00fcmk\u00fcn olan en k\u0131sa s\u00fcrede \u00e7\u00f6zece\u011fiz.<\/p>\r\n\r\n\r\n<h1>5. \u00d6zel Hizmetler Hakk\u0131nda<\/h1>\r\n<h2>S14: HDK Tools \u00f6zel hizmetler sunuyor mu?<\/h2>\r\n<p>Evet, a\u015fa\u011f\u0131dakiler de dahil olmak \u00fczere \u00f6zel hizmetler sunuyoruz:\r\nStandart d\u0131\u015f\u0131 boyutlar: Gereksinimlerinize g\u00f6re \u00f6zel boyutlarda \u00d6zel Frezeler veya Matkaplar.\r\n\u00d6zel kaplamalar: Farkl\u0131 i\u015fleme ortamlar\u0131n\u0131 kar\u015f\u0131lamak i\u00e7in \u00e7e\u015fitli kaplama se\u00e7enekleri.<\/p>\r\n<h2>S15: \u00d6zel \u00fcr\u00fcnler i\u00e7in teslimat s\u00fcresi nedir?<\/h2>\r\n<p>\u00d6zel \u00fcr\u00fcnler i\u00e7in teslimat s\u00fcresi, gereksinimlerin karma\u015f\u0131kl\u0131\u011f\u0131na ba\u011fl\u0131 olarak tipik olarak 7-10 g\u00fcnd\u00fcr.<\/p>","protected":false},"excerpt":{"rendered":"Q1: What kind of company is HDK Tools? HDK Tools is a manufacturer and supplier specializing in high-quality Carbide End Mills and Carbide Drills. We are committed to providing global customers with high-precision, durable cutting tools widely used in industries such as aerospace, automotive manufacturing, and electronics processing. Q2: What are the advantages of HDK [&hellip;]","protected":false},"author":3,"featured_media":0,"parent":0,"menu_order":0,"comment_status":"closed","ping_status":"closed","template":"","meta":{"_monsterinsights_skip_tracking":false,"_monsterinsights_sitenote_active":false,"_monsterinsights_sitenote_note":"","_monsterinsights_sitenote_category":0,"footnotes":""},"class_list":["post-1652","page","type-page","status-publish","hentry"],"blocksy_meta":[],"aioseo_notices":[],"_links":{"self":[{"href":"https:\/\/hdktools.com\/tr\/wp-json\/wp\/v2\/pages\/1652","targetHints":{"allow":["GET"]}}],"collection":[{"href":"https:\/\/hdktools.com\/tr\/wp-json\/wp\/v2\/pages"}],"about":[{"href":"https:\/\/hdktools.com\/tr\/wp-json\/wp\/v2\/types\/page"}],"author":[{"embeddable":true,"href":"https:\/\/hdktools.com\/tr\/wp-json\/wp\/v2\/users\/3"}],"replies":[{"embeddable":true,"href":"https:\/\/hdktools.com\/tr\/wp-json\/wp\/v2\/comments?post=1652"}],"version-history":[{"count":0,"href":"https:\/\/hdktools.com\/tr\/wp-json\/wp\/v2\/pages\/1652\/revisions"}],"wp:attachment":[{"href":"https:\/\/hdktools.com\/tr\/wp-json\/wp\/v2\/media?parent=1652"}],"curies":[{"name":"wp","href":"https:\/\/api.w.org\/{rel}","templated":true}]}}