{"id":1187,"date":"2025-03-04T11:49:59","date_gmt":"2025-03-04T03:49:59","guid":{"rendered":"https:\/\/hdktools.com\/?page_id=1187"},"modified":"2025-03-04T12:29:53","modified_gmt":"2025-03-04T04:29:53","slug":"success","status":"publish","type":"page","link":"https:\/\/hdktools.com\/tr\/success\/","title":{"rendered":"Ba\u015far\u0131"},"content":{"rendered":"<br>\r\n<h1 style=\"text-align: center;\">Ba\u015far\u0131<\/h1>\r\n<p>&nbsp;<\/p>\r\n\r\n<p>&nbsp;<\/p>\r\n\r\n<p>&nbsp;<\/p>\r\n<h2 style=\"text-align: center;\">Sorunuz i\u00e7in te\u015fekk\u00fcr ederiz! Mesaj\u0131n\u0131z\u0131 ald\u0131k ve yak\u0131nda size geri d\u00f6nece\u011fiz.<\/h2>\r\n<p>&nbsp;<\/p>\r\n\r\n<p>&nbsp;<\/p>\r\n\r\n<p>&nbsp;<\/p>\r\n\r\n<p>&nbsp;<\/p>\r\n<br>\r\n<br>\r\n<br>\r\n<br>\r\n<br>\r\n\r\n<p>&nbsp;<\/p>\r\n\r\n<p>&nbsp;<\/p>","protected":false},"excerpt":{"rendered":"Success &nbsp; &nbsp; &nbsp; Thank you for your inquiry! We\u2019ve received your message and will get back to you soon. &nbsp; &nbsp; &nbsp; &nbsp; &nbsp; &nbsp;","protected":false},"author":3,"featured_media":0,"parent":0,"menu_order":0,"comment_status":"closed","ping_status":"closed","template":"single-page-full.php","meta":{"_monsterinsights_skip_tracking":false,"_monsterinsights_sitenote_active":false,"_monsterinsights_sitenote_note":"","_monsterinsights_sitenote_category":0,"footnotes":""},"class_list":["post-1187","page","type-page","status-publish","hentry"],"blocksy_meta":[],"aioseo_notices":[],"_links":{"self":[{"href":"https:\/\/hdktools.com\/tr\/wp-json\/wp\/v2\/pages\/1187","targetHints":{"allow":["GET"]}}],"collection":[{"href":"https:\/\/hdktools.com\/tr\/wp-json\/wp\/v2\/pages"}],"about":[{"href":"https:\/\/hdktools.com\/tr\/wp-json\/wp\/v2\/types\/page"}],"author":[{"embeddable":true,"href":"https:\/\/hdktools.com\/tr\/wp-json\/wp\/v2\/users\/3"}],"replies":[{"embeddable":true,"href":"https:\/\/hdktools.com\/tr\/wp-json\/wp\/v2\/comments?post=1187"}],"version-history":[{"count":0,"href":"https:\/\/hdktools.com\/tr\/wp-json\/wp\/v2\/pages\/1187\/revisions"}],"wp:attachment":[{"href":"https:\/\/hdktools.com\/tr\/wp-json\/wp\/v2\/media?parent=1187"}],"curies":[{"name":"wp","href":"https:\/\/api.w.org\/{rel}","templated":true}]}}