{"id":3,"date":"2023-12-01T09:55:16","date_gmt":"2023-12-01T01:55:16","guid":{"rendered":"http:\/\/hdktools.com\/?page_id=3"},"modified":"2025-03-03T16:56:54","modified_gmt":"2025-03-03T08:56:54","slug":"privacy-policy","status":"publish","type":"page","link":"https:\/\/hdktools.com\/pt\/privacy-policy\/","title":{"rendered":"Pol\u00edtica de privacidade"},"content":{"rendered":"<h2 class=\"wp-block-heading\">Quem somos n\u00f3s?<\/h2>\r\n\r\n\r\n\r\n<p><strong class=\"privacy-policy-tutorial\"><\/strong>O endere\u00e7o do nosso site \u00e9\uff1ahttp:\/\/hdktools.com<\/p>\r\n\r\n\r\n\r\n<h2 class=\"wp-block-heading\">Coment\u00e1rios<\/h2>\r\n\r\n\r\n\r\n<p><strong class=\"privacy-policy-tutorial\"><\/strong>Quando os visitantes deixam coment\u00e1rios, recolhemos os dados apresentados no formul\u00e1rio de coment\u00e1rios, juntamente com o endere\u00e7o IP do visitante e a sequ\u00eancia User-Agent do browser para ajudar na dete\u00e7\u00e3o de spam2.<\/p>\r\n\r\n\r\n\r\n<p>Uma cadeia de caracteres an\u00f3nima criada a partir do seu endere\u00e7o de e-mail (tamb\u00e9m designada por hash) pode ser fornecida ao servi\u00e7o Gravatar para verificar se o est\u00e1 a utilizar. A pol\u00edtica de privacidade do servi\u00e7o Gravatar est\u00e1 dispon\u00edvel aqui1: https:\/\/automattic.com\/privacy\/. Ap\u00f3s a aprova\u00e7\u00e3o do seu coment\u00e1rio, a sua imagem de perfil fica vis\u00edvel para o p\u00fablico no contexto do seu coment\u00e1rio.<\/p>\r\n\r\n\r\n\r\n<h2 class=\"wp-block-heading\">Media<\/h2>\r\n\r\n\r\n\r\n<p><strong class=\"privacy-policy-tutorial\"><\/strong>Se carregar imagens para este s\u00edtio Web, deve evitar carregar imagens com dados de localiza\u00e7\u00e3o incorporados (EXIF GPS). Os visitantes deste s\u00edtio Web podem descarregar e extrair informa\u00e7\u00f5es de localiza\u00e7\u00e3o de imagens no s\u00edtio Web.<\/p>\r\n\r\n\r\n\r\n<h2 class=\"wp-block-heading\">Biscoitos<\/h2>\r\n\r\n\r\n\r\n<p><strong class=\"privacy-policy-tutorial\"><\/strong>Se deixar um coment\u00e1rio no nosso s\u00edtio, pode optar por guardar o seu nome, endere\u00e7o de correio eletr\u00f3nico e s\u00edtio Web nos cookies. Estes cookies s\u00e3o para sua conveni\u00eancia, para que n\u00e3o tenha de voltar a preencher os seus dados quando deixar outro coment\u00e1rio. Estes cookies t\u00eam a dura\u00e7\u00e3o de um ano.<\/p>\r\n\r\n\r\n\r\n<p>Se visitar a nossa p\u00e1gina de in\u00edcio de sess\u00e3o, definiremos um cookie tempor\u00e1rio para determinar se o seu browser aceita cookies. Este cookie n\u00e3o cont\u00e9m dados pessoais e \u00e9 eliminado quando o utilizador fecha o seu navegador.<\/p>\r\n\r\n\r\n\r\n<p>Quando inicia sess\u00e3o, tamb\u00e9m configuramos v\u00e1rios cookies para guardar as suas informa\u00e7\u00f5es de in\u00edcio de sess\u00e3o e op\u00e7\u00f5es de visualiza\u00e7\u00e3o do ecr\u00e3. Os cookies de in\u00edcio de sess\u00e3o duram dois dias e os cookies de op\u00e7\u00f5es de ecr\u00e3 duram um ano. Se selecionar \"Lembrar-me\", o seu in\u00edcio de sess\u00e3o persistir\u00e1 durante duas semanas. Se terminar a sess\u00e3o, os cookies de in\u00edcio de sess\u00e3o ser\u00e3o removidos.<\/p>\r\n\r\n\r\n\r\n<p>Se editar ou publicar um artigo, guardaremos um cookie adicional no seu browser. Este cookie n\u00e3o cont\u00e9m dados pessoais e apenas regista o ID do artigo que acabou de editar. Este cookie tem a dura\u00e7\u00e3o de um dia.<\/p>\r\n\r\n\r\n\r\n<h2 class=\"wp-block-heading\">Conte\u00fado incorporado de outros s\u00edtios Web<\/h2>\r\n\r\n\r\n\r\n<p><strong class=\"privacy-policy-tutorial\"><\/strong>Os artigos deste s\u00edtio podem incluir conte\u00fado incorporado (como v\u00eddeos, imagens, artigos, etc.). O conte\u00fado incorporado de outros sites comporta-se exatamente da mesma forma como se estivesse a visitar esses sites diretamente.<\/p>\r\n\r\n\r\n\r\n<p>Estes s\u00edtios podem recolher dados sobre o utilizador, utilizar cookies, incorporar rastreio adicional de terceiros e monitorizar a sua intera\u00e7\u00e3o com este conte\u00fado incorporado, incluindo o rastreio da sua intera\u00e7\u00e3o com o conte\u00fado incorporado se tiver uma conta e estiver ligado a esses s\u00edtios.<\/p>\r\n\r\n\r\n\r\n<h2 class=\"wp-block-heading\">Com quem partilhamos as suas informa\u00e7\u00f5es?<\/h2>\r\n\r\n\r\n\r\n<p><strong class=\"privacy-policy-tutorial\"><\/strong>Se solicitar uma reposi\u00e7\u00e3o da palavra-passe, o seu endere\u00e7o IP ser\u00e1 inclu\u00eddo na mensagem de correio eletr\u00f3nico de reposi\u00e7\u00e3o da palavra-passe.<\/p>\r\n\r\n\r\n\r\n<h2 class=\"wp-block-heading\">Durante quanto tempo conservamos as suas informa\u00e7\u00f5es?<\/h2>\r\n\r\n\r\n\r\n<p><strong class=\"privacy-policy-tutorial\"><\/strong>Se deixar um coment\u00e1rio, o coment\u00e1rio e os seus metadados s\u00e3o retidos indefinidamente. Fazemos isto para podermos reconhecer e aprovar automaticamente quaisquer coment\u00e1rios subsequentes, em vez de os mantermos numa fila de modera\u00e7\u00e3o.<\/p>\r\n\r\n\r\n\r\n<p>Para os utilizadores registados deste s\u00edtio Web, tamb\u00e9m guardamos as informa\u00e7\u00f5es pessoais que fornecem no seu perfil de utilizador. Todos os utilizadores podem ver, editar ou apagar as suas informa\u00e7\u00f5es pessoais em qualquer altura (1exceto que n\u00e3o podem alterar o seu nome de utilizador). Os administradores do s\u00edtio tamb\u00e9m podem ver e editar essas informa\u00e7\u00f5es.<\/p>\r\n\r\n\r\n\r\n<h2 class=\"wp-block-heading\">Que direitos tem sobre os seus dados?<\/h2>\r\n\r\n\r\n\r\n<p><strong class=\"privacy-policy-tutorial\"><\/strong>Se tiver uma conta neste s\u00edtio ou tiver deixado coment\u00e1rios, pode solicitar um ficheiro exportado dos dados pessoais que temos sobre si, incluindo quaisquer dados que nos tenha fornecido. Tamb\u00e9m pode solicitar que apaguemos quaisquer dados pessoais que tenhamos sobre si. Isto n\u00e3o inclui quaisquer dados que sejamos obrigados a manter para fins administrativos, legais ou de seguran\u00e7a.<\/p>\r\n\r\n\r\n\r\n<h2 class=\"wp-block-heading\">Para onde ser\u00e3o enviados os meus dados?<\/h2>\r\n\r\n\r\n\r\n<p><strong class=\"privacy-policy-tutorial\"><\/strong>Os coment\u00e1rios dos visitantes podem ser verificados por um servi\u00e7o autom\u00e1tico de dete\u00e7\u00e3o de spam.<\/p>","protected":false},"excerpt":{"rendered":"Who are we? Our site address is\uff1ahttp:\/\/hdktools.com Reviews When visitors leave comments, we collect the data shown in the comments form, along with the visitor&#8217;s IP address and browser User-Agent strin1g to help spam detection2. An anonymized string created from your email address (also called a hash) may be provided to the Gravatar service to [&hellip;]","protected":false},"author":1,"featured_media":0,"parent":0,"menu_order":0,"comment_status":"closed","ping_status":"open","template":"","meta":{"_monsterinsights_skip_tracking":false,"_monsterinsights_sitenote_active":false,"_monsterinsights_sitenote_note":"","_monsterinsights_sitenote_category":0,"footnotes":""},"class_list":["post-3","page","type-page","status-publish","hentry"],"blocksy_meta":[],"aioseo_notices":[],"_links":{"self":[{"href":"https:\/\/hdktools.com\/pt\/wp-json\/wp\/v2\/pages\/3","targetHints":{"allow":["GET"]}}],"collection":[{"href":"https:\/\/hdktools.com\/pt\/wp-json\/wp\/v2\/pages"}],"about":[{"href":"https:\/\/hdktools.com\/pt\/wp-json\/wp\/v2\/types\/page"}],"author":[{"embeddable":true,"href":"https:\/\/hdktools.com\/pt\/wp-json\/wp\/v2\/users\/1"}],"replies":[{"embeddable":true,"href":"https:\/\/hdktools.com\/pt\/wp-json\/wp\/v2\/comments?post=3"}],"version-history":[{"count":0,"href":"https:\/\/hdktools.com\/pt\/wp-json\/wp\/v2\/pages\/3\/revisions"}],"wp:attachment":[{"href":"https:\/\/hdktools.com\/pt\/wp-json\/wp\/v2\/media?parent=3"}],"curies":[{"name":"wp","href":"https:\/\/api.w.org\/{rel}","templated":true}]}}