{"id":223,"date":"2024-01-22T09:28:19","date_gmt":"2024-01-22T01:28:19","guid":{"rendered":"https:\/\/hdktools.com\/?page_id=223"},"modified":"2024-08-22T17:09:53","modified_gmt":"2024-08-22T09:09:53","slug":"home-test","status":"publish","type":"page","link":"https:\/\/hdktools.com\/pt\/home-test\/","title":{"rendered":"home-test"},"content":{"rendered":"<div class=\"handerk-content\">\r\n\t<div class=\"home-zs\">\r\n\t\t<img decoding=\"async\" style=\"width: 100%;\" src=\"\/images\/home-zs.png\" \/>\r\n\t<\/div>\r\n\t<div class=\"home-p1 swiper swiper-home-banner\">\r\n\t\t<div class=\"swiper-wrapper\">\r\n\t\t\t<div class=\"swiper-slide\">\r\n\t\t\t\t<img decoding=\"async\" class=\"mobile_show\" src=\"\/images\/home-banner-01-m.jpg\" \/>\r\n\t\t\t\t<img decoding=\"async\" class=\"pc_show\" src=\"http:\/\/hdktools.com\/wp-content\/uploads\/2023\/12\/2-\u62f7\u8d1d-1.jpg\" \/>\r\n\t\t\t\t<div class=\"banner-context\" style=\"display: none;\">\r\n\t\t\t\t\t<h1 class=\"banner-title\">PENSAR PRIMEIRO NA M\u00c3O<\/h1>\r\n\t\t\t\t\t<div class=\"banner-text\">Oferecemos mais de 180.000 ferramentas de corte diferentes que est\u00e3o totalmente armazenadas e prontas para serem enviadas no dia da sua compra.<\/div>\r\n\t\t\t\t\t<div class=\"banner-link\">Procurar agora<\/div>\r\n\t\t\t\t<\/div>\r\n\t\t\t<\/div>\r\n\t\t\t<div class=\"swiper-slide style02\">\r\n\t\t\t\t<img decoding=\"async\" class=\"mobile_show\" src=\"\/images\/home-banner-02-m.jpg\" \/>\r\n\t\t\t\t<img decoding=\"async\" class=\"pc_show\" src=\"http:\/\/hdktools.com\/wp-content\/uploads\/2023\/12\/1-\u62f7\u8d1d-1.jpg\" \/>\r\n\t\t\t\t<div class=\"banner-context\" style=\"display: none;\">\r\n\t\t\t\t\t<div class=\"banner-text\">PAIX\u00c3O PELA PRECIS\u00c3O<\/div>\r\n\t\t\t\t\t<div class=\"banner-text03\">S\u00c9RIE ST<\/div>\r\n\t\t\t\t\t<div class=\"banner-title\">SOLU\u00c7\u00c3O PARA MATERIAIS DE ELEVADA DUREZA<\/div>\r\n\t\t\t\t\t<div class=\"banner-text banner-text-m\">UTILIZA\u00c7\u00c3O GERAL \/ H\u00c9LICE VARI\u00c1VEL<\/div>\r\n\t\t\t\t\t<div class=\"banner-link\">Rever agora<\/div>\r\n\t\t\t\t<\/div>\r\n\t\t\t<\/div>\r\n\t\t\t<div class=\"swiper-slide style03\">\r\n\t\t\t\t<img decoding=\"async\" class=\"mobile_show\" src=\"\/images\/home-banner-03-m.jpg\" \/>\r\n\t\t\t\t<img decoding=\"async\" class=\"pc_show\" src=\"http:\/\/hdktools.com\/wp-content\/uploads\/2023\/12\/3-\u62f7\u8d1d.jpg\" \/>\r\n\t\t\t\t<div class=\"banner-context\" style=\"display: none;\">\r\n\t\t\t\t\t<h2 class=\"banner-title\">FERRAMENTAS ESPECIAIS APLICA\u00c7\u00c3O CORRECTA<\/h2>\r\n\t\t\t\t\t<div class=\"banner-text\">Para utilizar a ferramenta na perfei\u00e7\u00e3o, apoiamos a elabora\u00e7\u00e3o de desenhos t\u00e9cnicos com base na pe\u00e7a de trabalho. O tempo de produ\u00e7\u00e3o total \u00e9 de apenas 7-10 dias para obter uma ferramenta adequada.<\/div>\r\n\t\t\t\t\t<div class=\"banner-link\">OEM&amp;ODM Agora<\/div>\r\n\t\t\t\t<\/div>\r\n\t\t\t<\/div>\r\n\t\t<\/div>\r\n\t\t<!-- \u5982\u679c\u9700\u8981\u5206\u9875\u5668 -->\r\n\t\t<div class=\"swiper-pagination\"><\/div>\r\n\t<\/div>\r\n\t<div class=\"home-p2\">\r\n\t\t<div class=\"p2-con\">\r\n\t\t\t<div class=\"p2-left\">\r\n\t\t\t\t<h2 class=\"p2-title\">Informa\u00e7\u00f5es sobre o produto<\/h2>\r\n\t\t\t\t<div class=\"p2-swiper\">\r\n\t\t\t\t\t<div class=\"swiper swiper-home-p2\">\r\n\t\t\t\t\t\t<div class=\"swiper-wrapper\">\r\n\t\t\t\t\t\t\t<div class=\"swiper-slide\">\r\n\t\t\t\t\t\t\t\t<img decoding=\"async\" src=\"\/images\/home-p2-01-m.png\" class=\"mobile_show\">\r\n\t\t\t\t\t\t\t\t<img decoding=\"async\" src=\"http:\/\/hdktools.com\/wp-content\/uploads\/2023\/12\/home-p2-01.png\" class=\"pc_show\">\r\n\t\t\t\t\t\t\t\t<span>Inser\u00e7\u00f5es de liga met\u00e1lica<\/span>\r\n\t\t\t\t\t\t\t<\/div>\r\n\t\t\t\t\t\t\t<div class=\"swiper-slide\">\r\n\t\t\t\t\t\t\t\t<img decoding=\"async\" src=\"\/images\/home-p2-02-m.png\" class=\"mobile_show\">\r\n\t\t\t\t\t\t\t\t<img decoding=\"async\" src=\"http:\/\/hdktools.com\/wp-content\/uploads\/2023\/12\/home-p2-02.png\" class=\"pc_show\">\r\n\t\t\t\t\t\t\t\t<span>Broca de liga met\u00e1lica<\/span>\r\n\t\t\t\t\t\t\t<\/div>\r\n\t\t\t\t\t\t\t<div class=\"swiper-slide\">\r\n\t\t\t\t\t\t\t\t<img decoding=\"async\" src=\"\/images\/home-p2-03-m.png\" class=\"mobile_show\">\r\n\t\t\t\t\t\t\t\t<img decoding=\"async\" src=\"http:\/\/hdktools.com\/wp-content\/uploads\/2023\/12\/home-p2-03.png\" class=\"pc_show\">\r\n\t\t\t\t\t\t\t\t<span>Fresa de liga met\u00e1lica<\/span>\r\n\t\t\t\t\t\t\t<\/div>\r\n\t\t\t\t\t\t\t<div class=\"swiper-slide\">\r\n\t\t\t\t\t\t\t\t<img decoding=\"async\" src=\"\/images\/home-p2-01-m.png\" class=\"mobile_show\">\r\n\t\t\t\t\t\t\t\t<img decoding=\"async\" src=\"http:\/\/hdktools.com\/wp-content\/uploads\/2023\/12\/home-p2-01.png\" class=\"pc_show\">\r\n\t\t\t\t\t\t\t\t<span>Inser\u00e7\u00f5es de liga met\u00e1lica<\/span>\r\n\t\t\t\t\t\t\t<\/div>\r\n\t\t\t\t\t\t\t<div class=\"swiper-slide\">\r\n\t\t\t\t\t\t\t\t<img decoding=\"async\" src=\"\/images\/home-p2-02-m.png\" class=\"mobile_show\">\r\n\t\t\t\t\t\t\t\t<img decoding=\"async\" src=\"http:\/\/hdktools.com\/wp-content\/uploads\/2023\/12\/home-p2-02.png\" class=\"pc_show\">\r\n\t\t\t\t\t\t\t\t<span>Broca de liga met\u00e1lica<\/span>\r\n\t\t\t\t\t\t\t<\/div>\r\n\t\t\t\t\t\t\t<div class=\"swiper-slide\">\r\n\t\t\t\t\t\t\t\t<img decoding=\"async\" src=\"\/images\/home-p2-03-m.png\" class=\"mobile_show\">\r\n\t\t\t\t\t\t\t\t<img decoding=\"async\" src=\"http:\/\/hdktools.com\/wp-content\/uploads\/2023\/12\/home-p2-03.png\" class=\"pc_show\">\r\n\t\t\t\t\t\t\t\t<span>Fresa de liga met\u00e1lica<\/span>\r\n\t\t\t\t\t\t\t<\/div>\r\n\t\t\t\t\t\t<\/div>\r\n\t\t\t\t\t\t<div class=\"swiper-pagination\"><\/div>\r\n\t\t\t\t\t<\/div>\r\n\t\t\t\t<\/div>\r\n\t\t\t<\/div>\r\n\t\t\t<div class=\"p2-right\">\r\n\t\t\t\t<div class=\"p2-title\">Categoria<\/div>\r\n\t\t\t\t<a href=\"\/pt\/\">\r\n\t\t\t\t\t<div class=\"p2-list\">\r\n\t\t\t\t\t\t<div class=\"p2-list-left\">\r\n\t\t\t\t\t\t\t<img decoding=\"async\" src=\"http:\/\/hdktools.com\/wp-content\/uploads\/2023\/12\/home-category-01.png\">\r\n\t\t\t\t\t\t<\/div>\r\n\t\t\t\t\t\t<div class=\"p2-list-right\">\r\n\t\t\t\t\t\t\t<div>Inser\u00e7\u00f5es de liga met\u00e1lica<\/div>\r\n\t\t\t\t\t\t\t<img decoding=\"async\" src=\"\/images\/icon-right.png\" border=\"0\">\r\n\t\t\t\t\t\t<\/div>\r\n\t\t\t\t\t<\/div>\r\n\t\t\t\t<\/a>\r\n\t\t\t\t<a href=\"\/pt\/\">\r\n\t\t\t\t\t<div class=\"p2-list\">\r\n\t\t\t\t\t\t<div class=\"p2-list-left\">\r\n\t\t\t\t\t\t\t<img decoding=\"async\" src=\"http:\/\/hdktools.com\/wp-content\/uploads\/2023\/12\/home-category-02.png\">\r\n\t\t\t\t\t\t<\/div>\r\n\t\t\t\t\t\t<div class=\"p2-list-right\">\r\n\t\t\t\t\t\t\t<div>Broca de liga met\u00e1lica<\/div>\r\n\t\t\t\t\t\t\t<img decoding=\"async\" src=\"\/images\/icon-right.png\" border=\"0\">\r\n\t\t\t\t\t\t<\/div>\r\n\t\t\t\t\t<\/div>\r\n\t\t\t\t<\/a>\r\n\t\t\t\t<a href=\"\/pt\/\">\r\n\t\t\t\t\t<div class=\"p2-list\">\r\n\t\t\t\t\t\t<div class=\"p2-list-left\">\r\n\t\t\t\t\t\t\t<img decoding=\"async\" src=\"http:\/\/hdktools.com\/wp-content\/uploads\/2023\/12\/home-category-03.png\">\r\n\t\t\t\t\t\t<\/div>\r\n\t\t\t\t\t\t<div class=\"p2-list-right\">\r\n\t\t\t\t\t\t\t<div>Fresa de liga met\u00e1lica<\/div>\r\n\t\t\t\t\t\t\t<img decoding=\"async\" src=\"\/images\/icon-right.png\" border=\"0\">\r\n\t\t\t\t\t\t<\/div>\r\n\t\t\t\t\t<\/div>\r\n\t\t\t\t<\/a>\r\n\t\t\t\t<a href=\"\/pt\/\">\r\n\t\t\t\t\t<div class=\"p2-list-pdf\">\r\n\t\t\t\t\t\t<img decoding=\"async\" src=\"\/images\/icon-pdf.png\" border=\"0\">\r\n\t\t\t\t\t\t<div>Descarregar PDF<\/div>\t\t\t\t\t\t\t\r\n\t\t\t\t\t<\/div>\r\n\t\t\t\t<\/a>\r\n\t\t\t<\/div>\r\n\t\t<\/div>\r\n\r\n\t\t<div class=\"p3-con\">\r\n\t\t\t<div class=\"p3-left\">\r\n\t\t\t\t<div class=\"title\">Op\u00e7\u00f5es de personaliza\u00e7\u00e3o na ponta dos dedos<\/div>\r\n\t\t\t\t<div class=\"text\">Navegue pela nossa biblioteca de op\u00e7\u00f5es de personaliza\u00e7\u00e3o. Compreendemos como os nossos clientes trazem solu\u00e7\u00f5es para a mesa, fornecendo infinitas defini\u00e7\u00f5es de personaliza\u00e7\u00e3o.<\/div>\r\n\t\t\t\t<div class=\"text\">Oferecemos infinitas possibilidades para o ajudar a atingir os seus objectivos. Com o apoio dos nossos especialistas do sector, as suas ideias brilhantes nunca ser\u00e3o comprometidas.<\/div>\r\n\t\t\t\t<a href=\"#\"><div class=\"link\">Envie o seu desenho e requisitos<\/div><\/a>\t\t\t\t\r\n\t\t\t<\/div>\r\n\t\t\t<div class=\"p3-right\">\r\n\t\t\t\t<div class=\"p3-list active\">\r\n\t\t\t\t\t<img decoding=\"async\" src=\"http:\/\/hdktools.com\/wp-content\/uploads\/2023\/12\/\u672a\u6807\u9898-1-\u62f7\u8d1d2-1.jpg\">\r\n\t\t\t\t\t<div class=\"p3-title\">Material<\/div>\r\n\t\t\t\t\t<div class=\"p3-context\">\r\n\t\t\t\t\t\t<div class=\"p3-con01\">\r\n\t\t\t\t\t\t\t<span class=\"title\">Material &gt;<\/span>\r\n\t\t\t\t\t\t\t<span class=\"text\">Os materiais de ferramentas normalmente utilizados na produ\u00e7\u00e3o atual s\u00e3o sobretudo HSS e carboneto. O a\u00e7o-carbono e o a\u00e7o para ferramentas s\u00e3o utilizados apenas para ferramentas manuais ou de baixa velocidade de corte devido \u00e0 sua fraca resist\u00eancia ao calor.<\/span>\r\n\t\t\t\t\t\t<\/div>\r\n\t\t\t\t\t\t<div class=\"p3-con02\">\r\n\t\t\t\t\t\t\t<a href=\"#\" class=\"right-link\"><img decoding=\"async\" src=\"\/images\/p3-icon.png\"><\/a>\t\t\t\t\r\n\t\t\t\t\t\t<\/div>\r\n\t\t\t\t\t<\/div>\t\t\t\t\t\r\n\t\t\t\t<\/div>\r\n\t\t\t\t<div class=\"p3-list\">\r\n\t\t\t\t\t<img decoding=\"async\" src=\"http:\/\/hdktools.com\/wp-content\/uploads\/2023\/12\/\u672a\u6807\u9898-1-\u62f7\u8d1d3-1.jpg\">\r\n\t\t\t\t\t<div class=\"p3-title\">Tamanho<\/div>\r\n\t\t\t\t\t<div class=\"p3-context\">\r\n\t\t\t\t\t\t<div class=\"p3-con01\">\r\n\t\t\t\t\t\t\t<span class=\"title\">Tamanho &gt;<\/span>\r\n\t\t\t\t\t\t\t<span class=\"text\">Os materiais de ferramentas normalmente utilizados na produ\u00e7\u00e3o atual s\u00e3o sobretudo HSS e carboneto. O a\u00e7o-carbono e o a\u00e7o para ferramentas s\u00e3o utilizados apenas para ferramentas manuais ou de baixa velocidade de corte devido \u00e0 sua fraca resist\u00eancia ao calor.<\/span>\r\n\t\t\t\t\t\t<\/div>\r\n\t\t\t\t\t\t<div class=\"p3-con02\">\r\n\t\t\t\t\t\t\t<a href=\"#\" class=\"right-link\"><img decoding=\"async\" src=\"\/images\/p3-icon.png\"><\/a>\t\t\t\t\r\n\t\t\t\t\t\t<\/div>\r\n\t\t\t\t\t<\/div>\t\r\n\t\t\t\t<\/div>\r\n\t\t\t\t<div class=\"p3-list\">\r\n\t\t\t\t\t<img decoding=\"async\" src=\"http:\/\/hdktools.com\/wp-content\/uploads\/2023\/12\/\u672a\u6807\u9898-1-\u62f7\u8d1d-1.jpg\">\r\n\t\t\t\t\t<div class=\"p3-title\">Revestimento<\/div>\r\n\t\t\t\t\t<div class=\"p3-context\">\r\n\t\t\t\t\t\t<div class=\"p3-con01\">\r\n\t\t\t\t\t\t\t<span class=\"title\">Revestimento &gt;<\/span>\r\n\t\t\t\t\t\t\t<span class=\"text\">Os materiais de ferramentas normalmente utilizados na produ\u00e7\u00e3o atual s\u00e3o sobretudo HSS e carboneto. O a\u00e7o-carbono e o a\u00e7o para ferramentas s\u00e3o utilizados apenas para ferramentas manuais ou de baixa velocidade de corte devido \u00e0 sua fraca resist\u00eancia ao calor.<\/span>\r\n\t\t\t\t\t\t<\/div>\r\n\t\t\t\t\t\t<div class=\"p3-con02\">\r\n\t\t\t\t\t\t\t<a href=\"#\" class=\"right-link\"><img decoding=\"async\" src=\"\/images\/p3-icon.png\"><\/a>\t\t\t\t\r\n\t\t\t\t\t\t<\/div>\r\n\t\t\t\t\t<\/div>\r\n\t\t\t\t<\/div>\r\n\t\t\t\t<div class=\"p3-list\">\r\n\t\t\t\t\t<img decoding=\"async\" src=\"http:\/\/hdktools.com\/wp-content\/uploads\/2023\/12\/\u672a\u6807\u9898-1-\u62f7\u8d1d4-1.jpg\">\r\n\t\t\t\t\t<div class=\"p3-title\">OEM<\/div>\r\n\t\t\t\t\t<div class=\"p3-context\">\r\n\t\t\t\t\t\t<div class=\"p3-con01\">\r\n\t\t\t\t\t\t\t<span class=\"title\">OEM &gt;<\/span>\r\n\t\t\t\t\t\t\t<span class=\"text\">Os materiais de ferramentas normalmente utilizados na produ\u00e7\u00e3o atual s\u00e3o sobretudo HSS e carboneto. O a\u00e7o-carbono e o a\u00e7o para ferramentas s\u00e3o utilizados apenas para ferramentas manuais ou de baixa velocidade de corte devido \u00e0 sua fraca resist\u00eancia ao calor.<\/span>\r\n\t\t\t\t\t\t<\/div>\r\n\t\t\t\t\t\t<div class=\"p3-con02\">\r\n\t\t\t\t\t\t\t<a href=\"#\" class=\"right-link\"><img decoding=\"async\" src=\"\/images\/p3-icon.png\"><\/a>\t\t\t\t\r\n\t\t\t\t\t\t<\/div>\r\n\t\t\t\t\t<\/div>\r\n\t\t\t\t<\/div>\r\n\t\t\t<\/div>\r\n\t\t<\/div>\r\n\t<\/div>\r\n\t<div class=\"home-p3\">\t\t\r\n\t\t<div class=\"p4-con\">\r\n\t\t\t<div class=\"about-context\">\r\n\t\t\t\t<div>\r\n\t\t\t\t\t<div class=\"title\">\r\n\t\t\t\t\t\t<hr>Sobre n\u00f3s\r\n\t\t\t\t\t<\/div>\r\n\t\t\t\t\t<img decoding=\"async\" src=\"http:\/\/hdktools.com\/wp-content\/uploads\/2023\/12\/logo.png\">\r\n\t\t\t\t\t<div class=\"text\">Fundada em 2000, a HANDERK \u00e9 um fabricante de ferramentas de corte de metal duro para fresas de topo, brocas e pastilhas. <\/div>\r\n\t\t\t\t\t<div class=\"text\">At\u00e9 agora, a HANDERK tem um ativo anual de 30 milh\u00f5es de d\u00f3lares, tr\u00eas f\u00e1bricas de filiais com uma \u00e1rea total de 6.000\u33a1 e mais de 120 funcion\u00e1rios. 160 conjuntos de equipamentos nacionais e importados, incluindo SAGE, WALTER e ANCA, fabricam produtos diferentes, respetivamente, para garantir um estoque di\u00e1rio de 180.000 unidades diferentes.<\/div>\r\n\t\t\t\t\t<div class=\"text last-text\">Seguindo a convic\u00e7\u00e3o de que \"Os produtos e servi\u00e7os s\u00e3o a vitalidade da empresa\", a HANDERK continua a compreender as necessidades dos clientes e do mercado, refor\u00e7a a constru\u00e7\u00e3o t\u00e9cnica da equipa, melhora a for\u00e7a da tecnologia de fabrico, produ\u00e7\u00e3o e processo de fabrico, e desenvolve ativamente novos produtos para melhorar o nosso profissionalismo e capacidades de inova\u00e7\u00e3o. Al\u00e9m de fornecer produtos de alta qualidade e solu\u00e7\u00f5es t\u00e9cnicas, esperamos fornecer mais assist\u00eancia comercial aos nossos parceiros para alcan\u00e7ar o desenvolvimento comum e a coopera\u00e7\u00e3o win-win.<\/div>\r\n\t\t\t\t<\/div>\r\n\t\t\t<\/div>\r\n\t\t<\/div>\r\n\t\t<div class=\"p5-con\">\r\n\t\t\t<div class=\"title\">Servi\u00e7o de solu\u00e7\u00e3o \u00fanica<\/div>\r\n\t\t\t<div class=\"p5-01\">\r\n\t\t\t\t<div class=\"p5-list\">\r\n\t\t\t\t\t<img decoding=\"async\" src=\"http:\/\/hdktools.com\/wp-content\/uploads\/2023\/12\/\u672a\u6807\u9898-1-\u62f7\u8d1d4.jpg\" class=\"p5-img\">\r\n\t\t\t\t\t<div class=\"p5-title\"><span>Um para todos os di\u00e2metros<\/span><\/div>\r\n\t\t\t\t\t<div class=\"p5-context\">\r\n\t\t\t\t\t\t<div class=\"title\">Um para todos os di\u00e2metros<\/div>\r\n\t\t\t\t\t\t<div class=\"text\">160 m\u00e1quinas, incluindo SAGE, Beiping, DJTOL, ANCA importada, WALTER, trabalham 24 horas por dia para garantir a disponibilidade de todos os tamanhos. Tamanho m\u00e9trico de 0,2 a 20 mm, tamanho em polegadas de 1\/8 a 1\/2, tudo pronto em stock ap\u00f3s inspe\u00e7\u00e3o rigorosa.<\/div>\r\n\t\t\t\t\t<\/div>\r\n\t\t\t\t<\/div>\r\n\t\t\t\t<div class=\"p5-list\">\r\n\t\t\t\t\t<img decoding=\"async\" src=\"http:\/\/hdktools.com\/wp-content\/uploads\/2023\/12\/\u672a\u6807\u9898-1-\u62f7\u8d1d2-2.jpg\" class=\"p5-img\">\r\n\t\t\t\t\t<div class=\"p5-title\"><span>Aplica\u00e7\u00e3o One For All<\/span><\/div>\r\n\t\t\t\t\t<div class=\"p5-context\">\r\n\t\t\t\t\t\t<div class=\"title\">Aplica\u00e7\u00e3o One For All<\/div>\r\n\t\t\t\t\t\t<div class=\"text\">A HANDERK coopera profundamente com os fabricantes de hastes de carboneto de tungst\u00eanio, usando diferentes graus de mat\u00e9ria-prima com base nas condi\u00e7\u00f5es reais de trabalho da ferramenta, estoque de uso geral para pe\u00e7as de trabalho abaixo de HRC65 \/ HRC45, grau para semi-acabamento e acabamento de fresamento ou perfura\u00e7\u00e3o de materiais (HRC48-55) com m\u00e9dia e alta velocidade, grau para desbaste e semi-acabamento de fresamento de a\u00e7o tratado termicamente...<\/div>\r\n\t\t\t\t\t<\/div>\r\n\t\t\t\t<\/div>\r\n\t\t\t\t<div class=\"p5-list\">\r\n\t\t\t\t\t<img decoding=\"async\" src=\"http:\/\/hdktools.com\/wp-content\/uploads\/2023\/12\/\u672a\u6807\u9898-1-\u62f7\u8d1d.jpg\" class=\"p5-img\">\r\n\t\t\t\t\t<div class=\"p5-title\"><span>Um para todos os revestimentos<\/span><\/div>\r\n\t\t\t\t\t<div class=\"p5-context\">\r\n\t\t\t\t\t\t<div class=\"title\">Um para todos os revestimentos<\/div>\r\n\t\t\t\t\t\t<div class=\"text\">O nosso centro de revestimento utiliza m\u00e1quinas de revestimento por divis\u00e3o de evapora\u00e7\u00e3o de arco cat\u00f3dico PLATIT da Su\u00ed\u00e7a, sob diferentes condi\u00e7\u00f5es de corte, aplicamos v\u00e1rios revestimentos como TiAlN, TiSiN, ALCRN, DLC... para aumentar a vida \u00fatil da ferramenta.<\/div>\r\n\t\t\t\t\t<\/div>\r\n\t\t\t\t<\/div>\r\n\t\t\t\t<div class=\"p5-list\">\r\n\t\t\t\t\t<img decoding=\"async\" src=\"http:\/\/hdktools.com\/wp-content\/uploads\/2023\/12\/\u672a\u6807\u9898-1-\u62f7\u8d1d3.jpg\" class=\"p5-img\">\r\n\t\t\t\t\t<div class=\"p5-title\"><span>Inova\u00e7\u00e3o sem paragens<\/span><\/div>\r\n\t\t\t\t\t<div class=\"p5-context\">\r\n\t\t\t\t\t\t<div class=\"title\">Inova\u00e7\u00e3o sem paragens<\/div>\r\n\t\t\t\t\t\t<div class=\"text\">Com a nossa forte equipa RaD, o novo desenvolvimento e a melhoria cont\u00ednua nunca param. Dedicamo-nos \u00e0 investiga\u00e7\u00e3o da tecnologia de fabrico na ind\u00fastria de ferramentas de corte de carboneto s\u00f3lido.<\/div>\r\n\t\t\t\t\t<\/div>\r\n\t\t\t\t<\/div>\r\n\t\t\t<\/div>\r\n\t\t<\/div>\r\n\t<\/div>\r\n\t<div class=\"home-p4\">\r\n\t\t<div class=\"p6-con\">\r\n\t\t\t<div class=\"p6-title\">Not\u00edcias e exposi\u00e7\u00f5es<\/div>\r\n\t\t\t<div class=\"p6-context\">\r\n\t\t\t\t<div class=\"p6-left-p\">\r\n\t\t\t\t\t<div><span class=\"fa fa-angle-left\"><\/span><\/div>\r\n\t\t\t\t<\/div>\r\n\t\t\t\t<div class=\"p6-center swiper swiper-home-news\">\r\n\t\t\t\t\t<div class=\"swiper-wrapper\">\r\n\t\t\t\t\t\t<div class=\"swiper-slide\">\r\n\t\t\t\t\t\t\t<img decoding=\"async\" src=\"\/images\/home-p6-01.png\">\r\n\t\t\t\t\t\t\t<div class=\"p6-swiper-title\">EXPOSI\u00c7\u00c3O<\/div>\r\n\t\t\t\t\t\t\t<div class=\"p6-swiper-con\">\r\n\t\t\t\t\t\t\t\tFran\u00e7aLa Roche-sur-Foron\r\n\t\t\t\t\t\t\t\t<div>4-8 de mar\u00e7o de 2024<\/div>\r\n\t\t\t\t\t\t\t<\/div>\r\n\t\t\t\t\t\t<\/div>\r\n\t\t\t\t\t\t<div class=\"swiper-slide\">\r\n\t\t\t\t\t\t\t<img decoding=\"async\" src=\"\/images\/home-p6-01.png\">\r\n\t\t\t\t\t\t<\/div>\r\n\t\t\t\t\t<\/div>\t\t\t\t\t\r\n\t\t\t\t<\/div>\r\n\t\t\t\t<div class=\"p6-right-n\">\r\n\t\t\t\t\t<div><span class=\"fa fa-angle-right\"><\/span><\/div>\r\n\t\t\t\t<\/div>\r\n\t\t\t\t<div class=\"p6-news\">\r\n\t\t\t\t\t<div class=\"news-title\">NOT\u00cdCIAS<\/div>\r\n\t\t\t\t\t<div class=\"news-context\">\r\n\t\t\t\t\t\t<div class=\"news-list\">\r\n\t\t\t\t\t\t\t<div class=\"news-icon\"> N <\/div>\r\n\t\t\t\t\t\t\t<div class=\"news-list-name\"><a href=\"#\">Lan\u00e7a o quebra-cavacos de torneira HSS-E YG com padr\u00e3o DIN em tamanho m\u00e9trico<\/a><\/div>\t\t\t\t\r\n\t\t\t\t\t\t<\/div>\r\n\t\t\t\t\t\t<div class=\"news-list\">\r\n\t\t\t\t\t\t\t<div class=\"news-icon\"> N <\/div>\r\n\t\t\t\t\t\t\t<div class=\"news-list-name\"><a href=\"#\">Lan\u00e7a o quebra-cavacos de torneira HSS-E YG com padr\u00e3o DIN em tamanho m\u00e9trico<\/a><\/div>\t\t\t\t\r\n\t\t\t\t\t\t<\/div>\r\n\t\t\t\t\t\t<div class=\"news-list\">\r\n\t\t\t\t\t\t\t<div class=\"news-icon\"> N <\/div>\r\n\t\t\t\t\t\t\t<div class=\"news-list-name\"><a href=\"#\">Lan\u00e7a o quebra-cavacos de torneira HSS-E YG com padr\u00e3o DIN em tamanho m\u00e9trico<\/a><\/div>\t\t\t\t\r\n\t\t\t\t\t\t<\/div>\r\n\t\t\t\t\t\t<div class=\"news-list\">\r\n\t\t\t\t\t\t\t<div class=\"news-icon\"> N <\/div>\r\n\t\t\t\t\t\t\t<div class=\"news-list-name\"><a href=\"#\">Lan\u00e7a o quebra-cavacos de torneira HSS-E YG com padr\u00e3o DIN em tamanho m\u00e9trico<\/a><\/div>\t\t\t\t\r\n\t\t\t\t\t\t<\/div>\r\n\t\t\t\t\t\t<div class=\"news-list\">\r\n\t\t\t\t\t\t\t<div class=\"news-icon\"> N <\/div>\r\n\t\t\t\t\t\t\t<div class=\"news-list-name\"><a href=\"#\">Lan\u00e7a o quebra-cavacos de torneira HSS-E YG com padr\u00e3o DIN em tamanho m\u00e9trico<\/a><\/div>\t\t\t\t\r\n\t\t\t\t\t\t<\/div>\r\n\t\t\t\t\t\t<div class=\"news-list\">\r\n\t\t\t\t\t\t\t<div class=\"news-icon\"> N <\/div>\r\n\t\t\t\t\t\t\t<div class=\"news-list-name\"><a href=\"#\">Lan\u00e7a o quebra-cavacos de torneira HSS-E YG com padr\u00e3o DIN em tamanho m\u00e9trico<\/a><\/div>\t\t\t\t\r\n\t\t\t\t\t\t<\/div>\r\n\t\t\t\t\t\t<div class=\"news-list\">\r\n\t\t\t\t\t\t\t<div class=\"news-icon\"> N <\/div>\r\n\t\t\t\t\t\t\t<div class=\"news-list-name\"><a href=\"#\">Lan\u00e7a o quebra-cavacos de torneira HSS-E YG com padr\u00e3o DIN em tamanho m\u00e9trico<\/a><\/div>\t\t\t\t\r\n\t\t\t\t\t\t<\/div>\r\n\t\t\t\t\t<\/div>\r\n\t\t\t\t<\/div>\r\n\t\t\t<\/div>\r\n\t\t<\/div>\r\n\t\t<style>\r\n\t.p7-02>div>div{\r\n\t\t padding: 2.5vw 2.5vw 0;\r\n\t}\r\n<\/style>\r\n<div class=\"p7-con\">\r\n\t\t\t<div class=\"title\">Inqu\u00e9rito<\/div>\r\n\t\t\t<div class=\"p7-02\">\r\n\t\t\t\t<div>\r\n\t\t\t\t\t<div>\r\n\t\t\t\t\t\t<img decoding=\"async\" src=\"\/images\/p7-icon-01.png\">\r\n\t\t\t\t\t\t<div class=\"list-title\">+86 13815069640<\/div>\r\n\t\t\t\t\t\t<div class=\"text01\">Hor\u00e1rio de trabalho: 8:00-6:00<\/div>\r\n\t\t\t\t\t\t<a href=\"\/pt\/contact\/\"><div class=\"bnt bnt02\">*Inqu\u00e9rito t\u00e9cnico<\/div><\/a>\r\n\t\t\t\t\t<\/div>\r\n\t\t\t\t<\/div>\r\n\t\t\t\t<div style=\"background-color: #D62418; color: #fff;\">\r\n\t\t\t\t\t<div>\r\n\t\t\t\t\t\t<img decoding=\"async\" src=\"\/images\/p7-icon-02.png\">\r\n\t\t\t\t\t\t<div class=\"list-title\">V\u00e1rios Inqu\u00e9ritos<\/div>\r\n\t\t\t\t\t\t<!-- <a href=\"mailto:sherry@hdktool.com\"><div class=\"bnt bnt01\">Inquiry Form<\/div><\/a> -->\r\n\t\t\t\t\t\t<div class=\"bnt bnt01 shane-popup\">Formul\u00e1rio de pedido de informa\u00e7\u00f5es<\/div>\r\n\t\t\t\t\t<\/div>\r\n\t\t\t\t<\/div>\r\n\t\t\t\t<div>\r\n\t\t\t\t\t<div>\r\n\t\t\t\t\t\t<img decoding=\"async\" src=\"\/images\/p7-icon-03.png\">\r\n\t\t\t\t\t\t<div class=\"list-title\">Registo da revista por e-mail<\/div>\r\n\t\t\t\t\t\t<div class=\"bnt bnt02 shane-popup\">Inscrever-se<\/div>\r\n\t\t\t\t\t<\/div>\r\n\t\t\t\t<\/div>\r\n\t\t\t<\/div>\r\n\t\t<\/div>\r\n\t<\/div>\r\n<\/div>","protected":false},"excerpt":{"rendered":"THINK HANDERK FIRST We offer more than 180,000 different cutting tools that are fully stocked and ready to ship on the day of your purchase. Browse Now PASSION FOR PRECISION ST SERIE SOLUTION FOR HIGH HARDNESS MATERIAL GENERAL USING \/ VARIABLE HELIX Review Now SPECIAL TOOLS PROPER PPLICATION To use the tool perfectly, we support [&hellip;]","protected":false},"author":3,"featured_media":0,"parent":0,"menu_order":0,"comment_status":"closed","ping_status":"closed","template":"single-page-full.php","meta":{"_monsterinsights_skip_tracking":false,"_monsterinsights_sitenote_active":false,"_monsterinsights_sitenote_note":"","_monsterinsights_sitenote_category":0,"footnotes":""},"class_list":["post-223","page","type-page","status-publish","hentry"],"blocksy_meta":[],"aioseo_notices":[],"_links":{"self":[{"href":"https:\/\/hdktools.com\/pt\/wp-json\/wp\/v2\/pages\/223","targetHints":{"allow":["GET"]}}],"collection":[{"href":"https:\/\/hdktools.com\/pt\/wp-json\/wp\/v2\/pages"}],"about":[{"href":"https:\/\/hdktools.com\/pt\/wp-json\/wp\/v2\/types\/page"}],"author":[{"embeddable":true,"href":"https:\/\/hdktools.com\/pt\/wp-json\/wp\/v2\/users\/3"}],"replies":[{"embeddable":true,"href":"https:\/\/hdktools.com\/pt\/wp-json\/wp\/v2\/comments?post=223"}],"version-history":[{"count":0,"href":"https:\/\/hdktools.com\/pt\/wp-json\/wp\/v2\/pages\/223\/revisions"}],"wp:attachment":[{"href":"https:\/\/hdktools.com\/pt\/wp-json\/wp\/v2\/media?parent=223"}],"curies":[{"name":"wp","href":"https:\/\/api.w.org\/{rel}","templated":true}]}}