{"id":1652,"date":"2025-03-17T19:41:20","date_gmt":"2025-03-17T11:41:20","guid":{"rendered":"https:\/\/hdktools.com\/?page_id=1652"},"modified":"2025-03-17T19:41:20","modified_gmt":"2025-03-17T11:41:20","slug":"faq","status":"publish","type":"page","link":"https:\/\/hdktools.com\/pt\/faq\/","title":{"rendered":"FAQ"},"content":{"rendered":"<h2>Q1: Que tipo de empresa \u00e9 a HDK Tools?<\/h2>\r\n<p>A HDK Tools \u00e9 um fabricante e fornecedor especializado em fresas de topo de metal duro e brocas de metal duro de alta qualidade. Estamos empenhados em fornecer aos clientes globais ferramentas de corte duradouras e de alta precis\u00e3o, amplamente utilizadas em ind\u00fastrias como a aeroespacial, o fabrico autom\u00f3vel e o processamento de eletr\u00f3nica.<\/p>\r\n<h2>Q2: Quais s\u00e3o as vantagens dos produtos da HDK Tools?<\/h2>\r\n<p>Alta precis\u00e3o: Produzido com tecnologia alem\u00e3 e equipamento avan\u00e7ado para garantir exatid\u00e3o e consist\u00eancia.\r\nLonga vida \u00fatil: Fabricadas com materiais de carboneto de primeira qualidade para uma excelente resist\u00eancia ao desgaste e uma vida \u00fatil prolongada da ferramenta.\r\nDiversas op\u00e7\u00f5es: Oferece uma vasta gama de modelos e op\u00e7\u00f5es de revestimento para satisfazer v\u00e1rias necessidades de maquinagem.<\/p>\r\n<h2>Q3: Quais s\u00e3o os principais mercados da HDK Tools?<\/h2>\r\n<p>Exportamos para mais de 80 pa\u00edses em todo o mundo, principalmente: R\u00fassia, Indon\u00e9sia, \u00cdndia, Estados Unidos, M\u00e9xico, Vietname, Mal\u00e1sia, Tail\u00e2ndia e outras regi\u00f5es<\/p>\r\n\r\n\r\n<h1>2. Sobre os nossos produtos<\/h1>\r\n<h2>Q4: O que \u00e9 uma fresa de topo de metal duro?<\/h2>\r\n<p>Uma fresa de topo de metal duro \u00e9 uma ferramenta de corte utilizada para opera\u00e7\u00f5es de fresagem, principalmente para maquina\u00e7\u00e3o de metais, pl\u00e1sticos e materiais comp\u00f3sitos. \u00c9 conhecida pela sua elevada dureza e resist\u00eancia ao desgaste, tornando-a adequada para maquina\u00e7\u00e3o de alta precis\u00e3o e elevada efici\u00eancia.<\/p>\r\n<h2>Q5: O que \u00e9 uma broca de metal duro?<\/h2>\r\n<p>Uma broca de metal duro \u00e9 uma ferramenta de corte utilizada para perfurar, especialmente adequada para maquinar materiais duros como o a\u00e7o inoxid\u00e1vel e as ligas de tit\u00e2nio. Caracteriza-se por uma resist\u00eancia a altas temperaturas e uma excelente resist\u00eancia ao desgaste, ideal para perfura\u00e7\u00e3o a alta velocidade.<\/p>\r\n<h2>Q6: Que tipos de fresas de topo e brocas oferece a HDK Tools?<\/h2>\r\n<p>Oferecemos uma variedade de fresas de topo e brocas, incluindo:\r\nFresas de topo: Fresas de topo plano, fresas de topo de ponta esf\u00e9rica, fresas de topo de raio de canto, etc.\r\nBrocas: Brocas de carboneto, brocas de ponto, brocas de tor\u00e7\u00e3o, etc.<\/p>\r\n<h2>Q7: Como \u00e9 que escolho a fresa de topo ou a broca correta?<\/h2>\r\n<p>Ao selecionar uma fresa de topo ou broca, considere os seguintes factores:\r\nMaterial a ser maquinado: Como a\u00e7o, alum\u00ednio, ligas de tit\u00e2nio, etc.\r\nTipo de maquina\u00e7\u00e3o: Como desbaste, acabamento ou perfura\u00e7\u00e3o profunda.\r\nOp\u00e7\u00f5es de revestimento: Tais como revestimentos TiN, TiAlN, DLC, adequados para diferentes ambientes de maquinagem.<\/p>\r\n\r\n\r\n<h1>3. Sobre a encomenda e a entrega<\/h1>\r\n<h2>Q8: Como posso encomendar produtos da HDK Tools?<\/h2>\r\n<p>Pode efetuar uma encomenda atrav\u00e9s dos seguintes m\u00e9todos:\r\nEncomenda online: Visite o nosso s\u00edtio Web em www.hdktools.com para ver os produtos e efetuar a sua encomenda.\r\nContactar o departamento de vendas: Envie-nos um e-mail para sales@hdktools.com ou ligue para a nossa linha direta de apoio ao cliente.<\/p>\r\n<h2>Q9: Quais s\u00e3o os m\u00e9todos de pagamento suportados pela HDK Tools?<\/h2>\r\n<p>Aceitamos v\u00e1rios m\u00e9todos de pagamento, incluindo cart\u00e3o de cr\u00e9dito, transfer\u00eancia banc\u00e1ria e PayPal.<\/p>\r\n<h2>Q10: Qual \u00e9 o prazo de entrega?<\/h2>\r\n<p>Produtos padr\u00e3o: Normalmente, s\u00e3o enviados no prazo de 1 a 3 dias \u00fateis.\r\nProdutos personalizados: O prazo de entrega \u00e9 de 7 a 10 dias, consoante a complexidade dos requisitos.<\/p>\r\n<h2>P11: A HDK Tools oferece envio internacional?<\/h2>\r\n<p>Sim, fornecemos servi\u00e7os de envio globais e trabalhamos com v\u00e1rias empresas de log\u00edstica internacional para garantir uma entrega segura e atempada.<\/p>\r\n\r\n\r\n<h1>4. Sobre o servi\u00e7o p\u00f3s-venda<\/h1>\r\n<h2>P12: Como posso contactar a equipa de apoio ao cliente da HDK Tools?<\/h2>\r\n<p>Pode contactar-nos atrav\u00e9s dos seguintes m\u00e9todos:\r\nCorreio eletr\u00f3nico: support@hdktools.com\r\nTelefone: +86 13815069640<\/p>\r\n<h2>Q13: O que devo fazer se receber um produto defeituoso?<\/h2>\r\n<p>Se receber um produto com problemas de qualidade, contacte imediatamente a nossa equipa de apoio ao cliente e forne\u00e7a o n\u00famero da sua encomenda e uma descri\u00e7\u00e3o do problema. Resolveremos o problema o mais rapidamente poss\u00edvel.<\/p>\r\n\r\n\r\n<h1>5. Acerca dos servi\u00e7os personalizados<\/h1>\r\n<h2>Q14: A HDK Tools oferece servi\u00e7os personalizados?<\/h2>\r\n<p>Sim, prestamos servi\u00e7os personalizados, incluindo:\r\nTamanhos fora do padr\u00e3o: Fresas de topo ou brocas personalizadas em tamanhos especiais com base nos seus requisitos.\r\nRevestimentos especiais: V\u00e1rias op\u00e7\u00f5es de revestimento para atender a diferentes ambientes de usinagem.<\/p>\r\n<h2>Q15: Qual \u00e9 o prazo de entrega dos produtos personalizados?<\/h2>\r\n<p>O prazo de entrega dos produtos personalizados \u00e9 normalmente de 7 a 10 dias, consoante a complexidade dos requisitos.<\/p>","protected":false},"excerpt":{"rendered":"Q1: What kind of company is HDK Tools? HDK Tools is a manufacturer and supplier specializing in high-quality Carbide End Mills and Carbide Drills. We are committed to providing global customers with high-precision, durable cutting tools widely used in industries such as aerospace, automotive manufacturing, and electronics processing. Q2: What are the advantages of HDK [&hellip;]","protected":false},"author":3,"featured_media":0,"parent":0,"menu_order":0,"comment_status":"closed","ping_status":"closed","template":"","meta":{"_monsterinsights_skip_tracking":false,"_monsterinsights_sitenote_active":false,"_monsterinsights_sitenote_note":"","_monsterinsights_sitenote_category":0,"footnotes":""},"class_list":["post-1652","page","type-page","status-publish","hentry"],"blocksy_meta":[],"aioseo_notices":[],"_links":{"self":[{"href":"https:\/\/hdktools.com\/pt\/wp-json\/wp\/v2\/pages\/1652","targetHints":{"allow":["GET"]}}],"collection":[{"href":"https:\/\/hdktools.com\/pt\/wp-json\/wp\/v2\/pages"}],"about":[{"href":"https:\/\/hdktools.com\/pt\/wp-json\/wp\/v2\/types\/page"}],"author":[{"embeddable":true,"href":"https:\/\/hdktools.com\/pt\/wp-json\/wp\/v2\/users\/3"}],"replies":[{"embeddable":true,"href":"https:\/\/hdktools.com\/pt\/wp-json\/wp\/v2\/comments?post=1652"}],"version-history":[{"count":0,"href":"https:\/\/hdktools.com\/pt\/wp-json\/wp\/v2\/pages\/1652\/revisions"}],"wp:attachment":[{"href":"https:\/\/hdktools.com\/pt\/wp-json\/wp\/v2\/media?parent=1652"}],"curies":[{"name":"wp","href":"https:\/\/api.w.org\/{rel}","templated":true}]}}