{"id":89,"date":"2024-01-03T18:00:16","date_gmt":"2024-01-03T10:00:16","guid":{"rendered":"https:\/\/hdktools.com\/?page_id=89"},"modified":"2025-04-15T19:44:50","modified_gmt":"2025-04-15T11:44:50","slug":"build-a-custom-tool","status":"publish","type":"page","link":"https:\/\/hdktools.com\/es\/build-a-custom-tool\/","title":{"rendered":"CREAR UNA HERRAMIENTA PERSONALIZADA"},"content":{"rendered":"<div data-elementor-type=\"wp-page\" data-elementor-id=\"89\" class=\"elementor elementor-89\" data-elementor-post-type=\"page\">\n\t\t\t\t<div class=\"elementor-element elementor-element-68228dcc e-flex e-con-boxed e-con e-parent\" data-id=\"68228dcc\" data-element_type=\"container\">\n\t\t\t\t\t<div class=\"e-con-inner\">\n\t\t\t\t<div class=\"elementor-element elementor-element-670f0bbb elementor-widget elementor-widget-text-editor\" data-id=\"670f0bbb\" data-element_type=\"widget\" data-widget_type=\"text-editor.default\">\n\t\t\t\t<div class=\"elementor-widget-container\">\n\t\t\t\t\t\t\t\t\t<style>\r\n\t.ctool-banner{\r\n\t\twidth: 100%; position: relative\r\n\t}\r\n\t.ctool-banner img{\r\n\t\twidth: 100%;\r\n\t}\r\n\t.ctool-banner>div{\r\n\t\twidth: 40%; position: absolute; top: 10vw; left: 30%; text-align: center; color: #fff;\r\n\t}\r\n\t.ctool-banner>div>h1{\r\n\t\tfont-size: 3.9vw; text-transform: uppercase; font-family: RobotoBold;\r\n\t}\r\n\t.ctool-banner>div>div{\r\n\t\tfont-size: 1.25vw; margin-top: 1vw; opacity: 0.7; line-height: 1.6vw;\r\n\t}\r\n\t.ctool-banner>div button{\r\n\t\twidth:24vw; height: 3vw; background-color: #D62418; line-height: 3vw; font-family: RobotoBold; font-size: 0.9vw; border: 0; margin-top: 2vw;\r\n\t}\r\n\t.ctool-banner>div a{\r\n\t\tcolor: #fff; display: block; width: 100%; height: 100%;\r\n\t}\r\n\t.ctool-context{\r\n\t\twidth: 100%; padding: 8vw 0 16vw; background-image: url(\/images\/category\/c-tool-bg.png); background-repeat: no-repeat; background-position: bottom; background-size: 100% 100%; font-family: RobotoRegular; color: #000;\r\n\t}\r\n\t.ctool-context>div{\r\n\t\twidth: 90%; max-width: 1400px; margin: auto; font-size: 1vw;\r\n\t}\r\n\t.ctool-context h2{\r\n\t\tfont-family: RobotoBold; font-size: 1.4vw;\r\n\t}\r\n\t.ctool-context>div .line{\r\n\t\twidth: 93%; margin-left: 7%; height: 1.5vw; border-bottom: 1px solid #707070;\r\n\t}\r\n\t.ctool-context>div .ctool-cat{\r\n\t\twidth: 92%; margin: auto; padding: 2vw 0; display: flex; justify-content: flex-start; flex-wrap: wrap;\r\n\t}\r\n\t.ctool-list{\r\n\t\twidth: 22%; margin-right: 3%; margin-bottom: 2vw;\r\n\t}\r\n\t.ctool-list img{\r\n\t\twidth: 100%;\r\n\t}\r\n\t.ctool-list h3{\r\n\t\twidth: 100%; font-family: RobotoBold; font-size: 1vw; margin-top: 2vw;\r\n\t}\r\n\t.ctool-list .ctool-text{\r\n\t\tfont-size: 0.85vw; opacity: 0.6; width: 90%; margin-top: 1vw;\r\n\t}\r\n\t.ctool-context .ctool-contact{\r\n\t\twidth: 92%; margin: auto; padding: 3vw 7vw; border: 1px solid #D62418; position: relative; background-color: #fff; box-shadow: 0px 10px 10px #ccc; font-family: RobotoRegular;\r\n\t}\r\n\t.con-fd{\r\n\t\tposition: absolute; top: 0; right: 0; width: 10%;\r\n\t}\r\n\t.con-fd img{ width: 100%;}\r\n\t.ctool-contact .title{\r\n\t\tfont-family: RobotoBold; font-size: 2.4vw;\r\n\t}\r\n\t.ctool-contact .con-line{\r\n\t\twidth: 4vw; height: 0.3vw; border-bottom: 2px solid #D92531;\r\n\t}\r\n\t.ctool-contact .list{\r\n\t\tmargin-top: 1vw; display: flex; flex-wrap: wrap; font-size: 0.9vw;\r\n\t}\r\n\t.ctool-contact .list>div{\r\n\t\tmargin-top: 1vw;\r\n\t}\r\n\t.con-name{\r\n\t\twidth: 35%; margin-right: 2%;\r\n\t}\r\n\t.con-country{\r\n\t\twidth: 27%; margin-right: 2%;\r\n\t}\r\n\t.con-email{\r\n\t\twidth: 34%;\r\n\t}\r\n\t.con-quantity{\r\n\t\twidth: 35%; margin-right: 2%;\r\n\t}\r\n\t.con-workpiece{\r\n\t\twidth: 63%;;\r\n\t}\r\n\t.con-upload{\r\n\t\twidth: 100%; color: #D62418; font-family: RobotoBold;\r\n\t}\r\n\t.con-upload img{ width:2vw; margin-right: 1vw;}\r\n\t.con-list-title>span{\r\n\t\tcolor: #D62418;\r\n\t}\r\n\t.ctool-contact .list>div input{\r\n\t\twidth: 100%; border: 1px solid #DFE1E2; border-radius: 5px; height: 2.5vw; margin-top: 0.5vw; padding-left: 5%;\r\n\t}\r\n\t.ctool-contact .list>div input:focus {\r\n\t  outline: none; \/* \u53bb\u9664\u9ed8\u8ba4\u7684\u805a\u7126\u6548\u679c *\/\r\n\t}\r\n\t.ctool-contact .send{\r\n\t\twidth: 35%; margin: 3vw auto 2vw; height: 2.5vw; line-height: 2.5vw; text-align: center; color: #fff; font-family: RobotoBold; background-color: #D62418; border-radius: 0.2vw;\r\n\t    display: flex;\r\n    align-items: center;\r\n    padding-top: 0;\r\n    padding-bottom: 0;}\r\n.con-file-uploadbox{\r\nposition: relative;\r\nmargin-right:10vw;\r\n}\r\n.con-file-upload{\r\nwidth:100%;\r\n    margin: 3vw auto 2vw;\r\n    margin-top: 0.5vw;\r\n    height: 2.5vw;\r\n    line-height: 2.5vw;\r\n    text-align: center;\r\n    color: #fff;\r\n    font-family: RobotoBold;\r\n    background-color: #D62418;\r\n    border-radius: 0.2vw;\r\npadding:0 30px;\r\nborder-radius:0.2vw;\r\n}\r\n@media (max-width: 768px){\r\n.con-file-uploadbox{\r\nmargin-right:0px;\r\n}\r\n.con-file-upload{\r\nheight:8.5vw;\r\nline-height:8vw;\r\n    margin-top: 5vw;\r\npadding-right:0;\r\nborder-radius:0.5vw;\r\n}\r\n\t.ctool-banner>div {\r\n\t\twidth: 100%;\r\n\t\ttop: 16vw;\r\n\t\tleft: 0;\r\n\t}\r\n\t.ctool-banner>div>h1 {\r\n\t\tfont-size: 8.6vw;\r\n\t}\r\n\t.ctool-banner>div>div {\r\n\t\tfont-size: 3.4vw;\r\n\t\tmargin-top: 2.5vw;;\r\n\t\tline-height: 4vw;\r\n\t}\r\n\t.ctool-banner>div button {\r\n\t\twidth: 70vw;\r\n\t\theight: 7.5vw;\r\n\t\tline-height: 7.5vw;\r\n\t\tfont-size: 2.8vw;\r\n\t\tmargin-top: 5vw;\r\n\t}\r\n\t.ctool-context {\r\n\t\tpadding: 12vw 0 16vw; background-image: none;\r\n\t}\r\n\t.ctool-context h2 {\r\n\t\tfont-size: 4.4vw;\r\n\t}\r\n\t.ctool-context>div .line {\r\n\t\twidth: 85%;\r\n\t\tmargin-left: 15%;\r\n\t\theight: 3vw;\r\n\t}\r\n\t.ctool-context>div .ctool-cat {\r\n\t\tpadding: 4vw 0;\r\n\t}\r\n\t.ctool-list {\r\n\t\twidth: 100%;\r\n\t\tmargin-right: 0;\r\n\t\tmargin-bottom: 6vw;\r\n\t}\r\n\t.ctool-list img{\r\n\t\twidth: 70%;\r\n\t}\r\n\t.ctool-list h3{\r\n\t\tfont-size: 3.6vw; margin-top: 4vw;\r\n\t}\r\n\t.ctool-list .ctool-text{\r\n\t\tfont-size: 2.6vw; argin-top: 2vw;\r\n\t}\r\n\r\n\t.ctool-contact .title{\r\n\t\tfont-size: 5.4vw;\r\n\t}\r\n\t.ctool-contact .con-line{\r\n\t\twidth: 10vw; height: 0.6vw; border-bottom: 2px solid #D92531;\r\n\t}\r\n\t.ctool-contact .list{\r\n\t\tfont-size: 3.6vw; display: block;\r\n\t}\r\n\t.ctool-contact .list>div{\r\n\t\tmargin-top: 3vw;\r\n\t}\r\n\t.con-name{\r\n\t\twidth: 100%;\r\n\t}\r\n\t.con-country{\r\n\t\twidth: 100%;\r\n\t}\r\n\t.con-email{\r\n\t\twidth: 100%;\r\n\t}\r\n\t.con-quantity{\r\n\t\twidth: 100%;\r\n\t}\r\n\t.con-workpiece{\r\n\t\twidth: 100%;\r\n\t}\r\n\t.con-upload img{ width:6vw; margin-right: 3vw;}\r\n\t.ctool-contact .list>div input{\r\n\t\tborder-radius: 5px; height: 8vw; margin-top: 1vw;\r\n\t}\r\n\t.ctool-contact .send{\r\n\t\twidth: 50%; margin: 9vw auto 8vw; height: 8vw; line-height: 8vw; border-radius: 1vw; font-size: 3vw;\r\n\t}\r\n}\r\n<\/style>\r\n<div class=\"handerk-content\">\r\n\t<div class=\"ctool-banner\">\r\n\t\t<img decoding=\"async\" src=\"\/images\/category\/c-tool-banner.jpg\" class=\"pc_show\">\r\n\t\t<img decoding=\"async\" src=\"\/images\/category\/c-tool-banner-m.jpg\" class=\"mobile_show\">\r\n\t\t<div>\r\n\t\t\t<h1>CREAR UNA HERRAMIENTA PERSONALIZADA<\/h1>\r\n\t\t\t<div>Dise\u00f1o de fresas y cortadores de metal duro a medida<br>espec\u00edficamente para su aplicaci\u00f3n.<\/div>\r\n\t\t\t<button class=\"ctool-button shane-popup\"><a href=\"#\">\u00bfBusca nuestro programa Quickturn Keyseat? Haga clic aqu\u00ed<\/a><\/button>\r\n\t\t<\/div>\r\n\t<\/div>\r\n\t<div class=\"ctool-context\">\r\n\t\t<div>\r\n\t\t\t<h2>Fresa de mango<\/h2>\r\n\t\t\t<div class=\"line\"><\/div>\r\n\t\t\t<div class=\"ctool-cat\">\r\n\t\t\t\t<div class=\"ctool-list\">\r\n\t\t\t\t\t<img decoding=\"async\" src=\"\/images\/category\/c-tool-01.webp\">\r\n\t\t\t\t\t<h3>Est\u00e1ndar<\/h3>\r\n\t\t\t\t\t<div class=\"ctool-text\">Las herramientas de metal duro est\u00e1n dise\u00f1adas para una gran variedad de aplicaciones y materiales, con miles de combinaciones geom\u00e9tricas \u00fanicas.<\/div>\r\n\t\t\t\t<\/div>\r\n\t\t\t\t<div class=\"ctool-list\">\r\n\t\t\t\t\t<img decoding=\"async\" src=\"\/images\/category\/c-tool-02.webp\">\r\n\t\t\t\t\t<h3>Largo alcance<\/h3>\r\n\t\t\t\t\t<div class=\"ctool-text\">Dise\u00f1ado para operaciones de moldeo en cavidades profundas y acabado de acero de 46Rc a 68Rc.<\/div>\r\n\t\t\t\t<\/div>\r\n\t\t\t\t<div class=\"ctool-list\">\r\n\t\t\t\t\t<img decoding=\"async\" src=\"\/images\/category\/c-tool-03.webp\">\r\n\t\t\t\t\t<h3>C\u00f3nico<\/h3>\r\n\t\t\t\t\t<div class=\"ctool-text\">Ideal para aplicaciones de fresado de cavidades profundas, uno de los trabajos m\u00e1s dif\u00edciles a los que se enfrentan los mec\u00e1nicos, est\u00e1 dise\u00f1ado para maximizar la holgura.<\/div>\r\n\t\t\t\t<\/div>\r\n\t\t\t<\/div>\r\n\t\t<\/div>\r\n\t\t<div>\r\n\t\t\t<h2>Perfiles de especialidad<\/h2>\r\n\t\t\t<div class=\"line\"><\/div>\r\n\t\t\t<div class=\"ctool-cat\">\r\n\t\t\t\t<div class=\"ctool-list\">\r\n\t\t\t\t\t<img decoding=\"async\" src=\"\/images\/category\/c-tool-04.webp\">\r\n\t\t\t\t\t<h3>Desbarbador trasero<\/h3>\r\n\t\t\t\t\t<div class=\"ctool-text\">Dise\u00f1adas con una proyecci\u00f3n radial m\u00e1s peque\u00f1a que las fresas de mango en \u00e1ngulo doble y las fresas de chafl\u00e1n trasero, lo que se traduce en una mayor resistencia.<\/div>\r\n\t\t\t\t<\/div>\r\n\t\t\t\t<div class=\"ctool-list\">\r\n\t\t\t\t\t<img decoding=\"async\" src=\"\/images\/category\/c-tool-05.webp\">\r\n\t\t\t\t\t<h3>Fresas de chafl\u00e1n<\/h3>\r\n\t\t\t\t\t<div class=\"ctool-text\">Un tipo vers\u00e1til de herramienta de mecanizado CNC dise\u00f1ada para biselar, desbarbar y biselar hacia atr\u00e1s una pieza de forma r\u00e1pida y satisfactoria.<\/div>\r\n\t\t\t\t<\/div>\r\n\t\t\t\t<div class=\"ctool-list\">\r\n\t\t\t\t\t<img decoding=\"async\" src=\"\/images\/category\/c-tool-06.webp\">\r\n\t\t\t\t\t<h3>Fresas de radio c\u00f3ncavo<\/h3>\r\n\t\t\t\t\t<div class=\"ctool-text\">El dise\u00f1o especializado forma una media ca\u00f1a en una pieza cortando s\u00f3lo el di\u00e1metro exterior y el radio.<\/div>\r\n\t\t\t\t<\/div>\r\n\t\t\t\t<div class=\"ctool-list\">\r\n\t\t\t\t\t<img decoding=\"async\" src=\"\/images\/category\/c-tool-07.webp\">\r\n\t\t\t\t\t<h3>Fresas para redondeo de esquinas<\/h3>\r\n\t\t\t\t\t<div class=\"ctool-text\">Con una forma de radio c\u00f3ncavo, esta herramienta se utiliza con mayor frecuencia para crear bordes redondeados a lo largo de la parte superior de una pieza de trabajo.<\/div>\r\n\t\t\t\t<\/div>\r\n\t\t\t\t<div class=\"ctool-list\">\r\n\t\t\t\t\t<img decoding=\"async\" src=\"\/images\/category\/c-tool-08.webp\">\r\n\t\t\t\t\t<h3>Fresas de doble mango angular<\/h3>\r\n\t\t\t\t\t<div class=\"ctool-text\">Considerada como una de las herramientas m\u00e1s vers\u00e1tiles que un maquinista puede tener en su carrusel, esta \u00fanica herramienta puede realizar m\u00faltiples operaciones de mecanizado.<\/div>\r\n\t\t\t\t<\/div>\r\n\t\t\t\t<div class=\"ctool-list\">\r\n\t\t\t\t\t<img decoding=\"async\" src=\"\/images\/category\/c-tool-09.webp\">\r\n\t\t\t\t\t<h3>Fresas de cola de milano<\/h3>\r\n\t\t\t\t\t<div class=\"ctool-text\">Se utiliza para una amplia gama de aplicaciones, a menudo para socavar o desbarbar en una pieza de trabajo, o para cortar ranuras de juntas t\u00f3ricas.<\/div>\r\n\t\t\t\t<\/div>\r\n\t\t\t\t<div class=\"ctool-list\">\r\n\t\t\t\t\t<img decoding=\"async\" src=\"\/images\/category\/c-tool-10.webp\">\r\n\t\t\t\t\t<h3>Taladradoras<\/h3>\r\n\t\t\t\t\t<div class=\"ctool-text\">Perfectas para operaciones de taladrado, ranurado, fresado, punteado y biselado, y disponibles en dos estilos distintos: Estilo fresa y Estilo\r\nEstilo fresa.<\/div>\r\n\t\t\t\t<\/div>\r\n\t\t\t\t<div class=\"ctool-list\">\r\n\t\t\t\t\t<img decoding=\"async\" src=\"\/images\/category\/c-tool-11.webp\">\r\n\t\t\t\t\t<h3>Cortadores de grabado<\/h3>\r\n\t\t\t\t\t<div class=\"ctool-text\">Las fresas de grabado, resistentes y dise\u00f1adas para durar, crean grabados de piezas precisos y est\u00e9ticamente atractivos.<\/div>\r\n\t\t\t\t<\/div>\r\n\t\t\t\t<div class=\"ctool-list\">\r\n\t\t\t\t\t<img decoding=\"async\" src=\"\/images\/category\/c-tool-12.webp\">\r\n\t\t\t\t\t<h3>Cortallaves<\/h3>\r\n\t\t\t\t\t<div class=\"ctool-text\">A menudo denominadas \"fresas Woodruff\", esta herramienta se utiliza principalmente para dejar una ranura precisa en una pieza.<\/div>\r\n\t\t\t\t<\/div>\r\n\t\t\t\t<div class=\"ctool-list\">\r\n\t\t\t\t\t<img decoding=\"async\" src=\"\/images\/category\/c-tool-13.webp\">\r\n\t\t\t\t\t<h3>Sierras<\/h3>\r\n\t\t\t\t\t<div class=\"ctool-text\">Optimizadas para aplicaciones de ranurado y corte, las sierras de corte longitudinal son sierras planas de forma circular con un orificio en el centro y \"dientes\" de corte.\r\n\"dientes\".<\/div>\r\n\t\t\t\t<\/div>\r\n\t\t\t\t<div class=\"ctool-list\">\r\n\t\t\t\t\t<img decoding=\"async\" src=\"\/images\/category\/c-tool-14.webp\">\r\n\t\t\t\t\t<h3>Fresas de destalonar<\/h3>\r\n\t\t\t\t\t<div class=\"ctool-text\">Conocidas a menudo como \"fresas piruleta\", las fresas de mango de rebaje son ideales para facilitar el mecanizado de la parte inferior de las piezas.<\/div>\r\n\t\t\t\t<\/div>\r\n\t\t\t<\/div>\r\n\t\t<\/div>\r\n\t\t<div>\r\n\t\t\t<h2>Taladrado y roscado<\/h2>\r\n\t\t\t<div class=\"line\"><\/div>\r\n\t\t\t<div class=\"ctool-cat\">\r\n\t\t\t\t<div class=\"ctool-list\">\r\n\t\t\t\t\t<img decoding=\"async\" src=\"\/images\/category\/c-tool-15.webp\">\r\n\t\t\t\t\t<h3>Contrataladros<\/h3>\r\n\t\t\t\t\t<div class=\"ctool-text\">Ideal para piezas de fundici\u00f3n, piezas redondeadas y superficies c\u00f3ncavas o esbozadas, utilice esta herramienta para detectar con eficacia, mantener la posici\u00f3n y controlar el acabado de las piezas.<\/div>\r\n\t\t\t\t<\/div>\r\n\t\t\t\t<div class=\"ctool-list\">\r\n\t\t\t\t\t<img decoding=\"async\" src=\"\/images\/category\/c-tool-16.webp\">\r\n\t\t\t\t\t<h3>Taladros<\/h3>\r\n\t\t\t\t\t<div class=\"ctool-text\">Optimizados para evitar la marcha, los taladros son eficaces para hacer, mantener y evacuar un chip.<\/div>\r\n\t\t\t\t<\/div>\r\n\t\t\t\t<div class=\"ctool-list\">\r\n\t\t\t\t\t<img decoding=\"async\" src=\"\/images\/category\/c-tool-17.webp\">\r\n\t\t\t\t\t<h3>Taladros y avellanadores<\/h3>\r\n\t\t\t\t\t<div class=\"ctool-text\">Dise\u00f1ado para ahorrar tiempo a los maquinistas taladrando y biselando la parte superior de un orificio en una sola operaci\u00f3n.<\/div>\r\n\t\t\t\t<\/div>\r\n\t\t\t\t<div class=\"ctool-list\">\r\n\t\t\t\t\t<img decoding=\"async\" src=\"\/images\/category\/c-tool-18.webp\">\r\n\t\t\t\t\t<h3>Escariadores<\/h3>\r\n\t\t\t\t\t<div class=\"ctool-text\">Con tolerancias extremadamente ajustadas, los escariadores est\u00e1n pensados para llevar un agujero al tama\u00f1o perfecto y dejar un gran acabado en la pared.<\/div>\r\n\t\t\t\t<\/div>\r\n\t\t\t\t<div class=\"ctool-list\">\r\n\t\t\t\t\t<img decoding=\"async\" src=\"\/images\/category\/c-tool-19.webp\">\r\n\t\t\t\t\t<h3>Fresadoras de hilo<\/h3>\r\n\t\t\t\t\t<div class=\"ctool-text\">Fresa roscas a derechas e izquierdas y corta roscas internas y externas de 60\u00b0 UN en muchos materiales, incluidos aceros endurecidos.<\/div>\r\n\t\t\t\t<\/div>\r\n\t\t\t<\/div>\r\n\t\t<\/div>\r\n\t\t<div>\r\n\t\t\t\n<div class=\"wpcf7 no-js\" id=\"wpcf7-f328-o1\" lang=\"zh-CN\" dir=\"ltr\">\n<div class=\"screen-reader-response\"><p role=\"status\" aria-live=\"polite\" aria-atomic=\"true\"><\/p> <ul><\/ul><\/div>\n<form action=\"\/wp-json\/wp\/v2\/pages\/89\" method=\"post\" class=\"wpcf7-form init\" aria-label=\"Contact form\" enctype=\"multipart\/form-data\" novalidate=\"novalidate\" data-status=\"init\" data-trp-original-action=\"\/es\/wp-json\/wp\/v2\/pages\/89#wpcf7-f328-o1\">\n<div style=\"display: none;\">\n<input type=\"hidden\" name=\"_wpcf7\" value=\"328\" \/>\n<input type=\"hidden\" name=\"_wpcf7_version\" value=\"5.9.3\" \/>\n<input type=\"hidden\" name=\"_wpcf7_locale\" value=\"zh_CN\" \/>\n<input type=\"hidden\" name=\"_wpcf7_unit_tag\" value=\"wpcf7-f328-o1\" \/>\n<input type=\"hidden\" name=\"_wpcf7_container_post\" value=\"0\" \/>\n<input type=\"hidden\" name=\"_wpcf7_posted_data_hash\" value=\"\" \/>\n<\/div>\n<div class=\"ctool-contact\">\n\t<div class=\"con-fd\">\n\t\t<p><img decoding=\"async\" src=\"\/images\/category\/c-tool-fd.png\" \/>\n\t\t<\/p>\n\t<\/div>\n\t<div class=\"title\">\n\t\t<p>Informaci\u00f3n de contacto\n\t\t<\/p>\n\t<\/div>\n\t<div class=\"con-line\">\n\t<\/div>\n\t<div class=\"list\">\n\t\t<div class=\"con-name\">\n\t\t\t<div class=\"con-list-title\">\n\t\t\t\t<p>Nombre<span>*<\/span>\n\t\t\t\t<\/p>\n\t\t\t<\/div>\n\t\t\t<p><span class=\"wpcf7-form-control-wrap\" data-name=\"myname\"><input size=\"40\" class=\"wpcf7-form-control wpcf7-text wpcf7-validates-as-required\" aria-required=\"true\" aria-invalid=\"false\" value=\"\" type=\"text\" name=\"myname\" \/><\/span>\n\t\t\t<\/p>\n\t\t<\/div>\n\t\t<div class=\"con-country\">\n\t\t\t<div class=\"con-list-title\">\n\t\t\t\t<p>Pa\u00eds<span>*<\/span>\n\t\t\t\t<\/p>\n\t\t\t<\/div>\n\t\t\t<p><span class=\"wpcf7-form-control-wrap\" data-name=\"country\"><input size=\"40\" class=\"wpcf7-form-control wpcf7-text wpcf7-validates-as-required\" aria-required=\"true\" aria-invalid=\"false\" value=\"\" type=\"text\" name=\"country\" \/><\/span>\n\t\t\t<\/p>\n\t\t<\/div>\n\t\t<div class=\"con-email\">\n\t\t\t<div class=\"con-list-title\">\n\t\t\t\t<p>Correo electr\u00f3nico<span>*<\/span>\n\t\t\t\t<\/p>\n\t\t\t<\/div>\n\t\t\t<p><span class=\"wpcf7-form-control-wrap\" data-name=\"email\"><input size=\"40\" class=\"wpcf7-form-control wpcf7-email wpcf7-validates-as-required wpcf7-text wpcf7-validates-as-email\" aria-required=\"true\" aria-invalid=\"false\" value=\"\" type=\"email\" name=\"email\" \/><\/span>\n\t\t\t<\/p>\n\t\t<\/div>\n\t\t<div class=\"con-quantity\">\n\t\t\t<div class=\"con-list-title\">\n\t\t\t\t<p>Cantidad<span>*<\/span>\n\t\t\t\t<\/p>\n\t\t\t<\/div>\n\t\t\t<p><span class=\"wpcf7-form-control-wrap\" data-name=\"quantity\"><input size=\"40\" class=\"wpcf7-form-control wpcf7-text wpcf7-validates-as-required\" aria-required=\"true\" aria-invalid=\"false\" value=\"\" type=\"text\" name=\"quantity\" \/><\/span>\n\t\t\t<\/p>\n\t\t<\/div>\n\t\t<div class=\"con-workpiece\">\n\t\t\t<div class=\"con-list-title\">\n\t\t\t\t<p>Material de la pieza<span>*<\/span>\n\t\t\t\t<\/p>\n\t\t\t<\/div>\n\t\t\t<p><span class=\"wpcf7-form-control-wrap\" data-name=\"workpiece-material\"><input size=\"40\" class=\"wpcf7-form-control wpcf7-text wpcf7-validates-as-required\" aria-required=\"true\" aria-invalid=\"false\" value=\"\" type=\"text\" name=\"workpiece-material\" \/><\/span>\n\t\t\t<\/p>\n\t\t<\/div>\n\t\t<div class=\"con-file-uploadbox\">\n\t\t\t<p><label for=\"file-upload\" class=\"con-file-upload\">Cargar dibujos<\/label>\n\t\t\t<\/p>\n\t\t\t<div style=\"opacity:0;position: absolute;top: 0;\">\n\t\t\t\t<p><span class=\"wpcf7-form-control-wrap\" data-name=\"upload-file\"><input size=\"40\" class=\"wpcf7-form-control wpcf7-file wpcf7-validates-as-required\" accept=\".jpg,.jpeg,.png,.gif\" aria-required=\"true\" aria-invalid=\"false\" type=\"file\" name=\"upload-file\" \/><\/span>\n\t\t\t\t<\/p>\n\t\t\t<\/div>\n\t\t<\/div>\n\t\t<div class=\"con-submit\">\n\t\t\t<p><input class=\"wpcf7-form-control wpcf7-submit has-spinner send\" type=\"submit\" value=\"Env\u00edenos\" \/>\n\t\t\t<\/p>\n\t\t<\/div>\n\t<\/div>\n<\/div>\n<p><script>\ndocument.addEventListener( 'wpcf7mailsent', function( event ) {\n window.location.href = '\/success';\n}, false );\n<\/script>\n<\/p><div class=\"wpcf7-response-output\" aria-hidden=\"true\"><\/div>\n<input type=\"hidden\" name=\"trp-form-language\" value=\"es\"\/><\/form>\n<\/div>\n\r\n\t\t<\/div>\r\n\t<\/div>\r\n<\/div>\t\t\t\t\t\t\t\t<\/div>\n\t\t\t\t<\/div>\n\t\t\t\t\t<\/div>\n\t\t\t\t<\/div>\n\t\t<div class=\"elementor-element elementor-element-cbd42e2 e-flex e-con-boxed e-con e-parent\" data-id=\"cbd42e2\" data-element_type=\"container\">\n\t\t\t\t\t<div class=\"e-con-inner\">\n\t\t\t\t<div class=\"elementor-element elementor-element-2a39137 elementor-button-align-stretch elementor-widget elementor-widget-form\" data-id=\"2a39137\" data-element_type=\"widget\" data-settings=\"{&quot;step_next_label&quot;:&quot;Next&quot;,&quot;step_previous_label&quot;:&quot;Previous&quot;,&quot;button_width&quot;:&quot;25&quot;,&quot;step_type&quot;:&quot;number_text&quot;,&quot;step_icon_shape&quot;:&quot;circle&quot;}\" data-widget_type=\"form.default\">\n\t\t\t\t<div class=\"elementor-widget-container\">\n\t\t\t\t\t\t\t<form class=\"elementor-form\" method=\"post\" name=\"New Form\">\n\t\t\t<input type=\"hidden\" name=\"post_id\" value=\"89\"\/>\n\t\t\t<input type=\"hidden\" name=\"form_id\" value=\"2a39137\"\/>\n\t\t\t<input type=\"hidden\" name=\"referer_title\" value=\"\" \/>\n\n\t\t\t\n\t\t\t<div class=\"elementor-form-fields-wrapper elementor-labels-above\">\n\t\t\t\t\t\t\t\t<div class=\"elementor-field-type-text elementor-field-group elementor-column elementor-field-group-name elementor-col-33 elementor-field-required\">\n\t\t\t\t\t\t\t\t\t\t\t\t<label for=\"form-field-name\" class=\"elementor-field-label\">\n\t\t\t\t\t\t\t\tNombre\t\t\t\t\t\t\t<\/label>\n\t\t\t\t\t\t\t\t\t\t\t\t\t\t<input size=\"1\" type=\"text\" name=\"form_fields[name]\" id=\"form-field-name\" class=\"elementor-field elementor-size-lg  elementor-field-textual\" required=\"required\">\n\t\t\t\t\t\t\t\t\t\t\t<\/div>\n\t\t\t\t\t\t\t\t<div class=\"elementor-field-type-text elementor-field-group elementor-column elementor-field-group-field_f27c9cf elementor-col-33 elementor-field-required\">\n\t\t\t\t\t\t\t\t\t\t\t\t<label for=\"form-field-field_f27c9cf\" class=\"elementor-field-label\">\n\t\t\t\t\t\t\t\tPa\u00eds\t\t\t\t\t\t\t<\/label>\n\t\t\t\t\t\t\t\t\t\t\t\t\t\t<input size=\"1\" type=\"text\" name=\"form_fields[field_f27c9cf]\" id=\"form-field-field_f27c9cf\" class=\"elementor-field elementor-size-lg  elementor-field-textual\" required=\"required\">\n\t\t\t\t\t\t\t\t\t\t\t<\/div>\n\t\t\t\t\t\t\t\t<div class=\"elementor-field-type-email elementor-field-group elementor-column elementor-field-group-email elementor-col-33 elementor-field-required\">\n\t\t\t\t\t\t\t\t\t\t\t\t<label for=\"form-field-email\" class=\"elementor-field-label\">\n\t\t\t\t\t\t\t\tCorreo electr\u00f3nico\t\t\t\t\t\t\t<\/label>\n\t\t\t\t\t\t\t\t\t\t\t\t\t\t<input size=\"1\" type=\"email\" name=\"form_fields[email]\" id=\"form-field-email\" class=\"elementor-field elementor-size-lg  elementor-field-textual\" required=\"required\">\n\t\t\t\t\t\t\t\t\t\t\t<\/div>\n\t\t\t\t\t\t\t\t<div class=\"elementor-field-type-text elementor-field-group elementor-column elementor-field-group-field_b9916a4 elementor-col-30 elementor-field-required\">\n\t\t\t\t\t\t\t\t\t\t\t\t<label for=\"form-field-field_b9916a4\" class=\"elementor-field-label\">\n\t\t\t\t\t\t\t\tCantidad*\t\t\t\t\t\t\t<\/label>\n\t\t\t\t\t\t\t\t\t\t\t\t\t\t<input size=\"1\" type=\"text\" name=\"form_fields[field_b9916a4]\" id=\"form-field-field_b9916a4\" class=\"elementor-field elementor-size-lg  elementor-field-textual\" required=\"required\">\n\t\t\t\t\t\t\t\t\t\t\t<\/div>\n\t\t\t\t\t\t\t\t<div class=\"elementor-field-type-text elementor-field-group elementor-column elementor-field-group-field_938ff7b elementor-col-70 elementor-field-required\">\n\t\t\t\t\t\t\t\t\t\t\t\t<label for=\"form-field-field_938ff7b\" class=\"elementor-field-label\">\n\t\t\t\t\t\t\t\tMaterial de la pieza*\t\t\t\t\t\t\t<\/label>\n\t\t\t\t\t\t\t\t\t\t\t\t\t\t<input size=\"1\" type=\"text\" name=\"form_fields[field_938ff7b]\" id=\"form-field-field_938ff7b\" class=\"elementor-field elementor-size-lg  elementor-field-textual\" required=\"required\">\n\t\t\t\t\t\t\t\t\t\t\t<\/div>\n\t\t\t\t\t\t\t\t<div class=\"elementor-field-group elementor-column elementor-field-type-submit elementor-col-25 e-form__buttons\">\n\t\t\t\t\t<button class=\"elementor-button elementor-size-sm\" type=\"submit\">\n\t\t\t\t\t\t<span class=\"elementor-button-content-wrapper\">\n\t\t\t\t\t\t\t\t\t\t\t\t\t\t\t\t\t\t\t\t\t\t<span class=\"elementor-button-text\">Enviar<\/span>\n\t\t\t\t\t\t\t\t\t\t\t\t\t<\/span>\n\t\t\t\t\t<\/button>\n\t\t\t\t<\/div>\n\t\t\t<\/div>\n\t\t<input type=\"hidden\" name=\"trp-form-language\" value=\"es\"\/><\/form>\n\t\t\t\t\t\t<\/div>\n\t\t\t\t<\/div>\n\t\t\t\t\t<\/div>\n\t\t\t\t<\/div>\n\t\t\t\t<\/div>","protected":false},"excerpt":{"rendered":"BUILD A CUSTOM TOOL Design solid carbide custom end mills and cuttersspecifically for your application! Looking for our Quickturn Keyseat program? Click here End Mill Standard Overall carbide tools are designed for a variety of applications and materialswith thousands of unique geometric combinations. Long Reach Designed for deep cavity molding and finishing operations from 46Rc [&hellip;]","protected":false},"author":1,"featured_media":0,"parent":0,"menu_order":0,"comment_status":"closed","ping_status":"closed","template":"single-page-full.php","meta":{"_monsterinsights_skip_tracking":false,"_monsterinsights_sitenote_active":false,"_monsterinsights_sitenote_note":"","_monsterinsights_sitenote_category":0,"footnotes":""},"class_list":["post-89","page","type-page","status-publish","hentry"],"blocksy_meta":[],"aioseo_notices":[],"_links":{"self":[{"href":"https:\/\/hdktools.com\/es\/wp-json\/wp\/v2\/pages\/89","targetHints":{"allow":["GET"]}}],"collection":[{"href":"https:\/\/hdktools.com\/es\/wp-json\/wp\/v2\/pages"}],"about":[{"href":"https:\/\/hdktools.com\/es\/wp-json\/wp\/v2\/types\/page"}],"author":[{"embeddable":true,"href":"https:\/\/hdktools.com\/es\/wp-json\/wp\/v2\/users\/1"}],"replies":[{"embeddable":true,"href":"https:\/\/hdktools.com\/es\/wp-json\/wp\/v2\/comments?post=89"}],"version-history":[{"count":9,"href":"https:\/\/hdktools.com\/es\/wp-json\/wp\/v2\/pages\/89\/revisions"}],"predecessor-version":[{"id":1734,"href":"https:\/\/hdktools.com\/es\/wp-json\/wp\/v2\/pages\/89\/revisions\/1734"}],"wp:attachment":[{"href":"https:\/\/hdktools.com\/es\/wp-json\/wp\/v2\/media?parent=89"}],"curies":[{"name":"wp","href":"https:\/\/api.w.org\/{rel}","templated":true}]}}