{"id":223,"date":"2024-01-22T09:28:19","date_gmt":"2024-01-22T01:28:19","guid":{"rendered":"https:\/\/hdktools.com\/?page_id=223"},"modified":"2024-08-22T17:09:53","modified_gmt":"2024-08-22T09:09:53","slug":"home-test","status":"publish","type":"page","link":"https:\/\/hdktools.com\/es\/home-test\/","title":{"rendered":"home-test"},"content":{"rendered":"<div class=\"handerk-content\">\r\n\t<div class=\"home-zs\">\r\n\t\t<img decoding=\"async\" style=\"width: 100%;\" src=\"\/images\/home-zs.png\" \/>\r\n\t<\/div>\r\n\t<div class=\"home-p1 swiper swiper-home-banner\">\r\n\t\t<div class=\"swiper-wrapper\">\r\n\t\t\t<div class=\"swiper-slide\">\r\n\t\t\t\t<img decoding=\"async\" class=\"mobile_show\" src=\"\/images\/home-banner-01-m.jpg\" \/>\r\n\t\t\t\t<img decoding=\"async\" class=\"pc_show\" src=\"http:\/\/hdktools.com\/wp-content\/uploads\/2023\/12\/2-\u62f7\u8d1d-1.jpg\" \/>\r\n\t\t\t\t<div class=\"banner-context\" style=\"display: none;\">\r\n\t\t\t\t\t<h1 class=\"banner-title\">PIENSE PRIMERO EN HANDERK<\/h1>\r\n\t\t\t\t\t<div class=\"banner-text\">Ofrecemos m\u00e1s de 180.000 herramientas de corte diferentes totalmente almacenadas y listas para enviar el mismo d\u00eda de su compra.<\/div>\r\n\t\t\t\t\t<div class=\"banner-link\">Ver ahora<\/div>\r\n\t\t\t\t<\/div>\r\n\t\t\t<\/div>\r\n\t\t\t<div class=\"swiper-slide style02\">\r\n\t\t\t\t<img decoding=\"async\" class=\"mobile_show\" src=\"\/images\/home-banner-02-m.jpg\" \/>\r\n\t\t\t\t<img decoding=\"async\" class=\"pc_show\" src=\"http:\/\/hdktools.com\/wp-content\/uploads\/2023\/12\/1-\u62f7\u8d1d-1.jpg\" \/>\r\n\t\t\t\t<div class=\"banner-context\" style=\"display: none;\">\r\n\t\t\t\t\t<div class=\"banner-text\">PASI\u00d3N POR LA PRECISI\u00d3N<\/div>\r\n\t\t\t\t\t<div class=\"banner-text03\">SERIE ST<\/div>\r\n\t\t\t\t\t<div class=\"banner-title\">SOLUCI\u00d3N PARA MATERIAL DE GRAN DUREZA<\/div>\r\n\t\t\t\t\t<div class=\"banner-text banner-text-m\">USO GENERAL \/ H\u00c9LICE VARIABLE<\/div>\r\n\t\t\t\t\t<div class=\"banner-link\">Revisar ahora<\/div>\r\n\t\t\t\t<\/div>\r\n\t\t\t<\/div>\r\n\t\t\t<div class=\"swiper-slide style03\">\r\n\t\t\t\t<img decoding=\"async\" class=\"mobile_show\" src=\"\/images\/home-banner-03-m.jpg\" \/>\r\n\t\t\t\t<img decoding=\"async\" class=\"pc_show\" src=\"http:\/\/hdktools.com\/wp-content\/uploads\/2023\/12\/3-\u62f7\u8d1d.jpg\" \/>\r\n\t\t\t\t<div class=\"banner-context\" style=\"display: none;\">\r\n\t\t\t\t\t<h2 class=\"banner-title\">HERRAMIENTAS ESPECIALES APLICACI\u00d3N ADECUADA<\/h2>\r\n\t\t\t\t\t<div class=\"banner-text\">Para utilizar la herramienta a la perfecci\u00f3n, le ayudamos a realizar un dibujo t\u00e9cnico basado en la pieza de trabajo. Todo el tiempo de producci\u00f3n es de s\u00f3lo 7-10 d\u00edas para obtener una herramienta adecuada.<\/div>\r\n\t\t\t\t\t<div class=\"banner-link\">OEM&amp;ODM Ahora<\/div>\r\n\t\t\t\t<\/div>\r\n\t\t\t<\/div>\r\n\t\t<\/div>\r\n\t\t<!-- \u5982\u679c\u9700\u8981\u5206\u9875\u5668 -->\r\n\t\t<div class=\"swiper-pagination\"><\/div>\r\n\t<\/div>\r\n\t<div class=\"home-p2\">\r\n\t\t<div class=\"p2-con\">\r\n\t\t\t<div class=\"p2-left\">\r\n\t\t\t\t<h2 class=\"p2-title\">Informaci\u00f3n sobre el producto<\/h2>\r\n\t\t\t\t<div class=\"p2-swiper\">\r\n\t\t\t\t\t<div class=\"swiper swiper-home-p2\">\r\n\t\t\t\t\t\t<div class=\"swiper-wrapper\">\r\n\t\t\t\t\t\t\t<div class=\"swiper-slide\">\r\n\t\t\t\t\t\t\t\t<img decoding=\"async\" src=\"\/images\/home-p2-01-m.png\" class=\"mobile_show\">\r\n\t\t\t\t\t\t\t\t<img decoding=\"async\" src=\"http:\/\/hdktools.com\/wp-content\/uploads\/2023\/12\/home-p2-01.png\" class=\"pc_show\">\r\n\t\t\t\t\t\t\t\t<span>Insertos de aleaci\u00f3n<\/span>\r\n\t\t\t\t\t\t\t<\/div>\r\n\t\t\t\t\t\t\t<div class=\"swiper-slide\">\r\n\t\t\t\t\t\t\t\t<img decoding=\"async\" src=\"\/images\/home-p2-02-m.png\" class=\"mobile_show\">\r\n\t\t\t\t\t\t\t\t<img decoding=\"async\" src=\"http:\/\/hdktools.com\/wp-content\/uploads\/2023\/12\/home-p2-02.png\" class=\"pc_show\">\r\n\t\t\t\t\t\t\t\t<span>Broca de aleaci\u00f3n<\/span>\r\n\t\t\t\t\t\t\t<\/div>\r\n\t\t\t\t\t\t\t<div class=\"swiper-slide\">\r\n\t\t\t\t\t\t\t\t<img decoding=\"async\" src=\"\/images\/home-p2-03-m.png\" class=\"mobile_show\">\r\n\t\t\t\t\t\t\t\t<img decoding=\"async\" src=\"http:\/\/hdktools.com\/wp-content\/uploads\/2023\/12\/home-p2-03.png\" class=\"pc_show\">\r\n\t\t\t\t\t\t\t\t<span>Fresa de aleaci\u00f3n<\/span>\r\n\t\t\t\t\t\t\t<\/div>\r\n\t\t\t\t\t\t\t<div class=\"swiper-slide\">\r\n\t\t\t\t\t\t\t\t<img decoding=\"async\" src=\"\/images\/home-p2-01-m.png\" class=\"mobile_show\">\r\n\t\t\t\t\t\t\t\t<img decoding=\"async\" src=\"http:\/\/hdktools.com\/wp-content\/uploads\/2023\/12\/home-p2-01.png\" class=\"pc_show\">\r\n\t\t\t\t\t\t\t\t<span>Insertos de aleaci\u00f3n<\/span>\r\n\t\t\t\t\t\t\t<\/div>\r\n\t\t\t\t\t\t\t<div class=\"swiper-slide\">\r\n\t\t\t\t\t\t\t\t<img decoding=\"async\" src=\"\/images\/home-p2-02-m.png\" class=\"mobile_show\">\r\n\t\t\t\t\t\t\t\t<img decoding=\"async\" src=\"http:\/\/hdktools.com\/wp-content\/uploads\/2023\/12\/home-p2-02.png\" class=\"pc_show\">\r\n\t\t\t\t\t\t\t\t<span>Broca de aleaci\u00f3n<\/span>\r\n\t\t\t\t\t\t\t<\/div>\r\n\t\t\t\t\t\t\t<div class=\"swiper-slide\">\r\n\t\t\t\t\t\t\t\t<img decoding=\"async\" src=\"\/images\/home-p2-03-m.png\" class=\"mobile_show\">\r\n\t\t\t\t\t\t\t\t<img decoding=\"async\" src=\"http:\/\/hdktools.com\/wp-content\/uploads\/2023\/12\/home-p2-03.png\" class=\"pc_show\">\r\n\t\t\t\t\t\t\t\t<span>Fresa de aleaci\u00f3n<\/span>\r\n\t\t\t\t\t\t\t<\/div>\r\n\t\t\t\t\t\t<\/div>\r\n\t\t\t\t\t\t<div class=\"swiper-pagination\"><\/div>\r\n\t\t\t\t\t<\/div>\r\n\t\t\t\t<\/div>\r\n\t\t\t<\/div>\r\n\t\t\t<div class=\"p2-right\">\r\n\t\t\t\t<div class=\"p2-title\">Categor\u00eda<\/div>\r\n\t\t\t\t<a href=\"\/es\/\">\r\n\t\t\t\t\t<div class=\"p2-list\">\r\n\t\t\t\t\t\t<div class=\"p2-list-left\">\r\n\t\t\t\t\t\t\t<img decoding=\"async\" src=\"http:\/\/hdktools.com\/wp-content\/uploads\/2023\/12\/home-category-01.png\">\r\n\t\t\t\t\t\t<\/div>\r\n\t\t\t\t\t\t<div class=\"p2-list-right\">\r\n\t\t\t\t\t\t\t<div>Insertos de aleaci\u00f3n<\/div>\r\n\t\t\t\t\t\t\t<img decoding=\"async\" src=\"\/images\/icon-right.png\" border=\"0\">\r\n\t\t\t\t\t\t<\/div>\r\n\t\t\t\t\t<\/div>\r\n\t\t\t\t<\/a>\r\n\t\t\t\t<a href=\"\/es\/\">\r\n\t\t\t\t\t<div class=\"p2-list\">\r\n\t\t\t\t\t\t<div class=\"p2-list-left\">\r\n\t\t\t\t\t\t\t<img decoding=\"async\" src=\"http:\/\/hdktools.com\/wp-content\/uploads\/2023\/12\/home-category-02.png\">\r\n\t\t\t\t\t\t<\/div>\r\n\t\t\t\t\t\t<div class=\"p2-list-right\">\r\n\t\t\t\t\t\t\t<div>Broca de aleaci\u00f3n<\/div>\r\n\t\t\t\t\t\t\t<img decoding=\"async\" src=\"\/images\/icon-right.png\" border=\"0\">\r\n\t\t\t\t\t\t<\/div>\r\n\t\t\t\t\t<\/div>\r\n\t\t\t\t<\/a>\r\n\t\t\t\t<a href=\"\/es\/\">\r\n\t\t\t\t\t<div class=\"p2-list\">\r\n\t\t\t\t\t\t<div class=\"p2-list-left\">\r\n\t\t\t\t\t\t\t<img decoding=\"async\" src=\"http:\/\/hdktools.com\/wp-content\/uploads\/2023\/12\/home-category-03.png\">\r\n\t\t\t\t\t\t<\/div>\r\n\t\t\t\t\t\t<div class=\"p2-list-right\">\r\n\t\t\t\t\t\t\t<div>Fresa de aleaci\u00f3n<\/div>\r\n\t\t\t\t\t\t\t<img decoding=\"async\" src=\"\/images\/icon-right.png\" border=\"0\">\r\n\t\t\t\t\t\t<\/div>\r\n\t\t\t\t\t<\/div>\r\n\t\t\t\t<\/a>\r\n\t\t\t\t<a href=\"\/es\/\">\r\n\t\t\t\t\t<div class=\"p2-list-pdf\">\r\n\t\t\t\t\t\t<img decoding=\"async\" src=\"\/images\/icon-pdf.png\" border=\"0\">\r\n\t\t\t\t\t\t<div>Descargar PDF<\/div>\t\t\t\t\t\t\t\r\n\t\t\t\t\t<\/div>\r\n\t\t\t\t<\/a>\r\n\t\t\t<\/div>\r\n\t\t<\/div>\r\n\r\n\t\t<div class=\"p3-con\">\r\n\t\t\t<div class=\"p3-left\">\r\n\t\t\t\t<div class=\"title\">Opciones de personalizaci\u00f3n a su alcance<\/div>\r\n\t\t\t\t<div class=\"text\">Navegue por nuestra biblioteca de opciones de personalizaci\u00f3n. Entendemos c\u00f3mo nuestros clientes aportan soluciones ofreciendo infinitas opciones de personalizaci\u00f3n.<\/div>\r\n\t\t\t\t<div class=\"text\">Ofrecemos infinitas posibilidades para ayudarle a alcanzar sus objetivos. Con el apoyo de nuestros expertos del sector, sus brillantes ideas nunca se ver\u00e1n comprometidas.<\/div>\r\n\t\t\t\t<a href=\"#\"><div class=\"link\">Env\u00ede su dise\u00f1o y requisitos<\/div><\/a>\t\t\t\t\r\n\t\t\t<\/div>\r\n\t\t\t<div class=\"p3-right\">\r\n\t\t\t\t<div class=\"p3-list active\">\r\n\t\t\t\t\t<img decoding=\"async\" src=\"http:\/\/hdktools.com\/wp-content\/uploads\/2023\/12\/\u672a\u6807\u9898-1-\u62f7\u8d1d2-1.jpg\">\r\n\t\t\t\t\t<div class=\"p3-title\">Material<\/div>\r\n\t\t\t\t\t<div class=\"p3-context\">\r\n\t\t\t\t\t\t<div class=\"p3-con01\">\r\n\t\t\t\t\t\t\t<span class=\"title\">Material &gt;<\/span>\r\n\t\t\t\t\t\t\t<span class=\"text\">Los materiales para herramientas m\u00e1s utilizados en la producci\u00f3n actual son sobre todo el HSS y el metal duro. El acero al carbono y el acero para herramientas s\u00f3lo se utilizan para herramientas manuales o de baja velocidad de corte debido a su escasa resistencia al calor.<\/span>\r\n\t\t\t\t\t\t<\/div>\r\n\t\t\t\t\t\t<div class=\"p3-con02\">\r\n\t\t\t\t\t\t\t<a href=\"#\" class=\"right-link\"><img decoding=\"async\" src=\"\/images\/p3-icon.png\"><\/a>\t\t\t\t\r\n\t\t\t\t\t\t<\/div>\r\n\t\t\t\t\t<\/div>\t\t\t\t\t\r\n\t\t\t\t<\/div>\r\n\t\t\t\t<div class=\"p3-list\">\r\n\t\t\t\t\t<img decoding=\"async\" src=\"http:\/\/hdktools.com\/wp-content\/uploads\/2023\/12\/\u672a\u6807\u9898-1-\u62f7\u8d1d3-1.jpg\">\r\n\t\t\t\t\t<div class=\"p3-title\">Talla<\/div>\r\n\t\t\t\t\t<div class=\"p3-context\">\r\n\t\t\t\t\t\t<div class=\"p3-con01\">\r\n\t\t\t\t\t\t\t<span class=\"title\">Talla &gt;<\/span>\r\n\t\t\t\t\t\t\t<span class=\"text\">Los materiales para herramientas m\u00e1s utilizados en la producci\u00f3n actual son sobre todo el HSS y el metal duro. El acero al carbono y el acero para herramientas s\u00f3lo se utilizan para herramientas manuales o de baja velocidad de corte debido a su escasa resistencia al calor.<\/span>\r\n\t\t\t\t\t\t<\/div>\r\n\t\t\t\t\t\t<div class=\"p3-con02\">\r\n\t\t\t\t\t\t\t<a href=\"#\" class=\"right-link\"><img decoding=\"async\" src=\"\/images\/p3-icon.png\"><\/a>\t\t\t\t\r\n\t\t\t\t\t\t<\/div>\r\n\t\t\t\t\t<\/div>\t\r\n\t\t\t\t<\/div>\r\n\t\t\t\t<div class=\"p3-list\">\r\n\t\t\t\t\t<img decoding=\"async\" src=\"http:\/\/hdktools.com\/wp-content\/uploads\/2023\/12\/\u672a\u6807\u9898-1-\u62f7\u8d1d-1.jpg\">\r\n\t\t\t\t\t<div class=\"p3-title\">Revestimiento<\/div>\r\n\t\t\t\t\t<div class=\"p3-context\">\r\n\t\t\t\t\t\t<div class=\"p3-con01\">\r\n\t\t\t\t\t\t\t<span class=\"title\">Revestimiento &gt;<\/span>\r\n\t\t\t\t\t\t\t<span class=\"text\">Los materiales para herramientas m\u00e1s utilizados en la producci\u00f3n actual son sobre todo el HSS y el metal duro. El acero al carbono y el acero para herramientas s\u00f3lo se utilizan para herramientas manuales o de baja velocidad de corte debido a su escasa resistencia al calor.<\/span>\r\n\t\t\t\t\t\t<\/div>\r\n\t\t\t\t\t\t<div class=\"p3-con02\">\r\n\t\t\t\t\t\t\t<a href=\"#\" class=\"right-link\"><img decoding=\"async\" src=\"\/images\/p3-icon.png\"><\/a>\t\t\t\t\r\n\t\t\t\t\t\t<\/div>\r\n\t\t\t\t\t<\/div>\r\n\t\t\t\t<\/div>\r\n\t\t\t\t<div class=\"p3-list\">\r\n\t\t\t\t\t<img decoding=\"async\" src=\"http:\/\/hdktools.com\/wp-content\/uploads\/2023\/12\/\u672a\u6807\u9898-1-\u62f7\u8d1d4-1.jpg\">\r\n\t\t\t\t\t<div class=\"p3-title\">OEM<\/div>\r\n\t\t\t\t\t<div class=\"p3-context\">\r\n\t\t\t\t\t\t<div class=\"p3-con01\">\r\n\t\t\t\t\t\t\t<span class=\"title\">OEM &gt;<\/span>\r\n\t\t\t\t\t\t\t<span class=\"text\">Los materiales para herramientas m\u00e1s utilizados en la producci\u00f3n actual son sobre todo el HSS y el metal duro. El acero al carbono y el acero para herramientas s\u00f3lo se utilizan para herramientas manuales o de baja velocidad de corte debido a su escasa resistencia al calor.<\/span>\r\n\t\t\t\t\t\t<\/div>\r\n\t\t\t\t\t\t<div class=\"p3-con02\">\r\n\t\t\t\t\t\t\t<a href=\"#\" class=\"right-link\"><img decoding=\"async\" src=\"\/images\/p3-icon.png\"><\/a>\t\t\t\t\r\n\t\t\t\t\t\t<\/div>\r\n\t\t\t\t\t<\/div>\r\n\t\t\t\t<\/div>\r\n\t\t\t<\/div>\r\n\t\t<\/div>\r\n\t<\/div>\r\n\t<div class=\"home-p3\">\t\t\r\n\t\t<div class=\"p4-con\">\r\n\t\t\t<div class=\"about-context\">\r\n\t\t\t\t<div>\r\n\t\t\t\t\t<div class=\"title\">\r\n\t\t\t\t\t\t<hr>Qui\u00e9nes somos\r\n\t\t\t\t\t<\/div>\r\n\t\t\t\t\t<img decoding=\"async\" src=\"http:\/\/hdktools.com\/wp-content\/uploads\/2023\/12\/logo.png\">\r\n\t\t\t\t\t<div class=\"text\">Fundada en 2000, HANDERK es un fabricante de herramientas de corte de metal duro para fresas, brocas e insertos. <\/div>\r\n\t\t\t\t\t<div class=\"text\">Hasta ahora, HANDERK tiene un activo anual de 30 millones de USD, tres f\u00e1bricas sucursales con una superficie total de 6.000\u33a1 y m\u00e1s de 120 empleados. 160 conjuntos de equipos nacionales e importados, incluyendo SAGE, WALTER, y ANCA, la fabricaci\u00f3n de diferentes productos, respectivamente, para garantizar todos los d\u00edas 180.000pcs diferentes acciones.<\/div>\r\n\t\t\t\t\t<div class=\"text last-text\">Adhiri\u00e9ndose a la creencia de que \"los productos y servicios son la vitalidad de la empresa\", HANDERK se mantiene para comprender las necesidades de los clientes y el mercado, fortalece la construcci\u00f3n t\u00e9cnica del equipo, mejora la fuerza de la tecnolog\u00eda de fabricaci\u00f3n, la producci\u00f3n y el proceso de fabricaci\u00f3n, y desarrolla activamente nuevos productos para mejorar nuestra profesionalidad y capacidad de innovaci\u00f3n. Adem\u00e1s de ofrecer productos y soluciones t\u00e9cnicas de alta calidad, esperamos proporcionar m\u00e1s asistencia empresarial a nuestros socios para lograr un desarrollo com\u00fan y una cooperaci\u00f3n beneficiosa para todos.<\/div>\r\n\t\t\t\t<\/div>\r\n\t\t\t<\/div>\r\n\t\t<\/div>\r\n\t\t<div class=\"p5-con\">\r\n\t\t\t<div class=\"title\">Servicio de soluci\u00f3n integral<\/div>\r\n\t\t\t<div class=\"p5-01\">\r\n\t\t\t\t<div class=\"p5-list\">\r\n\t\t\t\t\t<img decoding=\"async\" src=\"http:\/\/hdktools.com\/wp-content\/uploads\/2023\/12\/\u672a\u6807\u9898-1-\u62f7\u8d1d4.jpg\" class=\"p5-img\">\r\n\t\t\t\t\t<div class=\"p5-title\"><span>Uno para todos los di\u00e1metros<\/span><\/div>\r\n\t\t\t\t\t<div class=\"p5-context\">\r\n\t\t\t\t\t\t<div class=\"title\">Uno para todos los di\u00e1metros<\/div>\r\n\t\t\t\t\t\t<div class=\"text\">160 m\u00e1quinas incluyendo SAGE, Beiping, DJTOL, ANCA importado, WALTER mantienen trabajando 24 horas al d\u00eda para asegurarse de que cada tama\u00f1o disponible. Tama\u00f1o m\u00e9trico de 0,2 a 20 mm, tama\u00f1o en pulgadas de 1\/8 a 1\/2, todo listo en stock despu\u00e9s de una estricta inspecci\u00f3n.<\/div>\r\n\t\t\t\t\t<\/div>\r\n\t\t\t\t<\/div>\r\n\t\t\t\t<div class=\"p5-list\">\r\n\t\t\t\t\t<img decoding=\"async\" src=\"http:\/\/hdktools.com\/wp-content\/uploads\/2023\/12\/\u672a\u6807\u9898-1-\u62f7\u8d1d2-2.jpg\" class=\"p5-img\">\r\n\t\t\t\t\t<div class=\"p5-title\"><span>Una aplicaci\u00f3n para todos<\/span><\/div>\r\n\t\t\t\t\t<div class=\"p5-context\">\r\n\t\t\t\t\t\t<div class=\"title\">Una aplicaci\u00f3n para todos<\/div>\r\n\t\t\t\t\t\t<div class=\"text\">HANDERK coopera profundamente con los fabricantes de varillas de carburo de tungsteno, utilizando diferentes grados de materia prima en base a las condiciones reales de trabajo de la herramienta, el uso general de stock para la pieza de trabajo por debajo de HRC65\/HRC45, el grado de semi-acabado y acabado de fresado o taladrado de materiales (HRC48-55) con media y alta velocidad, el grado de desbaste y semi-acabado de fresado de acero con tratamiento t\u00e9rmico ...<\/div>\r\n\t\t\t\t\t<\/div>\r\n\t\t\t\t<\/div>\r\n\t\t\t\t<div class=\"p5-list\">\r\n\t\t\t\t\t<img decoding=\"async\" src=\"http:\/\/hdktools.com\/wp-content\/uploads\/2023\/12\/\u672a\u6807\u9898-1-\u62f7\u8d1d.jpg\" class=\"p5-img\">\r\n\t\t\t\t\t<div class=\"p5-title\"><span>Uno para todos los revestimientos<\/span><\/div>\r\n\t\t\t\t\t<div class=\"p5-context\">\r\n\t\t\t\t\t\t<div class=\"title\">Uno para todos los revestimientos<\/div>\r\n\t\t\t\t\t\t<div class=\"text\">Nuestro centro de recubrimiento utiliza m\u00e1quinas de recubrimiento por evaporaci\u00f3n de arco cat\u00f3dico PLATIT de Suiza, bajo diferentes condiciones de corte, aplicamos varios recubrimientos como TiAlN, TiSiN, ALCRN, DLC... para alargar la vida \u00fatil de la herramienta.<\/div>\r\n\t\t\t\t\t<\/div>\r\n\t\t\t\t<\/div>\r\n\t\t\t\t<div class=\"p5-list\">\r\n\t\t\t\t\t<img decoding=\"async\" src=\"http:\/\/hdktools.com\/wp-content\/uploads\/2023\/12\/\u672a\u6807\u9898-1-\u62f7\u8d1d3.jpg\" class=\"p5-img\">\r\n\t\t\t\t\t<div class=\"p5-title\"><span>Innovaci\u00f3n sin l\u00edmites<\/span><\/div>\r\n\t\t\t\t\t<div class=\"p5-context\">\r\n\t\t\t\t\t\t<div class=\"title\">Innovaci\u00f3n sin l\u00edmites<\/div>\r\n\t\t\t\t\t\t<div class=\"text\">Con nuestro fuerte equipo RaD, el nuevo desarrollo y la mejora continua nunca se detienen. Nos dedicamos a la investigaci\u00f3n de la tecnolog\u00eda de fabricaci\u00f3n en la industria de herramientas de corte de carburo s\u00f3lido.<\/div>\r\n\t\t\t\t\t<\/div>\r\n\t\t\t\t<\/div>\r\n\t\t\t<\/div>\r\n\t\t<\/div>\r\n\t<\/div>\r\n\t<div class=\"home-p4\">\r\n\t\t<div class=\"p6-con\">\r\n\t\t\t<div class=\"p6-title\">Noticias y exposiciones<\/div>\r\n\t\t\t<div class=\"p6-context\">\r\n\t\t\t\t<div class=\"p6-left-p\">\r\n\t\t\t\t\t<div><span class=\"fa fa-angle-left\"><\/span><\/div>\r\n\t\t\t\t<\/div>\r\n\t\t\t\t<div class=\"p6-center swiper swiper-home-news\">\r\n\t\t\t\t\t<div class=\"swiper-wrapper\">\r\n\t\t\t\t\t\t<div class=\"swiper-slide\">\r\n\t\t\t\t\t\t\t<img decoding=\"async\" src=\"\/images\/home-p6-01.png\">\r\n\t\t\t\t\t\t\t<div class=\"p6-swiper-title\">EXPOSICI\u00d3N<\/div>\r\n\t\t\t\t\t\t\t<div class=\"p6-swiper-con\">\r\n\t\t\t\t\t\t\t\tFranciaLa Roche-sur-Foron\r\n\t\t\t\t\t\t\t\t<div>Del 4 al 8 de marzo de 2024<\/div>\r\n\t\t\t\t\t\t\t<\/div>\r\n\t\t\t\t\t\t<\/div>\r\n\t\t\t\t\t\t<div class=\"swiper-slide\">\r\n\t\t\t\t\t\t\t<img decoding=\"async\" src=\"\/images\/home-p6-01.png\">\r\n\t\t\t\t\t\t<\/div>\r\n\t\t\t\t\t<\/div>\t\t\t\t\t\r\n\t\t\t\t<\/div>\r\n\t\t\t\t<div class=\"p6-right-n\">\r\n\t\t\t\t\t<div><span class=\"fa fa-angle-right\"><\/span><\/div>\r\n\t\t\t\t<\/div>\r\n\t\t\t\t<div class=\"p6-news\">\r\n\t\t\t\t\t<div class=\"news-title\">NOTICIAS<\/div>\r\n\t\t\t\t\t<div class=\"news-context\">\r\n\t\t\t\t\t\t<div class=\"news-list\">\r\n\t\t\t\t\t\t\t<div class=\"news-icon\"> N <\/div>\r\n\t\t\t\t\t\t\t<div class=\"news-list-name\"><a href=\"#\">Lanza rompevirutas HSS-E YG Tap con norma DIN en tama\u00f1o m\u00e9trico<\/a><\/div>\t\t\t\t\r\n\t\t\t\t\t\t<\/div>\r\n\t\t\t\t\t\t<div class=\"news-list\">\r\n\t\t\t\t\t\t\t<div class=\"news-icon\"> N <\/div>\r\n\t\t\t\t\t\t\t<div class=\"news-list-name\"><a href=\"#\">Lanza rompevirutas HSS-E YG Tap con norma DIN en tama\u00f1o m\u00e9trico<\/a><\/div>\t\t\t\t\r\n\t\t\t\t\t\t<\/div>\r\n\t\t\t\t\t\t<div class=\"news-list\">\r\n\t\t\t\t\t\t\t<div class=\"news-icon\"> N <\/div>\r\n\t\t\t\t\t\t\t<div class=\"news-list-name\"><a href=\"#\">Lanza rompevirutas HSS-E YG Tap con norma DIN en tama\u00f1o m\u00e9trico<\/a><\/div>\t\t\t\t\r\n\t\t\t\t\t\t<\/div>\r\n\t\t\t\t\t\t<div class=\"news-list\">\r\n\t\t\t\t\t\t\t<div class=\"news-icon\"> N <\/div>\r\n\t\t\t\t\t\t\t<div class=\"news-list-name\"><a href=\"#\">Lanza rompevirutas HSS-E YG Tap con norma DIN en tama\u00f1o m\u00e9trico<\/a><\/div>\t\t\t\t\r\n\t\t\t\t\t\t<\/div>\r\n\t\t\t\t\t\t<div class=\"news-list\">\r\n\t\t\t\t\t\t\t<div class=\"news-icon\"> N <\/div>\r\n\t\t\t\t\t\t\t<div class=\"news-list-name\"><a href=\"#\">Lanza rompevirutas HSS-E YG Tap con norma DIN en tama\u00f1o m\u00e9trico<\/a><\/div>\t\t\t\t\r\n\t\t\t\t\t\t<\/div>\r\n\t\t\t\t\t\t<div class=\"news-list\">\r\n\t\t\t\t\t\t\t<div class=\"news-icon\"> N <\/div>\r\n\t\t\t\t\t\t\t<div class=\"news-list-name\"><a href=\"#\">Lanza rompevirutas HSS-E YG Tap con norma DIN en tama\u00f1o m\u00e9trico<\/a><\/div>\t\t\t\t\r\n\t\t\t\t\t\t<\/div>\r\n\t\t\t\t\t\t<div class=\"news-list\">\r\n\t\t\t\t\t\t\t<div class=\"news-icon\"> N <\/div>\r\n\t\t\t\t\t\t\t<div class=\"news-list-name\"><a href=\"#\">Lanza rompevirutas HSS-E YG Tap con norma DIN en tama\u00f1o m\u00e9trico<\/a><\/div>\t\t\t\t\r\n\t\t\t\t\t\t<\/div>\r\n\t\t\t\t\t<\/div>\r\n\t\t\t\t<\/div>\r\n\t\t\t<\/div>\r\n\t\t<\/div>\r\n\t\t<style>\r\n\t.p7-02>div>div{\r\n\t\t padding: 2.5vw 2.5vw 0;\r\n\t}\r\n<\/style>\r\n<div class=\"p7-con\">\r\n\t\t\t<div class=\"title\">Consulta<\/div>\r\n\t\t\t<div class=\"p7-02\">\r\n\t\t\t\t<div>\r\n\t\t\t\t\t<div>\r\n\t\t\t\t\t\t<img decoding=\"async\" src=\"\/images\/p7-icon-01.png\">\r\n\t\t\t\t\t\t<div class=\"list-title\">+86 13815069640<\/div>\r\n\t\t\t\t\t\t<div class=\"text01\">Horario de trabajo: 8:00am-6:00pm<\/div>\r\n\t\t\t\t\t\t<a href=\"\/es\/contact\/\"><div class=\"bnt bnt02\">*Investigaci\u00f3n t\u00e9cnica<\/div><\/a>\r\n\t\t\t\t\t<\/div>\r\n\t\t\t\t<\/div>\r\n\t\t\t\t<div style=\"background-color: #D62418; color: #fff;\">\r\n\t\t\t\t\t<div>\r\n\t\t\t\t\t\t<img decoding=\"async\" src=\"\/images\/p7-icon-02.png\">\r\n\t\t\t\t\t\t<div class=\"list-title\">Varios Investigaci\u00f3n<\/div>\r\n\t\t\t\t\t\t<!-- <a href=\"mailto:sherry@hdktool.com\"><div class=\"bnt bnt01\">Inquiry Form<\/div><\/a> -->\r\n\t\t\t\t\t\t<div class=\"bnt bnt01 shane-popup\">Formulario de consulta<\/div>\r\n\t\t\t\t\t<\/div>\r\n\t\t\t\t<\/div>\r\n\t\t\t\t<div>\r\n\t\t\t\t\t<div>\r\n\t\t\t\t\t\t<img decoding=\"async\" src=\"\/images\/p7-icon-03.png\">\r\n\t\t\t\t\t\t<div class=\"list-title\">Registro en la revista por correo electr\u00f3nico<\/div>\r\n\t\t\t\t\t\t<div class=\"bnt bnt02 shane-popup\">Inscribirse<\/div>\r\n\t\t\t\t\t<\/div>\r\n\t\t\t\t<\/div>\r\n\t\t\t<\/div>\r\n\t\t<\/div>\r\n\t<\/div>\r\n<\/div>","protected":false},"excerpt":{"rendered":"THINK HANDERK FIRST We offer more than 180,000 different cutting tools that are fully stocked and ready to ship on the day of your purchase. Browse Now PASSION FOR PRECISION ST SERIE SOLUTION FOR HIGH HARDNESS MATERIAL GENERAL USING \/ VARIABLE HELIX Review Now SPECIAL TOOLS PROPER PPLICATION To use the tool perfectly, we support [&hellip;]","protected":false},"author":3,"featured_media":0,"parent":0,"menu_order":0,"comment_status":"closed","ping_status":"closed","template":"single-page-full.php","meta":{"_monsterinsights_skip_tracking":false,"_monsterinsights_sitenote_active":false,"_monsterinsights_sitenote_note":"","_monsterinsights_sitenote_category":0,"footnotes":""},"class_list":["post-223","page","type-page","status-publish","hentry"],"blocksy_meta":[],"aioseo_notices":[],"_links":{"self":[{"href":"https:\/\/hdktools.com\/es\/wp-json\/wp\/v2\/pages\/223","targetHints":{"allow":["GET"]}}],"collection":[{"href":"https:\/\/hdktools.com\/es\/wp-json\/wp\/v2\/pages"}],"about":[{"href":"https:\/\/hdktools.com\/es\/wp-json\/wp\/v2\/types\/page"}],"author":[{"embeddable":true,"href":"https:\/\/hdktools.com\/es\/wp-json\/wp\/v2\/users\/3"}],"replies":[{"embeddable":true,"href":"https:\/\/hdktools.com\/es\/wp-json\/wp\/v2\/comments?post=223"}],"version-history":[{"count":0,"href":"https:\/\/hdktools.com\/es\/wp-json\/wp\/v2\/pages\/223\/revisions"}],"wp:attachment":[{"href":"https:\/\/hdktools.com\/es\/wp-json\/wp\/v2\/media?parent=223"}],"curies":[{"name":"wp","href":"https:\/\/api.w.org\/{rel}","templated":true}]}}