{"id":1652,"date":"2025-03-17T19:41:20","date_gmt":"2025-03-17T11:41:20","guid":{"rendered":"https:\/\/hdktools.com\/?page_id=1652"},"modified":"2025-03-17T19:41:20","modified_gmt":"2025-03-17T11:41:20","slug":"faq","status":"publish","type":"page","link":"https:\/\/hdktools.com\/es\/faq\/","title":{"rendered":"PREGUNTAS FRECUENTES"},"content":{"rendered":"<h2>P1: \u00bfQu\u00e9 tipo de empresa es HDK Tools?<\/h2>\r\n<p>HDK Tools es un fabricante y proveedor especializado en fresas de metal duro y brocas de metal duro de alta calidad. Estamos comprometidos a proporcionar a los clientes globales herramientas de corte duraderas y de alta precisi\u00f3n ampliamente utilizadas en industrias como la aeroespacial, la fabricaci\u00f3n de autom\u00f3viles y el procesamiento de productos electr\u00f3nicos.<\/p>\r\n<h2>P2: \u00bfCu\u00e1les son las ventajas de los productos de HDK Tools?<\/h2>\r\n<p>Alta precisi\u00f3n: Producido con tecnolog\u00eda alemana y equipos avanzados para garantizar precisi\u00f3n y consistencia.\r\nLarga vida \u00fatil: Fabricadas con materiales de carburo de primera calidad para una excelente resistencia al desgaste y una mayor vida \u00fatil de la herramienta.\r\nDiversas Opciones: Ofrece una amplia gama de modelos y opciones de recubrimiento para satisfacer diversas necesidades de mecanizado.<\/p>\r\n<h2>P3: \u00bfCu\u00e1les son los principales mercados de HDK Tools?<\/h2>\r\n<p>Exportamos a m\u00e1s de 80 pa\u00edses de todo el mundo, principalmente: Rusia, Indonesia, India, Estados Unidos, M\u00e9xico, Vietnam, Malasia, Tailandia y otras regiones.<\/p>\r\n\r\n\r\n<h1>2. Acerca de nuestros productos<\/h1>\r\n<h2>P4: \u00bfQu\u00e9 es una fresa de metal duro?<\/h2>\r\n<p>Una fresa de metal duro es una herramienta de corte utilizada para operaciones de fresado, principalmente para el mecanizado de metales, pl\u00e1sticos y materiales compuestos. Es conocida por su gran dureza y resistencia al desgaste, lo que la hace adecuada para el mecanizado de alta precisi\u00f3n y eficacia.<\/p>\r\n<h2>P5: \u00bfQu\u00e9 es una broca de metal duro?<\/h2>\r\n<p>Una broca de metal duro es una herramienta de corte utilizada para taladrar, especialmente indicada para el mecanizado de materiales duros como el acero inoxidable y las aleaciones de titanio. Se caracteriza por su resistencia a altas temperaturas y su excelente resistencia al desgaste, ideal para el taladrado a alta velocidad.<\/p>\r\n<h2>P6: \u00bfQu\u00e9 tipos de fresas y brocas ofrece HDK Tools?<\/h2>\r\n<p>Ofrecemos una gran variedad de fresas y brocas, incluyendo:\r\nFresas: Fresas planas, fresas de punta esf\u00e9rica, fresas de radio angular, etc.\r\nBrocas: Brocas de metal duro, brocas puntuales, brocas helicoidales, etc.<\/p>\r\n<h2>P7: \u00bfC\u00f3mo elijo la fresa o broca adecuada?<\/h2>\r\n<p>Al seleccionar una fresa o broca, tenga en cuenta los siguientes factores:\r\nMaterial a mecanizar: Como acero, aluminio, aleaciones de titanio, etc.\r\nTipo de mecanizado: Desbaste, acabado o taladrado profundo.\r\nOpciones de recubrimiento: Tales como TiN, TiAlN, recubrimientos DLC, adecuados para diferentes entornos de mecanizado.<\/p>\r\n\r\n\r\n<h1>3. Acerca de los pedidos y la entrega<\/h1>\r\n<h2>P8: \u00bfC\u00f3mo puedo pedir productos de HDK Tools?<\/h2>\r\n<p>Puede realizar un pedido a trav\u00e9s de los siguientes m\u00e9todos:\r\nPedidos en l\u00ednea: Visite nuestro sitio web en www.hdktools.com para examinar los productos y enviar su pedido.\r\nContacto con ventas: Env\u00edenos un correo electr\u00f3nico a sales@hdktools.com o llame a nuestro tel\u00e9fono de atenci\u00f3n al cliente.<\/p>\r\n<h2>P9: \u00bfQu\u00e9 m\u00e9todos de pago admite HDK Tools?<\/h2>\r\n<p>Admitimos varios m\u00e9todos de pago, como tarjeta de cr\u00e9dito, transferencia bancaria y PayPal.<\/p>\r\n<h2>Q10: \u00bfCu\u00e1l es el plazo de entrega?<\/h2>\r\n<p>Productos est\u00e1ndar: Normalmente se env\u00edan en un plazo de 1 a 3 d\u00edas laborables.\r\nProductos personalizados: El plazo de entrega es de 7-10 d\u00edas, dependiendo de la complejidad de los requisitos.<\/p>\r\n<h2>P11: \u00bfOfrece HDK Tools env\u00edo internacional?<\/h2>\r\n<p>S\u00ed, proporcionamos servicios de env\u00edo global y trabajamos con m\u00faltiples empresas de log\u00edstica internacional para garantizar una entrega segura y puntual.<\/p>\r\n\r\n\r\n<h1>4. Acerca del servicio posventa<\/h1>\r\n<h2>P12: \u00bfC\u00f3mo puedo ponerme en contacto con el equipo de atenci\u00f3n al cliente de HDK Tools?<\/h2>\r\n<p>Puede ponerse en contacto con nosotros por los siguientes medios:\r\nCorreo electr\u00f3nico: support@hdktools.com\r\nTel\u00e9fono: +86 13815069640<\/p>\r\n<h2>P13: \u00bfQu\u00e9 debo hacer si recibo un producto defectuoso?<\/h2>\r\n<p>Si recibe un producto con problemas de calidad, p\u00f3ngase en contacto inmediatamente con nuestro equipo de atenci\u00f3n al cliente e ind\u00edquenos su n\u00famero de pedido y una descripci\u00f3n del problema. Resolveremos el problema lo antes posible.<\/p>\r\n\r\n\r\n<h1>5. Acerca de los servicios personalizados<\/h1>\r\n<h2>P14: \u00bfOfrece HDK Tools servicios personalizados?<\/h2>\r\n<p>S\u00ed, ofrecemos servicios personalizados, entre los que se incluyen\r\nTama\u00f1os no est\u00e1ndar: Fresas o brocas a medida en tama\u00f1os especiales en funci\u00f3n de sus requisitos.\r\nRecubrimientos especiales: Varias opciones de recubrimiento para satisfacer diferentes entornos de mecanizado.<\/p>\r\n<h2>P15: \u00bfCu\u00e1l es el plazo de entrega de los productos personalizados?<\/h2>\r\n<p>El plazo de entrega de los productos personalizados suele ser de 7 a 10 d\u00edas, en funci\u00f3n de la complejidad de los requisitos.<\/p>","protected":false},"excerpt":{"rendered":"Q1: What kind of company is HDK Tools? HDK Tools is a manufacturer and supplier specializing in high-quality Carbide End Mills and Carbide Drills. We are committed to providing global customers with high-precision, durable cutting tools widely used in industries such as aerospace, automotive manufacturing, and electronics processing. Q2: What are the advantages of HDK [&hellip;]","protected":false},"author":3,"featured_media":0,"parent":0,"menu_order":0,"comment_status":"closed","ping_status":"closed","template":"","meta":{"_monsterinsights_skip_tracking":false,"_monsterinsights_sitenote_active":false,"_monsterinsights_sitenote_note":"","_monsterinsights_sitenote_category":0,"footnotes":""},"class_list":["post-1652","page","type-page","status-publish","hentry"],"blocksy_meta":[],"aioseo_notices":[],"_links":{"self":[{"href":"https:\/\/hdktools.com\/es\/wp-json\/wp\/v2\/pages\/1652","targetHints":{"allow":["GET"]}}],"collection":[{"href":"https:\/\/hdktools.com\/es\/wp-json\/wp\/v2\/pages"}],"about":[{"href":"https:\/\/hdktools.com\/es\/wp-json\/wp\/v2\/types\/page"}],"author":[{"embeddable":true,"href":"https:\/\/hdktools.com\/es\/wp-json\/wp\/v2\/users\/3"}],"replies":[{"embeddable":true,"href":"https:\/\/hdktools.com\/es\/wp-json\/wp\/v2\/comments?post=1652"}],"version-history":[{"count":0,"href":"https:\/\/hdktools.com\/es\/wp-json\/wp\/v2\/pages\/1652\/revisions"}],"wp:attachment":[{"href":"https:\/\/hdktools.com\/es\/wp-json\/wp\/v2\/media?parent=1652"}],"curies":[{"name":"wp","href":"https:\/\/api.w.org\/{rel}","templated":true}]}}