{"id":95,"date":"2024-01-04T16:45:28","date_gmt":"2024-01-04T08:45:28","guid":{"rendered":"https:\/\/hdktools.com\/?page_id=95"},"modified":"2025-03-08T15:51:15","modified_gmt":"2025-03-08T07:51:15","slug":"trade-shows-events","status":"publish","type":"page","link":"https:\/\/hdktools.com\/de\/trade-shows-events\/","title":{"rendered":"Fachmessen und Veranstaltungen"},"content":{"rendered":"<style>\r\n\t.events-01{\r\n\t\tbackground-color: #EFF0F1; width: 100%; padding: 6vw 0 8vw;\r\n\t}\r\n\t.events-01 h1{\r\n\t\tcolor: #262626; text-align: center; font-family: RobotoBold; font-size: 2.4vw; margin-bottom: 1vw;\r\n\t}\r\n\t.e01-text{\r\n\t\twidth: 36%; margin: auto; text-align: center; font-size: 1vw; color: #333333; opacity: 0.6;\r\n\t}\r\n\t.swiper-events{\r\n\t\twidth: 100%; margin-top: 2vw; overflow-x: clip; overflow-y: visible;\r\n\t}\r\n\t.swiper-events .swiper-slide{\r\n\t\tbackground-color: #fff; min-height: 10vw; padding: 1vw; box-shadow: 0px 10px 10px #ddd;\r\n\t}\r\n\t.swiper-slide img{\r\n\t\twidth: 100%;\r\n\t}\r\n\t.swiper-slide h2{\r\n\t\tfont-family: RobotoBold; font-size: 1.2vw; line-height: 3vw;\r\n\t}\r\n\t.swiper-slide .text{\r\n\t\twidth: 75%; font-size: 0.8vw; color: #333333; opacity: 0.6;\r\n\t}\r\n\t.swiper-horizontal>.swiper-pagination-bullets, .swiper-pagination-bullets.swiper-pagination-horizontal, .swiper-pagination-custom, .swiper-pagination-fraction {\r\n\t\tbottom: -3vw;\r\n\t}\r\n\t.swiper-pagination-bullet{\r\n\t\tbackground: #737373; opacity: 1; width: 10px; height: 10px;\r\n\t}\r\n\t.swiper-pagination-bullet-active{\r\n\t\tbackground: #D62418;\r\n\t}\r\n\t.events-02{\r\n\t\tbackground-color: #fff;\r\n\t}\r\n\t.events-02>div{\r\n\t\twidth: 70%; margin: auto; padding: 4vw 0 5vw;\r\n\t}\r\n\t.events-02 h2{\r\n\t\tcolor: #262626; font-family: RobotoBold; font-size: 2.4vw; margin-bottom: 0.7vw;\r\n\t}\r\n\t.events-02 .h2-text{\r\n\t\tfont-size: 1vw; color: #333333; opacity: 0.6; padding-bottom: 2vw;\r\n\t}\r\n\t.e02-news-list{\r\n\t\twidth: auto; height: auto; border-top: 1px solid #EAEAEA; border-bottom: 1px solid #EAEAEA; padding: 2vw 0; display: flex; justify-content: space-between; align-items: center;\r\n\t}\r\n\t.e02-news-list>div{\r\n\t\twidth: 60%;\r\n\t}\r\n\t.e02-news-list>img{\r\n\t\twidth: 35%;\r\n\t}\r\n\t.e02-news-list h3{\r\n\t\tcolor: #262626; font-family: RobotoBold; font-size: 1.4vw; line-height: 1.8vw;\r\n\t}\r\n\t.e02-news-list .text{\r\n\t\tfont-size: 1vw; color: #333333; opacity: 0.8; line-height: 1.4vw; padding-bottom: 1vw;  padding-top: 1vw;\r\n\t}\r\n\t.e02-news-list .news-cat{\r\n\t\tfont-size: 0.8vw; color: #BCBCBC;\r\n\t}\r\n\t.news-cat span{\r\n\t\tcolor: #D62418; opacity: 1;\r\n\t}\r\n\t.news-more{\r\n\t\twidth: 100%; height: 3vw; border: 1px solid #D62418; text-align: center; line-height: 3vw; font-family: RobotoBold; font-size: 1vw;\r\n\t}\r\n\t.news-more a{\r\n\t\tcolor: #D62418; width: 100%; height: 100%; display: block;\r\n\t}\r\n\t.events-03{\r\n\t\twidth: 100%; padding: 0; background-image: url(\/images\/event\/event-bg.jpg); background-repeat: no-repeat; background-position: bottom; background-size: 100% 100%; \r\n\t}\r\n\t.events-03 .news-about{\r\n\t\twidth: 94%; display: flex; justify-content: space-between; align-items: center; color: #fff; margin: auto; padding: 3vw 0;\r\n\t}\r\n\t.e03-left{\r\n\t\twidth: 64%; position: relative; height: 40vw;\r\n\t}\r\n\t.news-video{\r\n\t\twidth: 97%; position: absolute; top: 0; left: 0; z-index: 2; position: relative;\r\n\t}\r\n\t.news-video>img{\r\n\t\twidth: 100%;\r\n\t}\r\n\t.news-video>div{\r\n\t\twidth: 100%; height: 100%; position: absolute; top: 0; left: 0;  display: flex; justify-content: center; align-items: center;\r\n\t}\r\n\t.news-video>div img{\r\n\t\twidth: 5vw;\r\n\t}\r\n\t.video-bk{\r\n\t\twidth: 92%; height: 40%; position: absolute; bottom: 0; right: 0; z-index: 1; background-color: #D62418;\r\n\t}\r\n\t.e03-right{\r\n\t\twidth: 34%;\r\n\t}\r\n\t.e03-right .title{\r\n\t\tcolor:#D62418; font-family: RobotoBold; font-size: 2.2vw; line-height: 2.5vw;\r\n\t}\r\n\t.e03-right h2{\r\n\t\tmargin-bottom: 2vw; font-family: RobotoBold; font-size: 2.2vw; line-height: 2.5vw;\r\n\t}\r\n\t.e03-right .text{\r\n\t\tcolor:#ffffff; opacity: 0.75; font-size: 0.9vw; margin-bottom: 0.5vw; line-height: 1.2vw;\r\n\t}\r\n@media (max-width: 768px){\r\n\t.events-01 {\r\n\t\tpadding: 10vw 0 20vw;\r\n\t}\r\n\t.events-01 h1 {\r\n\t\tfont-size: 6.5vw;\r\n\t\tmargin-bottom: 3vw;\r\n\t}\r\n\t.e01-text {\r\n\t\twidth: 90%;\r\n\t\tfont-size: 3.6vw;\r\n\t}\r\n\t.swiper-events {\r\n\t\tmargin-top: 6vw;\r\n\t}\r\n\t.swiper-events .swiper-slide{\r\n\t\tpadding: 5vw; box-shadow: 0px 10px 10px #ddd;\r\n\t}\r\n\t.swiper-slide h2{\r\n\t\tfont-size: 5.5vw; line-height: 10vw;\r\n\t}\r\n\t.swiper-slide .text{\r\n\t\twidth: 100%; font-size: 3.6vw;\r\n\t}\r\n\t.swiper-horizontal>.swiper-pagination-bullets, .swiper-pagination-bullets.swiper-pagination-horizontal, .swiper-pagination-custom, .swiper-pagination-fraction {\r\n\t\tbottom: -10vw;\r\n\t}\r\n\t.events-02>div {\r\n\t\twidth: 90%;\r\n\t\tpadding: 10vw 0 12vw;\r\n\t}\r\n\t.events-02 h2 {\r\n\t\tfont-size: 6.5vw;\r\n\t\tmargin-bottom: 3vw;\r\n\t}\r\n\t.events-02 .h2-text {\r\n\t\tfont-size: 3.6vw;\r\n\t\tpadding-bottom: 4vw;\r\n\t}\r\n\t.e02-news-list {\r\n\t\tpadding: 5vw 0;\r\n\t\tdisplay: block;\r\n\t}\r\n\t.e02-news-list>div, .e02-news-list>img {\r\n\t\twidth: 100%;\r\n\t}\r\n\t.e02-news-list>img{\r\n\t\tmargin-top: 3vw;\r\n\t}\r\n\t.e02-news-list h3 {\r\n\t\tfont-size: 4vw;\r\n\t\tline-height: 5vw;\r\n\t}\r\n\t.e02-news-list .text {\r\n\t\tfont-size: 3.6vw;\r\n\t\tline-height: 4vw;\r\n\t\tpadding-bottom: 2vw;\r\n\t\tpadding-top: 2vw;\r\n\t}\r\n\t.e02-news-list .news-cat {\r\n\t\tfont-size: 3vw;\r\n\t}\r\n\t.news-more {\r\n\t\theight: 9vw;\r\n\t\tline-height: 9vw;\r\n\t\tfont-size: 3.6vw;\r\n\t}\r\n\t.events-03 {\r\n\t\tbackground:#E0E2E4;\r\n\t}\r\n\t.events-03 .news-about {\r\n\t\twidth: 100%;\r\n\t\tdisplay: block;\r\n\t\tpadding: 6vw 0;\r\n\t\tbackground:#333331;\r\n\t}\r\n\t.e03-left {\r\n\t\twidth: 90%;\r\n\t\theight: 61vw;\r\n\t\tmargin: auto;\r\n\t}\r\n\t.e03-right {\r\n\t\twidth: 90%;\r\n\t\tmargin: 5vw auto;\r\n\t}\r\n\t.e03-right .title{\r\n\t\tfont-size: 5.6vw; line-height: 6vw;\r\n\t}\r\n\t.e03-right h2{\r\n\t\tfont-size: 5.6vw; line-height: 6vw;\r\n\t}\r\n\t.e03-right .text{\r\n\t\tfont-size: 3.6vw; margin-bottom: 2vw; line-height: 4vw;\r\n\t}\r\n}\r\n<\/style>\r\n<div class=\"handerk-content\">\r\n\t<div class=\"events-01\">\r\n\t\t<h1>Fachmessen und Veranstaltungen<\/h1>\r\n\t\t<div class=\"e01-text\">Entdecken Sie, wo Sie Handerk auf kommenden Messen und Branchenveranstaltungen pers\u00f6nlich treffen k\u00f6nnen.<\/div>\r\n\t\t<div class=\"swiper swiper-events\">\r\n\t\t\t<div class=\"swiper-wrapper\">\r\n\t\t\t\t<a class=\"swiper-slide\" href=\"https:\/\/hdktools.com\/de\/end-mills-in-the-automobile-industry\/\" target=\"_blank\" rel=\"noopener\">\r\n\t\t\t\t\t<img decoding=\"async\" src=\"\/images\/event\/news01.jpg\">\r\n\t\t\t\t\t<h2>Nachrichten und Pressemitteilungen<\/h2>\r\n\t\t\t\t\t<div class=\"text\">Schaftfr\u00e4ser in der Autoindustrie<\/div>\r\n\t\t\t\t<\/a>\r\n\t\t\t\t<a class=\"swiper-slide\" href=\"https:\/\/hdktools.com\/de\/end-mill-a-comprehensive-guide\/\" target=\"_blank\" rel=\"noopener\">\r\n\t\t\t\t\t<img decoding=\"async\" src=\"\/images\/event\/news02.jpg\">\r\n\t\t\t\t\t<h2>Nachrichten und Pressemitteilungen<\/h2>\r\n\t\t\t\t\t<div class=\"text\">Schaftfr\u00e4ser: Ein umfassender Leitfaden<\/div>\r\n\t\t\t\t<\/a>\r\n\t\t\t\t<a class=\"swiper-slide\" href=\"https:\/\/hdktools.com\/de\/cost-benefit-analysis-of-carbide-end-mills-and-carbide-drills\/\" target=\"_blank\" rel=\"noopener\">\r\n\t\t\t\t\t<img decoding=\"async\" src=\"\/images\/event\/news03.jpg\">\r\n\t\t\t\t\t<h2>Nachrichten und Pressemitteilungen<\/h2>\r\n\t\t\t\t\t<div class=\"text\">Kosten-Nutzen-Analyse von Hartmetall-Schaftfr\u00e4sern und Hartmetall-Bohrern<\/div>\r\n\t\t\t\t<\/a>\r\n\t\t\t\t<a class=\"swiper-slide\" href=\"https:\/\/hdktools.com\/de\/the-future-of-metalworking-trends-and-innovations-in-cutting-tool-technology\/\" target=\"_blank\" rel=\"noopener\">\r\n\t\t\t\t\t<img decoding=\"async\" src=\"\/images\/event\/news01.jpg\">\r\n\t\t\t\t\t<h2>Nachrichten und Pressemitteilungen<\/h2>\r\n\t\t\t\t\t<div class=\"text\">Die Zukunft der Metallbearbeitung: Trends und Innovationen in der Schneidwerkzeugtechnologie<\/div>\r\n\t\t\t\t<\/a>\r\n\t\t\t\t<a class=\"swiper-slide\" href=\"https:\/\/hdktools.com\/de\/boosting-productivity-in-automotive-manufacturing-with-advanced-cutting-tools\/\" target=\"_blank\" rel=\"noopener\">\r\n\t\t\t\t\t<img decoding=\"async\" src=\"\/images\/event\/news02.jpg\">\r\n\t\t\t\t\t<h2>Nachrichten und Pressemitteilungen<\/h2>\r\n\t\t\t\t\t<div class=\"text\">Produktivit\u00e4tssteigerung in der Automobilproduktion mit modernen Schneidwerkzeugen<\/div>\r\n\t\t\t\t<\/a>\r\n\t\t\t\t<a class=\"swiper-slide\" href=\"https:\/\/hdktools.com\/de\/why-tool-selection-matters-in-aerospace-machining\/\" target=\"_blank\" rel=\"noopener\">\r\n\t\t\t\t\t<img decoding=\"async\" src=\"\/images\/event\/news03.jpg\">\r\n\t\t\t\t\t<h2>Nachrichten und Pressemitteilungen<\/h2>\r\n\t\t\t\t\t<div class=\"text\">Warum die Werkzeugauswahl bei der Bearbeitung in der Luft- und Raumfahrt wichtig ist<\/div>\r\n\t\t\t\t<\/a>\r\n\r\n\t\t\t\t<a class=\"swiper-slide\" href=\"https:\/\/hdktools.com\/de\/the-evolution-of-cutting-tools-how-yg-1-is-redefining-aluminum-machining\/\" target=\"_blank\" rel=\"noopener\">\r\n\t\t\t\t\t<img decoding=\"async\" src=\"\/images\/event\/news01.jpg\">\r\n\t\t\t\t\t<h2>Nachrichten und Pressemitteilungen<\/h2>\r\n\t\t\t\t\t<div class=\"text\">Die Evolution der Schneidwerkzeuge: Wie Werkzeuge die Aluminiumbearbeitung neu definieren<\/div>\r\n\t\t\t\t<\/a>\r\n\t\t\t\t<a class=\"swiper-slide\" href=\"https:\/\/hdktools.com\/de\/5-tips-for-maximizing-tool-life-in-aluminum-machining\/\" target=\"_blank\" rel=\"noopener\">\r\n\t\t\t\t\t<img decoding=\"async\" src=\"\/images\/event\/news02.jpg\">\r\n\t\t\t\t\t<h2>Nachrichten und Pressemitteilungen<\/h2>\r\n\t\t\t\t\t<div class=\"text\">5 Tipps zur Maximierung der Werkzeugstandzeit bei der Aluminiumbearbeitung<\/div>\r\n\t\t\t\t<\/a>\r\n\t\t\t\t<a class=\"swiper-slide\" href=\"https:\/\/hdktools.com\/de\/yg-1-introduces-new-tpct-al-insert-for-aluminum-machining-expanding-the-yg-sm3-mill-portfolio\/\" target=\"_blank\" rel=\"noopener\">\r\n\t\t\t\t\t<img decoding=\"async\" src=\"\/images\/event\/news03.jpg\">\r\n\t\t\t\t\t<h2>Nachrichten und Pressemitteilungen<\/h2>\r\n\t\t\t\t\t<div class=\"text\">YG-1 stellt neue Wendeschneidplatte TPCT-AL f\u00fcr die Aluminiumbearbeitung vor und erweitert damit das YG SM3 MILL Portfolio<\/div>\r\n\t\t\t\t<\/a>\r\n\t\t\t<\/div>\r\n\t\t\t<div class=\"swiper-pagination\"><\/div>\r\n\t\t<\/div>\r\n\t<\/div>\r\n\t<div class=\"events-02\">\r\n\t\t<div>\r\n\t\t  <h2>Nachrichten und Pressemitteilungen<\/h2>\r\n\t\t\t<div class=\"h2-text\">Bleiben Sie auf dem Laufenden \u00fcber die neuesten Entwicklungen, Branchenauszeichnungen und Unternehmensnachrichten von Handerk.<\/div>\r\n\t\t  <a class=\"e02-news-list\" href=\"https:\/\/hdktools.com\/de\/end-mills-in-the-automobile-industry\/\" target=\"_blank\" rel=\"noopener\">\r\n\t\t\t\t<div>\r\n\t\t\t\t\t<h3>Schaftfr\u00e4ser in der Autoindustrie<\/h3>\r\n\t\t\t\t\t<div class=\"text\">Neue Technologie mit 3 Schneidkanten f\u00fcr au\u00dfergew\u00f6hnliche Leistung entwickelt<\/div>\r\n\t\t\t\t\t<div class=\"news-cat\"><span>Nachrichten<\/span> \/Der Trouble-Shooter f\u00fcr die Chipkontrolle<\/div>\r\n\t\t\t\t<\/div>\r\n\t\t\t\t<img decoding=\"async\" src=\"\/images\/event\/news04.jpg\">\r\n\t\t\t<\/a>\r\n\t\t\t<a class=\"e02-news-list\" href=\"https:\/\/hdktools.com\/de\/end-mill-a-comprehensive-guide\/\" target=\"_blank\" rel=\"noopener\">\r\n\t\t\t\t<div>\r\n\t\t\t\t\t<h3>Schaftfr\u00e4ser: Ein umfassender Leitfaden<\/h3>\r\n\t\t\t\t\t<div class=\"text\">Neue Technologie mit 3 Schneidkanten f\u00fcr au\u00dfergew\u00f6hnliche Leistung entwickelt<\/div>\r\n\t\t\t\t\t<div class=\"news-cat\"><span>Nachrichten<\/span> \/Der Trouble-Shooter f\u00fcr die Chipkontrolle<\/div>\r\n\t\t\t\t<\/div>\r\n\t\t\t\t<img decoding=\"async\" src=\"\/images\/event\/news05.jpg\">\r\n\t\t\t<\/a>\r\n\t\t\t<a class=\"e02-news-list\" href=\"https:\/\/hdktools.com\/de\/cost-benefit-analysis-of-carbide-end-mills-and-carbide-drills\/\" target=\"_blank\" rel=\"noopener\">\r\n\t\t\t\t<div>\r\n\t\t\t\t\t<h3>Kosten-Nutzen-Analyse von Hartmetall-Schaftfr\u00e4sern und Hartmetall-Bohrern<\/h3>\r\n\t\t\t\t\t<div class=\"text\">Neue Technologie mit 3 Schneidkanten f\u00fcr au\u00dfergew\u00f6hnliche Leistung entwickelt<\/div>\r\n\t\t\t\t\t<div class=\"news-cat\"><span>Nachrichten<\/span> \/Der Trouble-Shooter f\u00fcr die Chipkontrolle<\/div>\r\n\t\t\t\t<\/div>\r\n\t\t\t\t<img decoding=\"async\" src=\"\/images\/event\/news06.jpg\">\r\n\t\t\t<\/a>\r\n\t\t\t<a class=\"e02-news-list\" href=\"https:\/\/hdktools.com\/de\/the-future-of-metalworking-trends-and-innovations-in-cutting-tool-technology\/\" target=\"_blank\" rel=\"noopener\">\r\n\t\t\t\t<div>\r\n\t\t\t\t\t<h3>Die Zukunft der Metallbearbeitung: Trends und Innovationen in der Schneidwerkzeugtechnologie<\/h3>\r\n\t\t\t\t\t<div class=\"text\">Neue Technologie mit 3 Schneidkanten f\u00fcr au\u00dfergew\u00f6hnliche Leistung entwickelt<\/div>\r\n\t\t\t\t\t<div class=\"news-cat\"><span>Nachrichten<\/span> \/Der Trouble-Shooter f\u00fcr die Chipkontrolle<\/div>\r\n\t\t\t\t<\/div>\r\n\t\t\t\t<img decoding=\"async\" src=\"\/images\/event\/news07.jpg\">\r\n\t\t\t<\/a>\r\n\t\t\t<div class=\"news-more\"><a href=\"#\">Mehr sehen<\/a><\/div>\r\n\t\t<\/div>\r\n\t<\/div>\r\n\t<div class=\"events-03\" >\r\n\t\t<div class=\"news-about\" style=\"display: none;\">\r\n\t\t\t<div class=\"e03-left\">\r\n\t\t\t  <div class=\"news-video\">\r\n\t\t\t\t\t<img decoding=\"async\" src=\"\/images\/event\/news08.jpg\">\r\n\t\t\t\t\t<div><a href=\"#\"><img decoding=\"async\" src=\"\/images\/event\/icon-play.png\"><\/a><\/div>\r\n\t\t\t  <\/div>\r\n\t\t\t\t<div class=\"video-bk\"><\/div>\r\n\t\t\t<\/div>\r\n\t\t\t<div class=\"e03-right\">\r\n\t\t\t\t<div class=\"title\">HANDERK<\/div>\r\n\t\t\t\t<h2>- Hersteller von Pr\u00e4zisionswerkzeugen<\/h2>\r\n\t\t\t\t<div class=\"text\">Changzhou HANDERK Precision Tools Co., Ltd. befindet sich in Xixiashu, einer ber\u00fchmten Werkzeugstadt in China, mit eleganter Umgebung und bequemen Transportm\u00f6glichkeiten.<\/div>\r\n\t\t\t\t<div class=\"text\">Das im Jahr 2000 gegr\u00fcndete Unternehmen ist auf die Herstellung von CNC-Schneidwerkzeugen spezialisiert, darunter Hartmetall-Schaftfr\u00e4ser, Hartmetall-Bohrer, Hartmetall-Eins\u00e4tze usw. Wir verf\u00fcgen \u00fcber relativ umfassende Produktentwicklungs-, Fertigungs- und Vertriebskapazit\u00e4ten und haben die F\u00fchrung bei der Zertifizierung des internationalen Qualit\u00e4tsmanagementsystems nach ISO9001:2018 \u00fcbernommen.<\/div>\r\n\t\t\t\t<div class=\"text\">Bis heute verf\u00fcgt HANDERK \u00fcber ein Gesamtverm\u00f6gen von mehr als 200 Millionen RMB, drei Zweigwerke mit einer Gesamtfl\u00e4che von 6.000 Quadratmetern und \u00fcber 120 Mitarbeiter. 160 inl\u00e4ndische und importierte Ausr\u00fcstungen, darunter SAGE, WALTER und ANCA, stellen jeweils verschiedene Produkte her, mit Tausenden von Best\u00e4nden f\u00fcr jede Produktspezifikation.<\/div>\r\n\t\t\t<\/div>\r\n\t\t<\/div>\r\n\t\t<style>\r\n\t.p7-02>div>div{\r\n\t\t padding: 2.5vw 2.5vw 0;\r\n\t}\r\n<\/style>\r\n<div class=\"p7-con\">\r\n\t\t\t<div class=\"title\">Anfrage<\/div>\r\n\t\t\t<div class=\"p7-02\">\r\n\t\t\t\t<div>\r\n\t\t\t\t\t<div>\r\n\t\t\t\t\t\t<img decoding=\"async\" src=\"\/images\/p7-icon-01.png\">\r\n\t\t\t\t\t\t<div class=\"list-title\">+86 13815069640<\/div>\r\n\t\t\t\t\t\t<div class=\"text01\">Arbeitszeiten: 8:00-18:00 Uhr<\/div>\r\n\t\t\t\t\t\t<a href=\"\/de\/contact\/\"><div class=\"bnt bnt02\">*Technische Anfrage<\/div><\/a>\r\n\t\t\t\t\t<\/div>\r\n\t\t\t\t<\/div>\r\n\t\t\t\t<div style=\"background-color: #D62418; color: #fff;\">\r\n\t\t\t\t\t<div>\r\n\t\t\t\t\t\t<img decoding=\"async\" src=\"\/images\/p7-icon-02.png\">\r\n\t\t\t\t\t\t<div class=\"list-title\">Verschiedene Anfragen<\/div>\r\n\t\t\t\t\t\t<!-- <a href=\"mailto:sherry@hdktool.com\"><div class=\"bnt bnt01\">Inquiry Form<\/div><\/a> -->\r\n\t\t\t\t\t\t<div class=\"bnt bnt01 shane-popup\">Anfrage-Formular<\/div>\r\n\t\t\t\t\t<\/div>\r\n\t\t\t\t<\/div>\r\n\t\t\t\t<div>\r\n\t\t\t\t\t<div>\r\n\t\t\t\t\t\t<img decoding=\"async\" src=\"\/images\/p7-icon-03.png\">\r\n\t\t\t\t\t\t<div class=\"list-title\">E-Mail Magazin Anmeldung<\/div>\r\n\t\t\t\t\t\t<div class=\"bnt bnt02 shane-popup\">Anmeldung<\/div>\r\n\t\t\t\t\t<\/div>\r\n\t\t\t\t<\/div>\r\n\t\t\t<\/div>\r\n\t\t<\/div>\r\n\t<\/div>\r\n<\/div>","protected":false},"excerpt":{"rendered":"Trade Shows &#038; Events Discover where you can connect with Handerk in person at upcoming trade shows and industry events. News &#038; Press Releases End Mills in the Automobile Industry News &#038; Press Releases End Mill: A Comprehensive Guide News &#038; Press Releases Cost-Benefit Analysis of Carbide End Mills and Carbide Drills News &#038; Press [&hellip;]","protected":false},"author":1,"featured_media":0,"parent":0,"menu_order":0,"comment_status":"closed","ping_status":"closed","template":"single-page-full.php","meta":{"_monsterinsights_skip_tracking":false,"_monsterinsights_sitenote_active":false,"_monsterinsights_sitenote_note":"","_monsterinsights_sitenote_category":0,"footnotes":""},"class_list":["post-95","page","type-page","status-publish","hentry"],"blocksy_meta":[],"aioseo_notices":[],"_links":{"self":[{"href":"https:\/\/hdktools.com\/de\/wp-json\/wp\/v2\/pages\/95","targetHints":{"allow":["GET"]}}],"collection":[{"href":"https:\/\/hdktools.com\/de\/wp-json\/wp\/v2\/pages"}],"about":[{"href":"https:\/\/hdktools.com\/de\/wp-json\/wp\/v2\/types\/page"}],"author":[{"embeddable":true,"href":"https:\/\/hdktools.com\/de\/wp-json\/wp\/v2\/users\/1"}],"replies":[{"embeddable":true,"href":"https:\/\/hdktools.com\/de\/wp-json\/wp\/v2\/comments?post=95"}],"version-history":[{"count":0,"href":"https:\/\/hdktools.com\/de\/wp-json\/wp\/v2\/pages\/95\/revisions"}],"wp:attachment":[{"href":"https:\/\/hdktools.com\/de\/wp-json\/wp\/v2\/media?parent=95"}],"curies":[{"name":"wp","href":"https:\/\/api.w.org\/{rel}","templated":true}]}}