{"id":92,"date":"2024-01-04T16:38:23","date_gmt":"2024-01-04T08:38:23","guid":{"rendered":"https:\/\/hdktools.com\/?page_id=92"},"modified":"2025-04-16T09:01:42","modified_gmt":"2025-04-16T01:01:42","slug":"contact","status":"publish","type":"page","link":"https:\/\/hdktools.com\/de\/contact\/","title":{"rendered":"KONTAKT"},"content":{"rendered":"<div data-elementor-type=\"wp-page\" data-elementor-id=\"92\" class=\"elementor elementor-92\" data-elementor-post-type=\"page\">\n\t\t\t\t<div class=\"elementor-element elementor-element-bf1ec0a elementor-hidden-desktop elementor-hidden-tablet elementor-hidden-mobile e-flex e-con-boxed e-con e-parent\" data-id=\"bf1ec0a\" data-element_type=\"container\">\n\t\t\t\t\t<div class=\"e-con-inner\">\n\t\t\t\t<div class=\"elementor-element elementor-element-6e64276 elementor-widget elementor-widget-text-editor\" data-id=\"6e64276\" data-element_type=\"widget\" data-widget_type=\"text-editor.default\">\n\t\t\t\t<div class=\"elementor-widget-container\">\n\t\t\t\t\t\t\t\t\t<p><style><span data-mce-type=\"bookmark\" style=\"display: inline-block; width: 0px; overflow: hidden; line-height: 0;\" class=\"mce_SELRES_start\">\ufeff<\/span><br \/>\n\t.fk-img{<br \/>\n\t\tposition: absolute; right: 0; bottom: 0; width: 90%;<br \/>\n\t}<br \/>\n\t.contact-banner{<br \/>\n\t\twidth: 100%; position: relative;<br \/>\n\t}<br \/>\n\t.contact-banner img{<br \/>\n\t\twidth: 100%;<br \/>\n\t}<br \/>\n\t.contact-banner>div{<br \/>\n\t\tposition: absolute; width: 40%; left: 20%; top: 7.5vw; color: #fff;<br \/>\n\t}<br \/>\n\t.contact-banner>div h1{<br \/>\n\t\tfont-size: 3.9vw; text-transform: uppercase; font-family: RobotoBold;<br \/>\n\t}<br \/>\n\t.contact-banner>div>div{<br \/>\n\t\tfont-size: 1vw; margin-top: 1.5vw; opacity: 0.7; line-height: 1.4vw;<br \/>\n\t}<br \/>\n\t.contact-context{<br \/>\n\t\twidth: 60%; margin: auto; padding: 5vw 0 10vw; display: flex; justify-content: space-between; align-items: flex-start;<br \/>\n\t}<br \/>\n\t.contact-context .left{<br \/>\n\t\twidth: 36%; background-color: #F6F6F6; padding: 3.5vw 1.5vw 2vw; position: relative; color: #262626; margin-top: 0.5vw;<br \/>\n\t}<br \/>\n\t.contact-context h2{<br \/>\n\t\tfont-family: RobotoMedium; font-size: 1.2vw;<br \/>\n\t}<br \/>\n\t.contact-context .left .list{<br \/>\n\t\tpadding: 1vw 0; display: flex; justify-content: flex-start; align-items: center;<br \/>\n\t}<br \/>\n\t.list img{<br \/>\n\t\twidth: 15%; margin-right: 0.5vw;<br \/>\n\t}<br \/>\n\t.list span{<br \/>\n\t\topacity: 0.7; font-size: 0.9vw;<br \/>\n\t}<br \/>\n\t.red-fk{<br \/>\n\t\tposition: absolute; left: 18%; top: -0.5vw; width: 66%; height: 1vw; transform: skewX(-45deg); display: flex; justify-content: space-between;<br \/>\n\t}<br \/>\n\t.red-fk>div:first-child{<br \/>\n\t\tbackground-color: #D62418; height: 100%; width: 10%;<br \/>\n\t}<br \/>\n\t.red-fk>div:last-child{<br \/>\n\t\tbackground-color: #D62418; height: 100%; width: 87%;<br \/>\n\t}<br \/>\n\t.contact-context .right{<br \/>\n\t\twidth: 58%; display: flex; justify-content: space-between; flex-wrap: wrap;<br \/>\n\t}<br \/>\n\t.contact-context .right form{<br \/>\n\t\tdisplay: flex; justify-content: space-between; flex-wrap: wrap;<br \/>\n\t}<br \/>\n\t.from-s{<br \/>\n\t\twidth: 49%;<br \/>\n\t}<br \/>\n\t.from-l{<br \/>\n\t\twidth: 100%;<br \/>\n\t}<br \/>\n\t.contact-context .right h3{<br \/>\n\t\tcolor: #333333; line-height: 2vw; font-size: 1vw;<br \/>\n\t}<br \/>\n\t.right span{<br \/>\n\t\tcolor: #D62418;<br \/>\n\t}<br \/>\n\t.contact-context .right .in-text{<br \/>\n\t\tborder: 1px solid #ADADAD; width: 100%; height: 2.5vw; margin-bottom: 1vw; padding-left: 1vw; font-size: 1vw;<br \/>\n\t}<br \/>\n\tinput[type=checkbox]{<br \/>\n\t\tmargin: 0 10px 0 0;<br \/>\n\t}<br \/>\n\t.from-agree{<br \/>\n\t\tdisplay: flex; justify-content: flex-start; align-items: center; font-size: 0.8vw; margin-bottom: 2vw;<br \/>\n\t}<br \/>\n\t.contact-context .right textarea{<br \/>\n\t\tborder: 1px solid #ADADAD; width: 100%; height: 5.5vw; padding-left: 1vw; font-size: 1vw; margin-bottom: 0.5vw;<br \/>\n\t}<br \/>\n\tinput:focus, textarea:focus {<br \/>\n\t  outline: none; \/* \u53bb\u9664\u9ed8\u8ba4\u7684\u805a\u7126\u6548\u679c *\/<br \/>\n\t}<br \/>\n\t.from-submit{<br \/>\n\t\tdisplay: flex; justify-content: flex-start; align-items: center;<br \/>\n\t}<br \/>\n\t.from-submit input[type=submit], .from-submit input[type=reset]{<br \/>\n\t\twidth: 10vw; height: 2.5vw; line-height: 2.5vw; color: #ffffff; border: 0; font-family: RobotoBold; font-size: 1vw; background-color: #D62418;<br \/>\n\t}<br \/>\n\t.from-submit input[type=reset]{<br \/>\n\t\tcolor: #262626; background-color: #E0E2E4; margin-right: 0.5vw;<br \/>\n\t}<br \/>\n@media (max-width: 768px){<br \/>\n\t.contact-banner>div{<br \/>\n\t\twidth: 60%; left: 10%;<br \/>\n\t}<br \/>\n\t.contact-banner>div h1{<br \/>\n\t\tfont-size: 6vw;<br \/>\n\t}<br \/>\n\t.contact-banner>div>div{<br \/>\n\t\tfont-size: 3vw; line-height: 4vw; margin-top: 3vw;<br \/>\n\t}<br \/>\n\t.contact-context {<br \/>\n\t\twidth: 90%;<br \/>\n\t\tpadding: 10vw 0 20vw;<br \/>\n\t\tdisplay: block;<br \/>\n\t}<br \/>\n\t.contact-context .left {<br \/>\n\t\twidth: 100%;<br \/>\n\t\tpadding: 12vw 6vw 8vw;<br \/>\n\t\tmargin-top: 2vw;<br \/>\n\t}<br \/>\n\t.red-fk {<br \/>\n\t\tleft: 18%;<br \/>\n\t\ttop: -2vw;<br \/>\n\t\twidth: 66%;<br \/>\n\t\theight: 4vw;<br \/>\n\t}<br \/>\n\t.contact-context h2 {<br \/>\n\t\tfont-size: 5.6vw;<br \/>\n\t}<br \/>\n\t.contact-context .left .list {<br \/>\n\t\tpadding: 3vw 0;<br \/>\n\t}<br \/>\n\t.list img {<br \/>\n\t\tmargin-right: 2vw;<br \/>\n\t}<br \/>\n\t.list span {<br \/>\n\t\tfont-size: 3.6vw;<br \/>\n\t}<br \/>\n\t.contact-context .right {<br \/>\n\t\twidth: 100%; margin-top: 6vw;<br \/>\n\t}<br \/>\n\t.from-s{<br \/>\n\t\twidth: 100%;<br \/>\n\t}<br \/>\n\t.contact-context .right h3{<br \/>\n\t\tline-height: 7vw; font-size: 3.6vw;<br \/>\n\t}<br \/>\n\t.contact-context .right .in-text{<br \/>\n\t\theight: 8vw; margin-bottom: 3vw; padding-left: 3vw; font-size: 3.6vw;<br \/>\n\t}<br \/>\n\t.contact-context .right textarea{<br \/>\n\t\theight: 20vw; padding-left: 3vw; font-size: 3.6vw; margin-bottom: 2vw;<br \/>\n\t}<br \/>\n\t.from-agree{<br \/>\n\t\tfont-size: 2.2vw; margin-bottom: 4vw;<br \/>\n\t}<br \/>\n\t.from-submit input[type=submit], .from-submit input[type=reset]{<br \/>\n\t\twidth: 30vw; height: 7.5vw; line-height: 7.5vw; font-size: 3.2vw;<br \/>\n\t}<br \/>\n\t.from-submit input[type=reset]{<br \/>\n\t\tmargin-right: 2vw;<br \/>\n\t}<br \/>\n}<br \/>\n<\/style><\/p><div class=\"handerk-content\"><div class=\"contact-banner\"><img decoding=\"async\" class=\"pc_show\" src=\"\/images\/main\/contact-banner.jpg\" \/><br \/><img decoding=\"async\" class=\"mobile_show\" src=\"\/images\/main\/contact-banner-m.jpg\" \/><div><h1>KONTAKT<\/h1><div>\"Bestimmte Anfragen, Feedback oder brauchen Sie technische Unterst\u00fctzung? Unser Team ist hier, um zu helfen. Kontaktieren Sie uns, um HANDERKs innovative Fr\u00e4serl\u00f6sungen zu besprechen und m\u00f6gliche Kooperationen zu erkunden.\"<\/div><\/div><\/div><div class=\"contact-context\"><div class=\"left\"><h2>KONTAKT US<\/h2><div class=\"list\"><img decoding=\"async\" src=\"\/images\/main\/icon-tele.png\" \/><br \/>+86 13815069640<\/div><div class=\"list\"><img decoding=\"async\" src=\"\/images\/main\/icon-email.png\" \/><br \/>sherry@hdktool.com<\/div><div class=\"list\"><img decoding=\"async\" src=\"\/images\/main\/icon-address.png\" \/><br \/>Nr. 26, Lingshan Middle Road, Xinbei District, Changzhou, Jiangsu, China, 213135<\/div><div class=\"red-fk\"><div>\u00a0<\/div><div>\u00a0<\/div><\/div><\/div><div class=\"right\">\n<div class=\"wpcf7 no-js\" id=\"wpcf7-f330-o1\" lang=\"zh-CN\" dir=\"ltr\">\n<div class=\"screen-reader-response\"><p role=\"status\" aria-live=\"polite\" aria-atomic=\"true\"><\/p> <ul><\/ul><\/div>\n<form action=\"\/wp-json\/wp\/v2\/pages\/92\" method=\"post\" class=\"wpcf7-form init\" aria-label=\"Contact form\" novalidate=\"novalidate\" data-status=\"init\" data-trp-original-action=\"\/de\/wp-json\/wp\/v2\/pages\/92#wpcf7-f330-o1\">\n<div style=\"display: none;\">\n<input type=\"hidden\" name=\"_wpcf7\" value=\"330\" \/>\n<input type=\"hidden\" name=\"_wpcf7_version\" value=\"5.9.3\" \/>\n<input type=\"hidden\" name=\"_wpcf7_locale\" value=\"zh_CN\" \/>\n<input type=\"hidden\" name=\"_wpcf7_unit_tag\" value=\"wpcf7-f330-o1\" \/>\n<input type=\"hidden\" name=\"_wpcf7_container_post\" value=\"0\" \/>\n<input type=\"hidden\" name=\"_wpcf7_posted_data_hash\" value=\"\" \/>\n<\/div>\n<div class=\"from-s\">\n\t<h3>Name<span>*<\/span>\n\t<\/h3>\n\t<p><input class=\"in-text\" type=\"text\" name=\"name\" required \/>\n\t<\/p>\n<\/div>\n<div class=\"from-s\">\n\t<h3>Unternehmen<span>*<\/span>\n\t<\/h3>\n\t<p><input class=\"in-text\" type=\"text\" name=\"company\" required \/>\n\t<\/p>\n<\/div>\n<div class=\"from-s\">\n\t<h3>E-Mail<span>*<\/span>\n\t<\/h3>\n\t<p><input class=\"in-text\" type=\"text\" name=\"email\" required \/>\n\t<\/p>\n<\/div>\n<div class=\"from-s\">\n\t<h3>Telefon<span>*<\/span>\n\t<\/h3>\n\t<p><input class=\"in-text\" type=\"text\" name=\"phone\" required \/>\n\t<\/p>\n<\/div>\n<div class=\"from-l\">\n\t<h3>Land<span>*<\/span>\n\t<\/h3>\n\t<p><input class=\"in-text\" type=\"text\" name=\"country\" required \/>\n\t<\/p>\n<\/div>\n<div class=\"from-l\">\n\t<h3>Nachricht<span>*<\/span>\n\t<\/h3>\n\t<p><textarea name=\"message\" required><\/textarea>\n\t<\/p>\n<\/div>\n<div class=\"from-l from-agree\">\n\t<p><input class=\"in-check\" type=\"checkbox\" required \/>\n\t<\/p>\n\t<div>\n\t\t<p>Ja, ich habe die Datenschutzerkl\u00e4rung von HANDERK gelesen und bin damit einverstanden.<span>*<\/span>\n\t\t<\/p>\n\t<\/div>\n<\/div>\n<div class=\"from-l from-submit\">\n\t<p><input type=\"reset\" value=\"Abbrechen\" \/><input type=\"submit\" value=\"Senden Sie uns\" \/>\n\t<\/p>\n<\/div>\n<p><script>\ndocument.addEventListener( 'wpcf7mailsent', function( event ) {\n window.location.href = '\/success';\n}, false );\n<\/script>\n<\/p><div class=\"wpcf7-response-output\" aria-hidden=\"true\"><\/div>\n<input type=\"hidden\" name=\"trp-form-language\" value=\"de\"\/><\/form>\n<\/div>\n<\/div><\/div><p><img decoding=\"async\" class=\"fk-img\" src=\"\/images\/main\/fk-bottom.png\" \/><\/p><\/div>\t\t\t\t\t\t\t\t<\/div>\n\t\t\t\t<\/div>\n\t\t\t\t\t<\/div>\n\t\t\t\t<\/div>\n\t\t<div class=\"elementor-element elementor-element-9c0c72b e-flex e-con-boxed e-con e-parent\" data-id=\"9c0c72b\" data-element_type=\"container\">\n\t\t\t\t\t<div class=\"e-con-inner\">\n\t\t<div class=\"elementor-element elementor-element-cfdfbf9 e-con-full e-flex e-con e-child\" data-id=\"cfdfbf9\" data-element_type=\"container\">\n\t\t<div class=\"elementor-element elementor-element-3e0aabc e-con-full e-flex e-con e-child\" data-id=\"3e0aabc\" data-element_type=\"container\" data-settings=\"{&quot;background_background&quot;:&quot;classic&quot;}\">\n\t\t\t\t<div class=\"elementor-element elementor-element-80c3bff elementor-widget elementor-widget-heading\" data-id=\"80c3bff\" data-element_type=\"widget\" data-widget_type=\"heading.default\">\n\t\t\t\t<div class=\"elementor-widget-container\">\n\t\t\t\t\t<h2 class=\"elementor-heading-title elementor-size-default\">Kontakt<\/h2>\t\t\t\t<\/div>\n\t\t\t\t<\/div>\n\t\t\t\t<div class=\"elementor-element elementor-element-71260a1 elementor-position-left elementor-vertical-align-middle elementor-view-default elementor-mobile-position-top elementor-widget elementor-widget-icon-box\" data-id=\"71260a1\" data-element_type=\"widget\" data-widget_type=\"icon-box.default\">\n\t\t\t\t<div class=\"elementor-widget-container\">\n\t\t\t\t\t\t\t<div class=\"elementor-icon-box-wrapper\">\n\n\t\t\t\t\t\t<div class=\"elementor-icon-box-icon\">\n\t\t\t\t<span  class=\"elementor-icon\">\n\t\t\t\t<svg aria-hidden=\"true\" class=\"e-font-icon-svg e-fas-phone-square-alt\" viewbox=\"0 0 448 512\" xmlns=\"http:\/\/www.w3.org\/2000\/svg\"><path d=\"M400 32H48A48 48 0 0 0 0 80v352a48 48 0 0 0 48 48h352a48 48 0 0 0 48-48V80a48 48 0 0 0-48-48zm-16.39 307.37l-15 65A15 15 0 0 1 354 416C194 416 64 286.29 64 126a15.7 15.7 0 0 1 11.63-14.61l65-15A18.23 18.23 0 0 1 144 96a16.27 16.27 0 0 1 13.79 9.09l30 70A17.9 17.9 0 0 1 189 181a17 17 0 0 1-5.5 11.61l-37.89 31a231.91 231.91 0 0 0 110.78 110.78l31-37.89A17 17 0 0 1 299 291a17.85 17.85 0 0 1 5.91 1.21l70 30A16.25 16.25 0 0 1 384 336a17.41 17.41 0 0 1-.39 3.37z\"><\/path><\/svg>\t\t\t\t<\/span>\n\t\t\t<\/div>\n\t\t\t\n\t\t\t\t\t\t<div class=\"elementor-icon-box-content\">\n\n\t\t\t\t\t\t\t\t\t<h3 class=\"elementor-icon-box-title\">\n\t\t\t\t\t\t<span  >\n\t\t\t\t\t\t\t+86 13815069640\t\t\t\t\t\t<\/span>\n\t\t\t\t\t<\/h3>\n\t\t\t\t\n\t\t\t\t\n\t\t\t<\/div>\n\t\t\t\n\t\t<\/div>\n\t\t\t\t\t\t<\/div>\n\t\t\t\t<\/div>\n\t\t\t\t<div class=\"elementor-element elementor-element-2e4b429 elementor-position-left elementor-vertical-align-middle elementor-view-default elementor-mobile-position-top elementor-widget elementor-widget-icon-box\" data-id=\"2e4b429\" data-element_type=\"widget\" data-widget_type=\"icon-box.default\">\n\t\t\t\t<div class=\"elementor-widget-container\">\n\t\t\t\t\t\t\t<div class=\"elementor-icon-box-wrapper\">\n\n\t\t\t\t\t\t<div class=\"elementor-icon-box-icon\">\n\t\t\t\t<span  class=\"elementor-icon\">\n\t\t\t\t<svg aria-hidden=\"true\" class=\"e-font-icon-svg e-far-envelope\" viewbox=\"0 0 512 512\" xmlns=\"http:\/\/www.w3.org\/2000\/svg\"><path d=\"M464 64H48C21.49 64 0 85.49 0 112v288c0 26.51 21.49 48 48 48h416c26.51 0 48-21.49 48-48V112c0-26.51-21.49-48-48-48zm0 48v40.805c-22.422 18.259-58.168 46.651-134.587 106.49-16.841 13.247-50.201 45.072-73.413 44.701-23.208.375-56.579-31.459-73.413-44.701C106.18 199.465 70.425 171.067 48 152.805V112h416zM48 400V214.398c22.914 18.251 55.409 43.862 104.938 82.646 21.857 17.205 60.134 55.186 103.062 54.955 42.717.231 80.509-37.199 103.053-54.947 49.528-38.783 82.032-64.401 104.947-82.653V400H48z\"><\/path><\/svg>\t\t\t\t<\/span>\n\t\t\t<\/div>\n\t\t\t\n\t\t\t\t\t\t<div class=\"elementor-icon-box-content\">\n\n\t\t\t\t\t\t\t\t\t<h3 class=\"elementor-icon-box-title\">\n\t\t\t\t\t\t<span  >\n\t\t\t\t\t\t\tsherry@hdktool.com\t\t\t\t\t\t<\/span>\n\t\t\t\t\t<\/h3>\n\t\t\t\t\n\t\t\t\t\n\t\t\t<\/div>\n\t\t\t\n\t\t<\/div>\n\t\t\t\t\t\t<\/div>\n\t\t\t\t<\/div>\n\t\t\t\t<div class=\"elementor-element elementor-element-5f41340 elementor-position-left elementor-vertical-align-middle elementor-view-default elementor-mobile-position-top elementor-widget elementor-widget-icon-box\" data-id=\"5f41340\" data-element_type=\"widget\" data-widget_type=\"icon-box.default\">\n\t\t\t\t<div class=\"elementor-widget-container\">\n\t\t\t\t\t\t\t<div class=\"elementor-icon-box-wrapper\">\n\n\t\t\t\t\t\t<div class=\"elementor-icon-box-icon\">\n\t\t\t\t<span  class=\"elementor-icon\">\n\t\t\t\t<svg aria-hidden=\"true\" class=\"e-font-icon-svg e-fas-store\" viewbox=\"0 0 616 512\" xmlns=\"http:\/\/www.w3.org\/2000\/svg\"><path d=\"M602 118.6L537.1 15C531.3 5.7 521 0 510 0H106C95 0 84.7 5.7 78.9 15L14 118.6c-33.5 53.5-3.8 127.9 58.8 136.4 4.5.6 9.1.9 13.7.9 29.6 0 55.8-13 73.8-33.1 18 20.1 44.3 33.1 73.8 33.1 29.6 0 55.8-13 73.8-33.1 18 20.1 44.3 33.1 73.8 33.1 29.6 0 55.8-13 73.8-33.1 18.1 20.1 44.3 33.1 73.8 33.1 4.7 0 9.2-.3 13.7-.9 62.8-8.4 92.6-82.8 59-136.4zM529.5 288c-10 0-19.9-1.5-29.5-3.8V384H116v-99.8c-9.6 2.2-19.5 3.8-29.5 3.8-6 0-12.1-.4-18-1.2-5.6-.8-11.1-2.1-16.4-3.6V480c0 17.7 14.3 32 32 32h448c17.7 0 32-14.3 32-32V283.2c-5.4 1.6-10.8 2.9-16.4 3.6-6.1.8-12.1 1.2-18.2 1.2z\"><\/path><\/svg>\t\t\t\t<\/span>\n\t\t\t<\/div>\n\t\t\t\n\t\t\t\t\t\t<div class=\"elementor-icon-box-content\">\n\n\t\t\t\t\t\t\t\t\t<h3 class=\"elementor-icon-box-title\">\n\t\t\t\t\t\t<span  >\n\t\t\t\t\t\t\tNr. 26, Lingshan Middle Road, Xinbei District, Changzhou, Jiangsu, China, 213135\t\t\t\t\t\t<\/span>\n\t\t\t\t\t<\/h3>\n\t\t\t\t\n\t\t\t\t\n\t\t\t<\/div>\n\t\t\t\n\t\t<\/div>\n\t\t\t\t\t\t<\/div>\n\t\t\t\t<\/div>\n\t\t\t\t<\/div>\n\t\t\t\t<\/div>\n\t\t<div class=\"elementor-element elementor-element-e826ed7 e-con-full e-flex e-con e-child\" data-id=\"e826ed7\" data-element_type=\"container\">\n\t\t\t\t<div class=\"elementor-element elementor-element-cd9b1b7 elementor-button-align-stretch elementor-widget elementor-widget-form\" data-id=\"cd9b1b7\" data-element_type=\"widget\" data-settings=\"{&quot;step_next_label&quot;:&quot;Next&quot;,&quot;step_previous_label&quot;:&quot;Previous&quot;,&quot;button_width&quot;:&quot;100&quot;,&quot;step_type&quot;:&quot;number_text&quot;,&quot;step_icon_shape&quot;:&quot;circle&quot;}\" data-widget_type=\"form.default\">\n\t\t\t\t<div class=\"elementor-widget-container\">\n\t\t\t\t\t\t\t<form class=\"elementor-form\" method=\"post\" name=\"New Form\">\n\t\t\t<input type=\"hidden\" name=\"post_id\" value=\"92\"\/>\n\t\t\t<input type=\"hidden\" name=\"form_id\" value=\"cd9b1b7\"\/>\n\t\t\t<input type=\"hidden\" name=\"referer_title\" value=\"\" \/>\n\n\t\t\t\n\t\t\t<div class=\"elementor-form-fields-wrapper elementor-labels-above\">\n\t\t\t\t\t\t\t\t<div class=\"elementor-field-type-text elementor-field-group elementor-column elementor-field-group-name elementor-col-50\">\n\t\t\t\t\t\t\t\t\t\t\t\t<label for=\"form-field-name\" class=\"elementor-field-label\">\n\t\t\t\t\t\t\t\tName\t\t\t\t\t\t\t<\/label>\n\t\t\t\t\t\t\t\t\t\t\t\t\t\t<input size=\"1\" type=\"text\" name=\"form_fields[name]\" id=\"form-field-name\" class=\"elementor-field elementor-size-sm  elementor-field-textual\">\n\t\t\t\t\t\t\t\t\t\t\t<\/div>\n\t\t\t\t\t\t\t\t<div class=\"elementor-field-type-email elementor-field-group elementor-column elementor-field-group-email elementor-col-50 elementor-field-required\">\n\t\t\t\t\t\t\t\t\t\t\t\t<label for=\"form-field-email\" class=\"elementor-field-label\">\n\t\t\t\t\t\t\t\tE-Mail\t\t\t\t\t\t\t<\/label>\n\t\t\t\t\t\t\t\t\t\t\t\t\t\t<input size=\"1\" type=\"email\" name=\"form_fields[email]\" id=\"form-field-email\" class=\"elementor-field elementor-size-sm  elementor-field-textual\" required=\"required\">\n\t\t\t\t\t\t\t\t\t\t\t<\/div>\n\t\t\t\t\t\t\t\t<div class=\"elementor-field-type-text elementor-field-group elementor-column elementor-field-group-field_928f8cb elementor-col-50\">\n\t\t\t\t\t\t\t\t\t\t\t\t<label for=\"form-field-field_928f8cb\" class=\"elementor-field-label\">\n\t\t\t\t\t\t\t\tTelefon\t\t\t\t\t\t\t<\/label>\n\t\t\t\t\t\t\t\t\t\t\t\t\t\t<input size=\"1\" type=\"text\" name=\"form_fields[field_928f8cb]\" id=\"form-field-field_928f8cb\" class=\"elementor-field elementor-size-sm  elementor-field-textual\">\n\t\t\t\t\t\t\t\t\t\t\t<\/div>\n\t\t\t\t\t\t\t\t<div class=\"elementor-field-type-text elementor-field-group elementor-column elementor-field-group-field_7b27509 elementor-col-50\">\n\t\t\t\t\t\t\t\t\t\t\t\t<label for=\"form-field-field_7b27509\" class=\"elementor-field-label\">\n\t\t\t\t\t\t\t\tLand\t\t\t\t\t\t\t<\/label>\n\t\t\t\t\t\t\t\t\t\t\t\t\t\t<input size=\"1\" type=\"text\" name=\"form_fields[field_7b27509]\" id=\"form-field-field_7b27509\" class=\"elementor-field elementor-size-sm  elementor-field-textual\">\n\t\t\t\t\t\t\t\t\t\t\t<\/div>\n\t\t\t\t\t\t\t\t<div class=\"elementor-field-type-text elementor-field-group elementor-column elementor-field-group-field_a4b5940 elementor-col-100\">\n\t\t\t\t\t\t\t\t\t\t\t\t<label for=\"form-field-field_a4b5940\" class=\"elementor-field-label\">\n\t\t\t\t\t\t\t\tUnternehmen\t\t\t\t\t\t\t<\/label>\n\t\t\t\t\t\t\t\t\t\t\t\t\t\t<input size=\"1\" type=\"text\" name=\"form_fields[field_a4b5940]\" id=\"form-field-field_a4b5940\" class=\"elementor-field elementor-size-sm  elementor-field-textual\">\n\t\t\t\t\t\t\t\t\t\t\t<\/div>\n\t\t\t\t\t\t\t\t<div class=\"elementor-field-type-textarea elementor-field-group elementor-column elementor-field-group-message elementor-col-100\">\n\t\t\t\t\t\t\t\t\t\t\t\t<label for=\"form-field-message\" class=\"elementor-field-label\">\n\t\t\t\t\t\t\t\tNachricht\t\t\t\t\t\t\t<\/label>\n\t\t\t\t\t\t<textarea class=\"elementor-field-textual elementor-field  elementor-size-sm\" name=\"form_fields[message]\" id=\"form-field-message\" rows=\"2\"><\/textarea>\t\t\t\t<\/div>\n\t\t\t\t\t\t\t\t<div class=\"elementor-field-group elementor-column elementor-field-type-submit elementor-col-100 e-form__buttons\">\n\t\t\t\t\t<button class=\"elementor-button elementor-size-sm\" type=\"submit\">\n\t\t\t\t\t\t<span class=\"elementor-button-content-wrapper\">\n\t\t\t\t\t\t\t\t\t\t\t\t\t\t\t\t\t\t\t\t\t\t<span class=\"elementor-button-text\">Senden Sie<\/span>\n\t\t\t\t\t\t\t\t\t\t\t\t\t<\/span>\n\t\t\t\t\t<\/button>\n\t\t\t\t<\/div>\n\t\t\t<\/div>\n\t\t<input type=\"hidden\" name=\"trp-form-language\" value=\"de\"\/><\/form>\n\t\t\t\t\t\t<\/div>\n\t\t\t\t<\/div>\n\t\t\t\t<\/div>\n\t\t\t\t\t<\/div>\n\t\t\t\t<\/div>\n\t\t\t\t<\/div>","protected":false},"excerpt":{"rendered":"CONTACT&#8220;Certain inquiries, feedback, or need technical support? Our team is here to help. Contact us to discuss HANDERK&#8217;s innovative milling cutter solutions and explore potential collaborations.&#8221;CONTACT US+86 13815069640sherry@hdktool.comNo. 26, Lingshan Middle Road, Xinbei District, Changzhou, Jiangsu, China, 213135\u00a0\u00a0 Contact Us +86 13815069640 sherry@hdktool.com No. 26, Lingshan Middle Road, Xinbei District, Changzhou, Jiangsu, China, 213135","protected":false},"author":1,"featured_media":0,"parent":0,"menu_order":0,"comment_status":"closed","ping_status":"closed","template":"single-page-full.php","meta":{"_monsterinsights_skip_tracking":false,"_monsterinsights_sitenote_active":false,"_monsterinsights_sitenote_note":"","_monsterinsights_sitenote_category":0,"footnotes":""},"class_list":["post-92","page","type-page","status-publish","hentry"],"blocksy_meta":[],"aioseo_notices":[],"_links":{"self":[{"href":"https:\/\/hdktools.com\/de\/wp-json\/wp\/v2\/pages\/92","targetHints":{"allow":["GET"]}}],"collection":[{"href":"https:\/\/hdktools.com\/de\/wp-json\/wp\/v2\/pages"}],"about":[{"href":"https:\/\/hdktools.com\/de\/wp-json\/wp\/v2\/types\/page"}],"author":[{"embeddable":true,"href":"https:\/\/hdktools.com\/de\/wp-json\/wp\/v2\/users\/1"}],"replies":[{"embeddable":true,"href":"https:\/\/hdktools.com\/de\/wp-json\/wp\/v2\/comments?post=92"}],"version-history":[{"count":24,"href":"https:\/\/hdktools.com\/de\/wp-json\/wp\/v2\/pages\/92\/revisions"}],"predecessor-version":[{"id":1737,"href":"https:\/\/hdktools.com\/de\/wp-json\/wp\/v2\/pages\/92\/revisions\/1737"}],"wp:attachment":[{"href":"https:\/\/hdktools.com\/de\/wp-json\/wp\/v2\/media?parent=92"}],"curies":[{"name":"wp","href":"https:\/\/api.w.org\/{rel}","templated":true}]}}