{"id":85,"date":"2024-01-02T09:30:07","date_gmt":"2024-01-02T01:30:07","guid":{"rendered":"https:\/\/hdktools.com\/?page_id=85"},"modified":"2024-08-27T11:10:13","modified_gmt":"2024-08-27T03:10:13","slug":"category","status":"publish","type":"page","link":"https:\/\/hdktools.com\/de\/category\/","title":{"rendered":"Kategorie"},"content":{"rendered":"<style>\r\n\t.category-banner{\r\n\t\twidth: 100%; position: relative\r\n\t}\r\n\t.category-banner img{\r\n\t\twidth: 100%;\r\n\t}\r\n\t.category-banner>div{\r\n\t\twidth: 41vw; position: absolute; top: 22%; left: 10vw;\r\n\t}\r\n\t.category-banner>div>h1{\r\n\t\tcolor: #fff; font-size: 3.6vw; text-transform: uppercase; font-family: RobotoBold;\r\n\t}\r\n\t.category-banner>div>div{\r\n\t\tcolor: #B3B3B3; font-size: 0.9vw; margin-top: 1vw;\r\n\t}\r\n\t.category-context{\r\n\t\twidth: 100%; padding-top: 4vw; background-image: url(\/images\/category\/bg01.jpg); background-repeat: no-repeat; background-position: bottom; background-size: 100%;\r\n\t}\r\n\t.category-context>div{\r\n\t\twidth: 90%; max-width: 1600px; margin: auto; text-align: center; color: #0C0D1C; font-size: 1vw;\r\n\t}\r\n\t.category-context>div h2{\r\n\t\twidth: 100%; font-family: RobotoBold; font-size: 2.4vw; line-height: 4vw;\r\n\t}\r\n\t.category-list{\r\n\t\twidth: 100%; display: flex; justify-content: space-between; margin-top: 2.5vw; margin-bottom: 2.5vw;\r\n\t}\r\n\t.category-list>div{\r\n\t\twidth: 32%; position: relative;\r\n\t}\r\n\t.category-name{\r\n\t\tposition: absolute; left: 0; bottom: 0; width: 100%; height: 13%; font-size: 1.6vw; font-family: RobotoBold; color: #262626;\r\n\t}\r\n\t.list-fk{\r\n\t\twidth: 100%; height: 100%; position: absolute; left: 0; top: 0; display: none;\r\n\t}\r\n\t.list-fk>div{\r\n\t\tposition: relative; width: 100%;\r\n\t}\r\n\t.category-name-02{\r\n\t\tposition: absolute; left: 0; top: 46%; width: 100%; font-size: 1.6vw; font-family: RobotoBold; color: #ffffff;\r\n\t}\r\n\t.category-link{\r\n\t\tposition: absolute; right: 8%; top: 6%; width: 13%;\r\n\t}\r\n\t.category-list>div:hover .list-fk{\r\n\t\tdisplay: block;\r\n\t}\r\n@media (max-width: 768px){\t\r\n\t.category-context>div{\r\n\t\tfont-size: 4vw;\r\n\t}\r\n\t.category-context>div h2{\t\r\n\t\tfont-size: 6vw; line-height: 6.5vw; margin-bottom: 5vw; padding-top: 8vw \r\n\t}\r\n\t.category-list{\r\n\t\tdisplay: block;\r\n\t}\r\n\t.category-list>div{\r\n\t\twidth: 100%; margin-top: 2vw;\r\n\t}\r\n\t.category-name{\r\n\t\tfont-size: 6vw;\r\n\t}\r\n\t.category-name-02{\r\n\t\tfont-size: 6vw;\r\n\t}\r\n}\r\n<\/style>\r\n<div class=\"handerk-content\">\r\n\t<div class=\"category-banner\">\r\n\t\t<img decoding=\"async\" src=\"\/images\/category\/banner.jpg\" style=\"width: 100%;\">\r\n\t\t<div>\r\n\t\t\t<h1>Erkunden Sie unser<br>Vollst\u00e4ndige Palette von<br>Fr\u00e4swerkzeuge<\/h1>\r\n\t\t\t<div>\"Entdecken Sie unsere gro\u00dfe Auswahl an hochwertigen Fr\u00e4swerkzeugen, einschlie\u00dflich Schaftfr\u00e4ser und Planfr\u00e4ser, die auf die unterschiedlichen Bed\u00fcrfnisse von Zerspanungsprofis zugeschnitten sind. Unsere hochmodernen Produkte bieten Pr\u00e4zision und Leistung f\u00fcr eine Vielzahl von Fr\u00e4sanwendungen. Finden Sie die perfekten Werkzeuge f\u00fcr Ihre Projekte und erweitern Sie Ihre Bearbeitungsm\u00f6glichkeiten mit unseren innovativen L\u00f6sungen.\"<\/div>\r\n\t\t<\/div>\r\n\t<\/div>\r\n\t<div class=\"category-context\">\r\n\t\t<div>\r\n\t\t\t<h2>Kategorie<\/h2>\r\n\t\t\t<div>Finden Sie die beste Auswahl f\u00fcr Ihren Bedarf.<\/div>\r\n\t\t\t<div class=\"category-list\">\r\n\t\t\t\t<div>\r\n\t\t\t\t\t<img decoding=\"async\" src=\"http:\/\/hdktools.com\/wp-content\/uploads\/2024\/08\/end-mill-a.png\" style=\"width: 100%;\">\r\n\t\t\t\t\t<div class=\"category-name\">Schaftfr\u00e4ser<\/div>\r\n\t\t\t\t\t<div class=\"list-fk\">\r\n                                            <a  href=\"\/de\/category\/produkt\/carbide-end-mill\/#product\">\r\n\t\t\t\t\t\t<div>\r\n\t\t\t\t\t\t\t<img decoding=\"async\" src=\"http:\/\/hdktools.com\/wp-content\/uploads\/2024\/08\/1.png\" style=\"width: 100%;\">\r\n\t\t\t\t\t\t\t<div class=\"category-name-02\">Schaftfr\u00e4ser<\/div>\r\n\t\t\t\t\t\t\t<div class=\"category-link\"><a ><img decoding=\"async\" src=\"\/images\/category\/icon-link.png\" style=\"width: 100%;\"><\/a><\/div>\r\n\t\t\t\t\t\t<\/div>\r\n                                            <\/a>\t\t\t\t\t\t\r\n\t\t\t\t\t<\/div>\r\n\t\t\t\t<\/div>\r\n\t\t\t\t<div>\r\n\t\t\t\t\t<img decoding=\"async\" src=\"http:\/\/hdktools.com\/wp-content\/uploads\/2024\/08\/drill-a.png\" style=\"width: 100%;\">\r\n\t\t\t\t\t<div class=\"category-name\">Bohrer<\/div>\r\n\t\t\t\t\t<div class=\"list-fk\">\r\n                                               <a   href=\"\/de\/category\/produkt\/carbide-drill\/#product\">\r\n\t\t\t\t\t\t<div>\r\n\t\t\t\t\t\t\t<img decoding=\"async\" src=\"http:\/\/hdktools.com\/wp-content\/uploads\/2024\/08\/2.png\" style=\"width: 100%;\">\r\n\t\t\t\t\t\t\t<div class=\"category-name-02\">Bohrer<\/div>\r\n\t\t\t\t\t\t\t<div class=\"category-link\"><a ><img decoding=\"async\" src=\"\/images\/category\/icon-link.png\" style=\"width: 100%;\"><\/a><\/div>\r\n\t\t\t\t\t\t<\/div>\t\t\t\t\t\t\r\n\t\t\t\t\t    <\/a>\r\n                                      <\/div>\t\r\n\t\t\t\t<\/div>\r\n\t\t\t\t<div>\r\n\t\t\t\t\t<img decoding=\"async\" src=\"http:\/\/hdktools.com\/wp-content\/uploads\/2024\/08\/insert-a.png\" style=\"width: 100%;\">\r\n\t\t\t\t\t<div class=\"category-name\">einf\u00fcgen.<\/div>\r\n                                       <div class=\"list-fk\">\r\n\t\t\t\t\t<a  href=\"\/de\/category\/produkt\/carbide-inserts\/#product\">\r\n\t\t\t\t\t\t<div>\r\n\t\t\t\t\t\t\t<img decoding=\"async\" src=\"http:\/\/hdktools.com\/wp-content\/uploads\/2024\/08\/3.png\" style=\"width: 100%;\">\r\n\t\t\t\t\t\t\t<div class=\"category-name-02\">einf\u00fcgen.<\/div>\r\n\t\t\t\t\t\t\t<div class=\"category-link\"><a><img decoding=\"async\" src=\"\/images\/category\/icon-link.png\" style=\"width: 100%;\"><\/a><\/div>\r\n\t\t\t\t\t\t<\/div>\t\t\t\t\t\t\r\n\t\t\t\t\t<\/a>\r\n                                     <\/div>\t\r\n\t\t\t\t<\/div>\r\n\t\t\t<\/div>\r\n\t\t<\/div>\r\n\t\t<style>\r\n\t.p7-02>div>div{\r\n\t\t padding: 2.5vw 2.5vw 0;\r\n\t}\r\n<\/style>\r\n<div class=\"p7-con\">\r\n\t\t\t<div class=\"title\">Anfrage<\/div>\r\n\t\t\t<div class=\"p7-02\">\r\n\t\t\t\t<div>\r\n\t\t\t\t\t<div>\r\n\t\t\t\t\t\t<img decoding=\"async\" src=\"\/images\/p7-icon-01.png\">\r\n\t\t\t\t\t\t<div class=\"list-title\">+86 13815069640<\/div>\r\n\t\t\t\t\t\t<div class=\"text01\">Arbeitszeiten: 8:00-18:00 Uhr<\/div>\r\n\t\t\t\t\t\t<a href=\"\/de\/contact\/\"><div class=\"bnt bnt02\">*Technische Anfrage<\/div><\/a>\r\n\t\t\t\t\t<\/div>\r\n\t\t\t\t<\/div>\r\n\t\t\t\t<div style=\"background-color: #D62418; color: #fff;\">\r\n\t\t\t\t\t<div>\r\n\t\t\t\t\t\t<img decoding=\"async\" src=\"\/images\/p7-icon-02.png\">\r\n\t\t\t\t\t\t<div class=\"list-title\">Verschiedene Anfragen<\/div>\r\n\t\t\t\t\t\t<!-- <a href=\"mailto:sherry@hdktool.com\"><div class=\"bnt bnt01\">Inquiry Form<\/div><\/a> -->\r\n\t\t\t\t\t\t<div class=\"bnt bnt01 shane-popup\">Anfrage-Formular<\/div>\r\n\t\t\t\t\t<\/div>\r\n\t\t\t\t<\/div>\r\n\t\t\t\t<div>\r\n\t\t\t\t\t<div>\r\n\t\t\t\t\t\t<img decoding=\"async\" src=\"\/images\/p7-icon-03.png\">\r\n\t\t\t\t\t\t<div class=\"list-title\">E-Mail Magazin Anmeldung<\/div>\r\n\t\t\t\t\t\t<div class=\"bnt bnt02 shane-popup\">Anmeldung<\/div>\r\n\t\t\t\t\t<\/div>\r\n\t\t\t\t<\/div>\r\n\t\t\t<\/div>\r\n\t\t<\/div>\r\n\t<\/div>\r\n<\/div>","protected":false},"excerpt":{"rendered":"Explore OurComplete Range ofMilling Tools \u201cDiscover our wide selection of high-quality milling tools, including end mills and face mills, designed to meet the diverse needs of machining professionals. Our cutting-edge products deliver precision and performance for a variety of milling applications. Find the perfect tools for your projects and elevate your machining capabilities with our [&hellip;]","protected":false},"author":1,"featured_media":0,"parent":0,"menu_order":0,"comment_status":"closed","ping_status":"closed","template":"single-page-full.php","meta":{"_monsterinsights_skip_tracking":false,"_monsterinsights_sitenote_active":false,"_monsterinsights_sitenote_note":"","_monsterinsights_sitenote_category":0,"footnotes":""},"class_list":["post-85","page","type-page","status-publish","hentry"],"blocksy_meta":[],"aioseo_notices":[],"_links":{"self":[{"href":"https:\/\/hdktools.com\/de\/wp-json\/wp\/v2\/pages\/85","targetHints":{"allow":["GET"]}}],"collection":[{"href":"https:\/\/hdktools.com\/de\/wp-json\/wp\/v2\/pages"}],"about":[{"href":"https:\/\/hdktools.com\/de\/wp-json\/wp\/v2\/types\/page"}],"author":[{"embeddable":true,"href":"https:\/\/hdktools.com\/de\/wp-json\/wp\/v2\/users\/1"}],"replies":[{"embeddable":true,"href":"https:\/\/hdktools.com\/de\/wp-json\/wp\/v2\/comments?post=85"}],"version-history":[{"count":0,"href":"https:\/\/hdktools.com\/de\/wp-json\/wp\/v2\/pages\/85\/revisions"}],"wp:attachment":[{"href":"https:\/\/hdktools.com\/de\/wp-json\/wp\/v2\/media?parent=85"}],"curies":[{"name":"wp","href":"https:\/\/api.w.org\/{rel}","templated":true}]}}