{"id":223,"date":"2024-01-22T09:28:19","date_gmt":"2024-01-22T01:28:19","guid":{"rendered":"https:\/\/hdktools.com\/?page_id=223"},"modified":"2024-08-22T17:09:53","modified_gmt":"2024-08-22T09:09:53","slug":"home-test","status":"publish","type":"page","link":"https:\/\/hdktools.com\/de\/home-test\/","title":{"rendered":"home-test"},"content":{"rendered":"<div class=\"handerk-content\">\r\n\t<div class=\"home-zs\">\r\n\t\t<img decoding=\"async\" style=\"width: 100%;\" src=\"\/images\/home-zs.png\" \/>\r\n\t<\/div>\r\n\t<div class=\"home-p1 swiper swiper-home-banner\">\r\n\t\t<div class=\"swiper-wrapper\">\r\n\t\t\t<div class=\"swiper-slide\">\r\n\t\t\t\t<img decoding=\"async\" class=\"mobile_show\" src=\"\/images\/home-banner-01-m.jpg\" \/>\r\n\t\t\t\t<img decoding=\"async\" class=\"pc_show\" src=\"http:\/\/hdktools.com\/wp-content\/uploads\/2023\/12\/2-\u62f7\u8d1d-1.jpg\" \/>\r\n\t\t\t\t<div class=\"banner-context\" style=\"display: none;\">\r\n\t\t\t\t\t<h1 class=\"banner-title\">ZUERST AN HANDERK DENKEN<\/h1>\r\n\t\t\t\t\t<div class=\"banner-text\">Wir bieten mehr als 180.000 verschiedene Schneidewerkzeuge an, die vollst\u00e4ndig auf Lager liegen und am Tag Ihres Kaufs versandfertig sind.<\/div>\r\n\t\t\t\t\t<div class=\"banner-link\">Jetzt bl\u00e4ttern<\/div>\r\n\t\t\t\t<\/div>\r\n\t\t\t<\/div>\r\n\t\t\t<div class=\"swiper-slide style02\">\r\n\t\t\t\t<img decoding=\"async\" class=\"mobile_show\" src=\"\/images\/home-banner-02-m.jpg\" \/>\r\n\t\t\t\t<img decoding=\"async\" class=\"pc_show\" src=\"http:\/\/hdktools.com\/wp-content\/uploads\/2023\/12\/1-\u62f7\u8d1d-1.jpg\" \/>\r\n\t\t\t\t<div class=\"banner-context\" style=\"display: none;\">\r\n\t\t\t\t\t<div class=\"banner-text\">LEIDENSCHAFT F\u00dcR PR\u00c4ZISION<\/div>\r\n\t\t\t\t\t<div class=\"banner-text03\">ST SERIE<\/div>\r\n\t\t\t\t\t<div class=\"banner-title\">L\u00d6SUNG F\u00dcR HOCHHARTE MATERIALIEN<\/div>\r\n\t\t\t\t\t<div class=\"banner-text banner-text-m\">ALLGEMEINE VERWENDUNG \/ VARIABLE HELIX<\/div>\r\n\t\t\t\t\t<div class=\"banner-link\">Jetzt \u00fcberpr\u00fcfen<\/div>\r\n\t\t\t\t<\/div>\r\n\t\t\t<\/div>\r\n\t\t\t<div class=\"swiper-slide style03\">\r\n\t\t\t\t<img decoding=\"async\" class=\"mobile_show\" src=\"\/images\/home-banner-03-m.jpg\" \/>\r\n\t\t\t\t<img decoding=\"async\" class=\"pc_show\" src=\"http:\/\/hdktools.com\/wp-content\/uploads\/2023\/12\/3-\u62f7\u8d1d.jpg\" \/>\r\n\t\t\t\t<div class=\"banner-context\" style=\"display: none;\">\r\n\t\t\t\t\t<h2 class=\"banner-title\">SPEZIALWERKZEUGE RICHTIGE ANWENDUNG<\/h2>\r\n\t\t\t\t\t<div class=\"banner-text\">Um das Werkzeug perfekt zu nutzen, unterst\u00fctzen wir Sie bei der Erstellung einer technischen Zeichnung auf der Grundlage des Werkst\u00fccks. Die gesamte Produktionszeit betr\u00e4gt nur 7-10 Tage, um ein geeignetes Werkzeug zu erhalten.<\/div>\r\n\t\t\t\t\t<div class=\"banner-link\">OEM&amp;ODM Jetzt<\/div>\r\n\t\t\t\t<\/div>\r\n\t\t\t<\/div>\r\n\t\t<\/div>\r\n\t\t<!-- \u5982\u679c\u9700\u8981\u5206\u9875\u5668 -->\r\n\t\t<div class=\"swiper-pagination\"><\/div>\r\n\t<\/div>\r\n\t<div class=\"home-p2\">\r\n\t\t<div class=\"p2-con\">\r\n\t\t\t<div class=\"p2-left\">\r\n\t\t\t\t<h2 class=\"p2-title\">Informationen zum Produkt<\/h2>\r\n\t\t\t\t<div class=\"p2-swiper\">\r\n\t\t\t\t\t<div class=\"swiper swiper-home-p2\">\r\n\t\t\t\t\t\t<div class=\"swiper-wrapper\">\r\n\t\t\t\t\t\t\t<div class=\"swiper-slide\">\r\n\t\t\t\t\t\t\t\t<img decoding=\"async\" src=\"\/images\/home-p2-01-m.png\" class=\"mobile_show\">\r\n\t\t\t\t\t\t\t\t<img decoding=\"async\" src=\"http:\/\/hdktools.com\/wp-content\/uploads\/2023\/12\/home-p2-01.png\" class=\"pc_show\">\r\n\t\t\t\t\t\t\t\t<span>Legierungseins\u00e4tze<\/span>\r\n\t\t\t\t\t\t\t<\/div>\r\n\t\t\t\t\t\t\t<div class=\"swiper-slide\">\r\n\t\t\t\t\t\t\t\t<img decoding=\"async\" src=\"\/images\/home-p2-02-m.png\" class=\"mobile_show\">\r\n\t\t\t\t\t\t\t\t<img decoding=\"async\" src=\"http:\/\/hdktools.com\/wp-content\/uploads\/2023\/12\/home-p2-02.png\" class=\"pc_show\">\r\n\t\t\t\t\t\t\t\t<span>Legierungsbohrer<\/span>\r\n\t\t\t\t\t\t\t<\/div>\r\n\t\t\t\t\t\t\t<div class=\"swiper-slide\">\r\n\t\t\t\t\t\t\t\t<img decoding=\"async\" src=\"\/images\/home-p2-03-m.png\" class=\"mobile_show\">\r\n\t\t\t\t\t\t\t\t<img decoding=\"async\" src=\"http:\/\/hdktools.com\/wp-content\/uploads\/2023\/12\/home-p2-03.png\" class=\"pc_show\">\r\n\t\t\t\t\t\t\t\t<span>Legierungsfr\u00e4ser<\/span>\r\n\t\t\t\t\t\t\t<\/div>\r\n\t\t\t\t\t\t\t<div class=\"swiper-slide\">\r\n\t\t\t\t\t\t\t\t<img decoding=\"async\" src=\"\/images\/home-p2-01-m.png\" class=\"mobile_show\">\r\n\t\t\t\t\t\t\t\t<img decoding=\"async\" src=\"http:\/\/hdktools.com\/wp-content\/uploads\/2023\/12\/home-p2-01.png\" class=\"pc_show\">\r\n\t\t\t\t\t\t\t\t<span>Legierungseins\u00e4tze<\/span>\r\n\t\t\t\t\t\t\t<\/div>\r\n\t\t\t\t\t\t\t<div class=\"swiper-slide\">\r\n\t\t\t\t\t\t\t\t<img decoding=\"async\" src=\"\/images\/home-p2-02-m.png\" class=\"mobile_show\">\r\n\t\t\t\t\t\t\t\t<img decoding=\"async\" src=\"http:\/\/hdktools.com\/wp-content\/uploads\/2023\/12\/home-p2-02.png\" class=\"pc_show\">\r\n\t\t\t\t\t\t\t\t<span>Legierungsbohrer<\/span>\r\n\t\t\t\t\t\t\t<\/div>\r\n\t\t\t\t\t\t\t<div class=\"swiper-slide\">\r\n\t\t\t\t\t\t\t\t<img decoding=\"async\" src=\"\/images\/home-p2-03-m.png\" class=\"mobile_show\">\r\n\t\t\t\t\t\t\t\t<img decoding=\"async\" src=\"http:\/\/hdktools.com\/wp-content\/uploads\/2023\/12\/home-p2-03.png\" class=\"pc_show\">\r\n\t\t\t\t\t\t\t\t<span>Legierungsfr\u00e4ser<\/span>\r\n\t\t\t\t\t\t\t<\/div>\r\n\t\t\t\t\t\t<\/div>\r\n\t\t\t\t\t\t<div class=\"swiper-pagination\"><\/div>\r\n\t\t\t\t\t<\/div>\r\n\t\t\t\t<\/div>\r\n\t\t\t<\/div>\r\n\t\t\t<div class=\"p2-right\">\r\n\t\t\t\t<div class=\"p2-title\">Kategorie<\/div>\r\n\t\t\t\t<a href=\"\/de\/\">\r\n\t\t\t\t\t<div class=\"p2-list\">\r\n\t\t\t\t\t\t<div class=\"p2-list-left\">\r\n\t\t\t\t\t\t\t<img decoding=\"async\" src=\"http:\/\/hdktools.com\/wp-content\/uploads\/2023\/12\/home-category-01.png\">\r\n\t\t\t\t\t\t<\/div>\r\n\t\t\t\t\t\t<div class=\"p2-list-right\">\r\n\t\t\t\t\t\t\t<div>Legierungseins\u00e4tze<\/div>\r\n\t\t\t\t\t\t\t<img decoding=\"async\" src=\"\/images\/icon-right.png\" border=\"0\">\r\n\t\t\t\t\t\t<\/div>\r\n\t\t\t\t\t<\/div>\r\n\t\t\t\t<\/a>\r\n\t\t\t\t<a href=\"\/de\/\">\r\n\t\t\t\t\t<div class=\"p2-list\">\r\n\t\t\t\t\t\t<div class=\"p2-list-left\">\r\n\t\t\t\t\t\t\t<img decoding=\"async\" src=\"http:\/\/hdktools.com\/wp-content\/uploads\/2023\/12\/home-category-02.png\">\r\n\t\t\t\t\t\t<\/div>\r\n\t\t\t\t\t\t<div class=\"p2-list-right\">\r\n\t\t\t\t\t\t\t<div>Legierungsbohrer<\/div>\r\n\t\t\t\t\t\t\t<img decoding=\"async\" src=\"\/images\/icon-right.png\" border=\"0\">\r\n\t\t\t\t\t\t<\/div>\r\n\t\t\t\t\t<\/div>\r\n\t\t\t\t<\/a>\r\n\t\t\t\t<a href=\"\/de\/\">\r\n\t\t\t\t\t<div class=\"p2-list\">\r\n\t\t\t\t\t\t<div class=\"p2-list-left\">\r\n\t\t\t\t\t\t\t<img decoding=\"async\" src=\"http:\/\/hdktools.com\/wp-content\/uploads\/2023\/12\/home-category-03.png\">\r\n\t\t\t\t\t\t<\/div>\r\n\t\t\t\t\t\t<div class=\"p2-list-right\">\r\n\t\t\t\t\t\t\t<div>Legierungsfr\u00e4ser<\/div>\r\n\t\t\t\t\t\t\t<img decoding=\"async\" src=\"\/images\/icon-right.png\" border=\"0\">\r\n\t\t\t\t\t\t<\/div>\r\n\t\t\t\t\t<\/div>\r\n\t\t\t\t<\/a>\r\n\t\t\t\t<a href=\"\/de\/\">\r\n\t\t\t\t\t<div class=\"p2-list-pdf\">\r\n\t\t\t\t\t\t<img decoding=\"async\" src=\"\/images\/icon-pdf.png\" border=\"0\">\r\n\t\t\t\t\t\t<div>PDF herunterladen<\/div>\t\t\t\t\t\t\t\r\n\t\t\t\t\t<\/div>\r\n\t\t\t\t<\/a>\r\n\t\t\t<\/div>\r\n\t\t<\/div>\r\n\r\n\t\t<div class=\"p3-con\">\r\n\t\t\t<div class=\"p3-left\">\r\n\t\t\t\t<div class=\"title\">Anpassungsoptionen an Ihren Fingerspitzen<\/div>\r\n\t\t\t\t<div class=\"text\">Durchsuchen Sie unsere Bibliothek mit Anpassungsoptionen. Wir verstehen, wie unsere Kunden L\u00f6sungen auf den Tisch bringen, indem sie unendlich viele Anpassungsm\u00f6glichkeiten anbieten.<\/div>\r\n\t\t\t\t<div class=\"text\">Wir bieten Ihnen unendlich viele M\u00f6glichkeiten, um Ihre Ziele zu erreichen. Mit der Unterst\u00fctzung unserer Branchenexperten werden Ihre brillanten Ideen nie in Frage gestellt.<\/div>\r\n\t\t\t\t<a href=\"#\"><div class=\"link\">Senden Sie Ihr Design und Ihre Anforderungen<\/div><\/a>\t\t\t\t\r\n\t\t\t<\/div>\r\n\t\t\t<div class=\"p3-right\">\r\n\t\t\t\t<div class=\"p3-list active\">\r\n\t\t\t\t\t<img decoding=\"async\" src=\"http:\/\/hdktools.com\/wp-content\/uploads\/2023\/12\/\u672a\u6807\u9898-1-\u62f7\u8d1d2-1.jpg\">\r\n\t\t\t\t\t<div class=\"p3-title\">Material<\/div>\r\n\t\t\t\t\t<div class=\"p3-context\">\r\n\t\t\t\t\t\t<div class=\"p3-con01\">\r\n\t\t\t\t\t\t\t<span class=\"title\">Material &gt;<\/span>\r\n\t\t\t\t\t\t\t<span class=\"text\">In der heutigen Produktion werden haupts\u00e4chlich HSS- und Hartmetall-Werkzeuge verwendet. Kohlenstoff-Werkzeugstahl und Werkzeugstahl werden aufgrund ihrer geringen Hitzebest\u00e4ndigkeit nur f\u00fcr manuelle Werkzeuge oder solche mit niedriger Schnittgeschwindigkeit verwendet.<\/span>\r\n\t\t\t\t\t\t<\/div>\r\n\t\t\t\t\t\t<div class=\"p3-con02\">\r\n\t\t\t\t\t\t\t<a href=\"#\" class=\"right-link\"><img decoding=\"async\" src=\"\/images\/p3-icon.png\"><\/a>\t\t\t\t\r\n\t\t\t\t\t\t<\/div>\r\n\t\t\t\t\t<\/div>\t\t\t\t\t\r\n\t\t\t\t<\/div>\r\n\t\t\t\t<div class=\"p3-list\">\r\n\t\t\t\t\t<img decoding=\"async\" src=\"http:\/\/hdktools.com\/wp-content\/uploads\/2023\/12\/\u672a\u6807\u9898-1-\u62f7\u8d1d3-1.jpg\">\r\n\t\t\t\t\t<div class=\"p3-title\">Gr\u00f6\u00dfe<\/div>\r\n\t\t\t\t\t<div class=\"p3-context\">\r\n\t\t\t\t\t\t<div class=\"p3-con01\">\r\n\t\t\t\t\t\t\t<span class=\"title\">Gr\u00f6\u00dfe &gt;<\/span>\r\n\t\t\t\t\t\t\t<span class=\"text\">In der heutigen Produktion werden haupts\u00e4chlich HSS- und Hartmetall-Werkzeuge verwendet. Kohlenstoff-Werkzeugstahl und Werkzeugstahl werden aufgrund ihrer geringen Hitzebest\u00e4ndigkeit nur f\u00fcr manuelle Werkzeuge oder solche mit niedriger Schnittgeschwindigkeit verwendet.<\/span>\r\n\t\t\t\t\t\t<\/div>\r\n\t\t\t\t\t\t<div class=\"p3-con02\">\r\n\t\t\t\t\t\t\t<a href=\"#\" class=\"right-link\"><img decoding=\"async\" src=\"\/images\/p3-icon.png\"><\/a>\t\t\t\t\r\n\t\t\t\t\t\t<\/div>\r\n\t\t\t\t\t<\/div>\t\r\n\t\t\t\t<\/div>\r\n\t\t\t\t<div class=\"p3-list\">\r\n\t\t\t\t\t<img decoding=\"async\" src=\"http:\/\/hdktools.com\/wp-content\/uploads\/2023\/12\/\u672a\u6807\u9898-1-\u62f7\u8d1d-1.jpg\">\r\n\t\t\t\t\t<div class=\"p3-title\">Beschichtung<\/div>\r\n\t\t\t\t\t<div class=\"p3-context\">\r\n\t\t\t\t\t\t<div class=\"p3-con01\">\r\n\t\t\t\t\t\t\t<span class=\"title\">Beschichtung &gt;<\/span>\r\n\t\t\t\t\t\t\t<span class=\"text\">In der heutigen Produktion werden haupts\u00e4chlich HSS- und Hartmetall-Werkzeuge verwendet. Kohlenstoff-Werkzeugstahl und Werkzeugstahl werden aufgrund ihrer geringen Hitzebest\u00e4ndigkeit nur f\u00fcr manuelle Werkzeuge oder solche mit niedriger Schnittgeschwindigkeit verwendet.<\/span>\r\n\t\t\t\t\t\t<\/div>\r\n\t\t\t\t\t\t<div class=\"p3-con02\">\r\n\t\t\t\t\t\t\t<a href=\"#\" class=\"right-link\"><img decoding=\"async\" src=\"\/images\/p3-icon.png\"><\/a>\t\t\t\t\r\n\t\t\t\t\t\t<\/div>\r\n\t\t\t\t\t<\/div>\r\n\t\t\t\t<\/div>\r\n\t\t\t\t<div class=\"p3-list\">\r\n\t\t\t\t\t<img decoding=\"async\" src=\"http:\/\/hdktools.com\/wp-content\/uploads\/2023\/12\/\u672a\u6807\u9898-1-\u62f7\u8d1d4-1.jpg\">\r\n\t\t\t\t\t<div class=\"p3-title\">OEM<\/div>\r\n\t\t\t\t\t<div class=\"p3-context\">\r\n\t\t\t\t\t\t<div class=\"p3-con01\">\r\n\t\t\t\t\t\t\t<span class=\"title\">OEM &gt;<\/span>\r\n\t\t\t\t\t\t\t<span class=\"text\">In der heutigen Produktion werden haupts\u00e4chlich HSS- und Hartmetall-Werkzeuge verwendet. Kohlenstoff-Werkzeugstahl und Werkzeugstahl werden aufgrund ihrer geringen Hitzebest\u00e4ndigkeit nur f\u00fcr manuelle Werkzeuge oder solche mit niedriger Schnittgeschwindigkeit verwendet.<\/span>\r\n\t\t\t\t\t\t<\/div>\r\n\t\t\t\t\t\t<div class=\"p3-con02\">\r\n\t\t\t\t\t\t\t<a href=\"#\" class=\"right-link\"><img decoding=\"async\" src=\"\/images\/p3-icon.png\"><\/a>\t\t\t\t\r\n\t\t\t\t\t\t<\/div>\r\n\t\t\t\t\t<\/div>\r\n\t\t\t\t<\/div>\r\n\t\t\t<\/div>\r\n\t\t<\/div>\r\n\t<\/div>\r\n\t<div class=\"home-p3\">\t\t\r\n\t\t<div class=\"p4-con\">\r\n\t\t\t<div class=\"about-context\">\r\n\t\t\t\t<div>\r\n\t\t\t\t\t<div class=\"title\">\r\n\t\t\t\t\t\t<hr>\u00dcber uns\r\n\t\t\t\t\t<\/div>\r\n\t\t\t\t\t<img decoding=\"async\" src=\"http:\/\/hdktools.com\/wp-content\/uploads\/2023\/12\/logo.png\">\r\n\t\t\t\t\t<div class=\"text\">HANDERK wurde im Jahr 2000 gegr\u00fcndet und ist ein Hersteller von Vollhartmetall-Schneidwerkzeugen wie Schaftfr\u00e4ser, Bohrer und Wendeplatten. <\/div>\r\n\t\t\t\t\t<div class=\"text\">Bis heute verf\u00fcgt HANDERK \u00fcber ein Jahresverm\u00f6gen von 30 Millionen USD, drei Zweigwerke mit einer Gesamtfl\u00e4che von 6.000\u33a1 und \u00fcber 120 Mitarbeiter. 160 einheimische und importierte Maschinen, darunter SAGE, WALTER und ANCA, stellen verschiedene Produkte her, um t\u00e4glich 180.000 St\u00fcck verschiedener Produkte zu produzieren.<\/div>\r\n\t\t\t\t\t<div class=\"text last-text\">Nach dem Motto \"Produkte und Dienstleistungen sind die Vitalit\u00e4t des Unternehmens\", versucht HANDERK die Bed\u00fcrfnisse der Kunden und des Marktes zu verstehen, st\u00e4rkt die technische Konstruktion des Teams, verbessert die St\u00e4rke der Fertigungstechnologie, der Produktion und des Fertigungsprozesses und entwickelt aktiv neue Produkte, um unsere Professionalit\u00e4t und Innovationsf\u00e4higkeit zu verbessern. Neben der Bereitstellung von hochwertigen Produkten und technischen L\u00f6sungen hoffen wir, unseren Partnern mehr gesch\u00e4ftliche Unterst\u00fctzung zu bieten, um eine gemeinsame Entwicklung und eine Win-Win-Zusammenarbeit zu erreichen.<\/div>\r\n\t\t\t\t<\/div>\r\n\t\t\t<\/div>\r\n\t\t<\/div>\r\n\t\t<div class=\"p5-con\">\r\n\t\t\t<div class=\"title\">One-Stop Solution Service<\/div>\r\n\t\t\t<div class=\"p5-01\">\r\n\t\t\t\t<div class=\"p5-list\">\r\n\t\t\t\t\t<img decoding=\"async\" src=\"http:\/\/hdktools.com\/wp-content\/uploads\/2023\/12\/\u672a\u6807\u9898-1-\u62f7\u8d1d4.jpg\" class=\"p5-img\">\r\n\t\t\t\t\t<div class=\"p5-title\"><span>Einer f\u00fcr alle Durchmesser<\/span><\/div>\r\n\t\t\t\t\t<div class=\"p5-context\">\r\n\t\t\t\t\t\t<div class=\"title\">Einer f\u00fcr alle Durchmesser<\/div>\r\n\t\t\t\t\t\t<div class=\"text\">160 Maschinen, darunter SAGE, Beiping, DJTOL, importierte ANCA, WALTER arbeiten 24 Stunden am Tag, um sicherzustellen, dass jede Gr\u00f6\u00dfe verf\u00fcgbar ist. Metrische Gr\u00f6\u00dfe von 0,2 bis 20 mm, Zollgr\u00f6\u00dfe von 1\/8 bis 1\/2, alle auf Lager nach strenger Pr\u00fcfung.<\/div>\r\n\t\t\t\t\t<\/div>\r\n\t\t\t\t<\/div>\r\n\t\t\t\t<div class=\"p5-list\">\r\n\t\t\t\t\t<img decoding=\"async\" src=\"http:\/\/hdktools.com\/wp-content\/uploads\/2023\/12\/\u672a\u6807\u9898-1-\u62f7\u8d1d2-2.jpg\" class=\"p5-img\">\r\n\t\t\t\t\t<div class=\"p5-title\"><span>Eine f\u00fcr alle Anwendung<\/span><\/div>\r\n\t\t\t\t\t<div class=\"p5-context\">\r\n\t\t\t\t\t\t<div class=\"title\">Eine f\u00fcr alle Anwendung<\/div>\r\n\t\t\t\t\t\t<div class=\"text\">HANDERK arbeitet eng mit den Herstellern von Hartmetallst\u00e4ben zusammen und verwendet verschiedene Rohmaterialsorten, die auf den realen Arbeitsbedingungen des Werkzeugs basieren. Im Allgemeinen wird ein Material f\u00fcr Werkst\u00fccke unter HRC65\/HRC45 verwendet, eine Sorte f\u00fcr das Halbfertig- und Fertigfr\u00e4sen oder Bohren von Materialien (HRC48-55) mit mittlerer und hoher Geschwindigkeit, eine Sorte f\u00fcr das Schrupp- und Halbfertigfr\u00e4sen von w\u00e4rmebehandeltem Stahl...<\/div>\r\n\t\t\t\t\t<\/div>\r\n\t\t\t\t<\/div>\r\n\t\t\t\t<div class=\"p5-list\">\r\n\t\t\t\t\t<img decoding=\"async\" src=\"http:\/\/hdktools.com\/wp-content\/uploads\/2023\/12\/\u672a\u6807\u9898-1-\u62f7\u8d1d.jpg\" class=\"p5-img\">\r\n\t\t\t\t\t<div class=\"p5-title\"><span>Eine f\u00fcr alle Beschichtungen<\/span><\/div>\r\n\t\t\t\t\t<div class=\"p5-context\">\r\n\t\t\t\t\t\t<div class=\"title\">Eine f\u00fcr alle Beschichtungen<\/div>\r\n\t\t\t\t\t\t<div class=\"text\">Unser Beschichtungszentrum verwendet PLATIT kathodische Lichtbogenverdampfungsspaltbeschichtungsmaschinen aus der Schweiz, unter verschiedenen Schnittbedingungen tragen wir verschiedene Beschichtungen wie TiAlN, TiSiN, ALCRN, DLC... auf, um die Lebensdauer der Werkzeuge zu verl\u00e4ngern.<\/div>\r\n\t\t\t\t\t<\/div>\r\n\t\t\t\t<\/div>\r\n\t\t\t\t<div class=\"p5-list\">\r\n\t\t\t\t\t<img decoding=\"async\" src=\"http:\/\/hdktools.com\/wp-content\/uploads\/2023\/12\/\u672a\u6807\u9898-1-\u62f7\u8d1d3.jpg\" class=\"p5-img\">\r\n\t\t\t\t\t<div class=\"p5-title\"><span>Innovation am laufenden Band<\/span><\/div>\r\n\t\t\t\t\t<div class=\"p5-context\">\r\n\t\t\t\t\t\t<div class=\"title\">Innovation am laufenden Band<\/div>\r\n\t\t\t\t\t\t<div class=\"text\">Mit unserem starken RaD-Team werden die Neuentwicklung und die kontinuierliche Verbesserung nie eingestellt. Wir widmen uns der Erforschung der Fertigungstechnologie in der Vollhartmetall-Schneidwerkzeugindustrie.<\/div>\r\n\t\t\t\t\t<\/div>\r\n\t\t\t\t<\/div>\r\n\t\t\t<\/div>\r\n\t\t<\/div>\r\n\t<\/div>\r\n\t<div class=\"home-p4\">\r\n\t\t<div class=\"p6-con\">\r\n\t\t\t<div class=\"p6-title\">Nachrichten &amp; Ausstellung<\/div>\r\n\t\t\t<div class=\"p6-context\">\r\n\t\t\t\t<div class=\"p6-left-p\">\r\n\t\t\t\t\t<div><span class=\"fa fa-angle-left\"><\/span><\/div>\r\n\t\t\t\t<\/div>\r\n\t\t\t\t<div class=\"p6-center swiper swiper-home-news\">\r\n\t\t\t\t\t<div class=\"swiper-wrapper\">\r\n\t\t\t\t\t\t<div class=\"swiper-slide\">\r\n\t\t\t\t\t\t\t<img decoding=\"async\" src=\"\/images\/home-p6-01.png\">\r\n\t\t\t\t\t\t\t<div class=\"p6-swiper-title\">AUSSTELLUNG<\/div>\r\n\t\t\t\t\t\t\t<div class=\"p6-swiper-con\">\r\n\t\t\t\t\t\t\t\tFrankreichLa Roche-sur-Foron\r\n\t\t\t\t\t\t\t\t<div>4. bis 8. M\u00e4rz 2024<\/div>\r\n\t\t\t\t\t\t\t<\/div>\r\n\t\t\t\t\t\t<\/div>\r\n\t\t\t\t\t\t<div class=\"swiper-slide\">\r\n\t\t\t\t\t\t\t<img decoding=\"async\" src=\"\/images\/home-p6-01.png\">\r\n\t\t\t\t\t\t<\/div>\r\n\t\t\t\t\t<\/div>\t\t\t\t\t\r\n\t\t\t\t<\/div>\r\n\t\t\t\t<div class=\"p6-right-n\">\r\n\t\t\t\t\t<div><span class=\"fa fa-angle-right\"><\/span><\/div>\r\n\t\t\t\t<\/div>\r\n\t\t\t\t<div class=\"p6-news\">\r\n\t\t\t\t\t<div class=\"news-title\">NEWS<\/div>\r\n\t\t\t\t\t<div class=\"news-context\">\r\n\t\t\t\t\t\t<div class=\"news-list\">\r\n\t\t\t\t\t\t\t<div class=\"news-icon\"> N <\/div>\r\n\t\t\t\t\t\t\t<div class=\"news-list-name\"><a href=\"#\">Einf\u00fchrung des HSS-E YG Gewindebohrer-Spanbrechers mit DIN-Norm in metrischer Gr\u00f6\u00dfe<\/a><\/div>\t\t\t\t\r\n\t\t\t\t\t\t<\/div>\r\n\t\t\t\t\t\t<div class=\"news-list\">\r\n\t\t\t\t\t\t\t<div class=\"news-icon\"> N <\/div>\r\n\t\t\t\t\t\t\t<div class=\"news-list-name\"><a href=\"#\">Einf\u00fchrung des HSS-E YG Gewindebohrer-Spanbrechers mit DIN-Norm in metrischer Gr\u00f6\u00dfe<\/a><\/div>\t\t\t\t\r\n\t\t\t\t\t\t<\/div>\r\n\t\t\t\t\t\t<div class=\"news-list\">\r\n\t\t\t\t\t\t\t<div class=\"news-icon\"> N <\/div>\r\n\t\t\t\t\t\t\t<div class=\"news-list-name\"><a href=\"#\">Einf\u00fchrung des HSS-E YG Gewindebohrer-Spanbrechers mit DIN-Norm in metrischer Gr\u00f6\u00dfe<\/a><\/div>\t\t\t\t\r\n\t\t\t\t\t\t<\/div>\r\n\t\t\t\t\t\t<div class=\"news-list\">\r\n\t\t\t\t\t\t\t<div class=\"news-icon\"> N <\/div>\r\n\t\t\t\t\t\t\t<div class=\"news-list-name\"><a href=\"#\">Einf\u00fchrung des HSS-E YG Gewindebohrer-Spanbrechers mit DIN-Norm in metrischer Gr\u00f6\u00dfe<\/a><\/div>\t\t\t\t\r\n\t\t\t\t\t\t<\/div>\r\n\t\t\t\t\t\t<div class=\"news-list\">\r\n\t\t\t\t\t\t\t<div class=\"news-icon\"> N <\/div>\r\n\t\t\t\t\t\t\t<div class=\"news-list-name\"><a href=\"#\">Einf\u00fchrung des HSS-E YG Gewindebohrer-Spanbrechers mit DIN-Norm in metrischer Gr\u00f6\u00dfe<\/a><\/div>\t\t\t\t\r\n\t\t\t\t\t\t<\/div>\r\n\t\t\t\t\t\t<div class=\"news-list\">\r\n\t\t\t\t\t\t\t<div class=\"news-icon\"> N <\/div>\r\n\t\t\t\t\t\t\t<div class=\"news-list-name\"><a href=\"#\">Einf\u00fchrung des HSS-E YG Gewindebohrer-Spanbrechers mit DIN-Norm in metrischer Gr\u00f6\u00dfe<\/a><\/div>\t\t\t\t\r\n\t\t\t\t\t\t<\/div>\r\n\t\t\t\t\t\t<div class=\"news-list\">\r\n\t\t\t\t\t\t\t<div class=\"news-icon\"> N <\/div>\r\n\t\t\t\t\t\t\t<div class=\"news-list-name\"><a href=\"#\">Einf\u00fchrung des HSS-E YG Gewindebohrer-Spanbrechers mit DIN-Norm in metrischer Gr\u00f6\u00dfe<\/a><\/div>\t\t\t\t\r\n\t\t\t\t\t\t<\/div>\r\n\t\t\t\t\t<\/div>\r\n\t\t\t\t<\/div>\r\n\t\t\t<\/div>\r\n\t\t<\/div>\r\n\t\t<style>\r\n\t.p7-02>div>div{\r\n\t\t padding: 2.5vw 2.5vw 0;\r\n\t}\r\n<\/style>\r\n<div class=\"p7-con\">\r\n\t\t\t<div class=\"title\">Anfrage<\/div>\r\n\t\t\t<div class=\"p7-02\">\r\n\t\t\t\t<div>\r\n\t\t\t\t\t<div>\r\n\t\t\t\t\t\t<img decoding=\"async\" src=\"\/images\/p7-icon-01.png\">\r\n\t\t\t\t\t\t<div class=\"list-title\">+86 13815069640<\/div>\r\n\t\t\t\t\t\t<div class=\"text01\">Arbeitszeiten: 8:00-18:00 Uhr<\/div>\r\n\t\t\t\t\t\t<a href=\"\/de\/contact\/\"><div class=\"bnt bnt02\">*Technische Anfrage<\/div><\/a>\r\n\t\t\t\t\t<\/div>\r\n\t\t\t\t<\/div>\r\n\t\t\t\t<div style=\"background-color: #D62418; color: #fff;\">\r\n\t\t\t\t\t<div>\r\n\t\t\t\t\t\t<img decoding=\"async\" src=\"\/images\/p7-icon-02.png\">\r\n\t\t\t\t\t\t<div class=\"list-title\">Verschiedene Anfragen<\/div>\r\n\t\t\t\t\t\t<!-- <a href=\"mailto:sherry@hdktool.com\"><div class=\"bnt bnt01\">Inquiry Form<\/div><\/a> -->\r\n\t\t\t\t\t\t<div class=\"bnt bnt01 shane-popup\">Anfrage-Formular<\/div>\r\n\t\t\t\t\t<\/div>\r\n\t\t\t\t<\/div>\r\n\t\t\t\t<div>\r\n\t\t\t\t\t<div>\r\n\t\t\t\t\t\t<img decoding=\"async\" src=\"\/images\/p7-icon-03.png\">\r\n\t\t\t\t\t\t<div class=\"list-title\">E-Mail Magazin Anmeldung<\/div>\r\n\t\t\t\t\t\t<div class=\"bnt bnt02 shane-popup\">Anmeldung<\/div>\r\n\t\t\t\t\t<\/div>\r\n\t\t\t\t<\/div>\r\n\t\t\t<\/div>\r\n\t\t<\/div>\r\n\t<\/div>\r\n<\/div>","protected":false},"excerpt":{"rendered":"THINK HANDERK FIRST We offer more than 180,000 different cutting tools that are fully stocked and ready to ship on the day of your purchase. Browse Now PASSION FOR PRECISION ST SERIE SOLUTION FOR HIGH HARDNESS MATERIAL GENERAL USING \/ VARIABLE HELIX Review Now SPECIAL TOOLS PROPER PPLICATION To use the tool perfectly, we support [&hellip;]","protected":false},"author":3,"featured_media":0,"parent":0,"menu_order":0,"comment_status":"closed","ping_status":"closed","template":"single-page-full.php","meta":{"_monsterinsights_skip_tracking":false,"_monsterinsights_sitenote_active":false,"_monsterinsights_sitenote_note":"","_monsterinsights_sitenote_category":0,"footnotes":""},"class_list":["post-223","page","type-page","status-publish","hentry"],"blocksy_meta":[],"aioseo_notices":[],"_links":{"self":[{"href":"https:\/\/hdktools.com\/de\/wp-json\/wp\/v2\/pages\/223","targetHints":{"allow":["GET"]}}],"collection":[{"href":"https:\/\/hdktools.com\/de\/wp-json\/wp\/v2\/pages"}],"about":[{"href":"https:\/\/hdktools.com\/de\/wp-json\/wp\/v2\/types\/page"}],"author":[{"embeddable":true,"href":"https:\/\/hdktools.com\/de\/wp-json\/wp\/v2\/users\/3"}],"replies":[{"embeddable":true,"href":"https:\/\/hdktools.com\/de\/wp-json\/wp\/v2\/comments?post=223"}],"version-history":[{"count":0,"href":"https:\/\/hdktools.com\/de\/wp-json\/wp\/v2\/pages\/223\/revisions"}],"wp:attachment":[{"href":"https:\/\/hdktools.com\/de\/wp-json\/wp\/v2\/media?parent=223"}],"curies":[{"name":"wp","href":"https:\/\/api.w.org\/{rel}","templated":true}]}}