{"id":1652,"date":"2025-03-17T19:41:20","date_gmt":"2025-03-17T11:41:20","guid":{"rendered":"https:\/\/hdktools.com\/?page_id=1652"},"modified":"2025-03-17T19:41:20","modified_gmt":"2025-03-17T11:41:20","slug":"faq","status":"publish","type":"page","link":"https:\/\/hdktools.com\/de\/faq\/","title":{"rendered":"FAQ"},"content":{"rendered":"<h2>Q1: Was f\u00fcr ein Unternehmen ist HDK Tools?<\/h2>\r\n<p>HDK Tools ist ein Hersteller und Lieferant, der sich auf hochwertige Hartmetall-Schaftfr\u00e4ser und Hartmetall-Bohrer spezialisiert hat. Wir sind bestrebt, unseren Kunden weltweit hochpr\u00e4zise und langlebige Schneidwerkzeuge zu liefern, die in Branchen wie der Luft- und Raumfahrt, der Automobilherstellung und der Elektronikverarbeitung weit verbreitet sind.<\/p>\r\n<h2>Q2: Was sind die Vorteile der Produkte von HDK Tools?<\/h2>\r\n<p>Hohe Pr\u00e4zision: Hergestellt mit deutscher Technologie und fortschrittlicher Ausr\u00fcstung, um Genauigkeit und Konsistenz zu gew\u00e4hrleisten.\r\nLange Lebensdauer: Hergestellt aus erstklassigen Hartmetallwerkstoffen f\u00fcr hervorragende Verschlei\u00dffestigkeit und lange Lebensdauer der Werkzeuge.\r\nVielf\u00e4ltige Optionen: Bietet eine gro\u00dfe Auswahl an Modellen und Beschichtungen f\u00fcr unterschiedliche Bearbeitungsanforderungen.<\/p>\r\n<h2>F3: Welches sind die Hauptm\u00e4rkte von HDK Tools?<\/h2>\r\n<p>Wir exportieren in mehr als 80 L\u00e4nder der Welt, vor allem nach Russland, Indonesien, Indien, die Vereinigten Staaten, Mexiko, Vietnam, Malaysia, Thailand und andere Regionen<\/p>\r\n\r\n\r\n<h1>2. \u00dcber unsere Produkte<\/h1>\r\n<h2>F4: Was ist ein Hartmetall-Schaftfr\u00e4ser?<\/h2>\r\n<p>Ein Hartmetall-Schaftfr\u00e4ser ist ein Schneidwerkzeug, das f\u00fcr Fr\u00e4sarbeiten verwendet wird, haupts\u00e4chlich f\u00fcr die Bearbeitung von Metallen, Kunststoffen und Verbundwerkstoffen. Er ist f\u00fcr seine hohe H\u00e4rte und Verschlei\u00dffestigkeit bekannt und eignet sich daher f\u00fcr hochpr\u00e4zise und hocheffiziente Bearbeitungen.<\/p>\r\n<h2>F5: Was ist ein Hartmetallbohrer?<\/h2>\r\n<p>Ein Hartmetallbohrer ist ein Schneidwerkzeug zum Bohren, das sich besonders f\u00fcr die Bearbeitung harter Materialien wie Edelstahl und Titanlegierungen eignet. Er zeichnet sich durch hohe Temperaturbest\u00e4ndigkeit und hervorragende Verschlei\u00dffestigkeit aus und ist ideal f\u00fcr Hochgeschwindigkeitsbohrungen.<\/p>\r\n<h2>F6: Welche Arten von Schaftfr\u00e4sern und Bohrern bietet HDK Tools an?<\/h2>\r\n<p>Wir bieten eine Vielzahl von Schaftfr\u00e4sern und Bohrern an, darunter:\r\nSchaftfr\u00e4ser: Flachfr\u00e4ser, Schaftfr\u00e4ser mit Kugelkopf, Eckradiusfr\u00e4ser, etc.\r\nBohrer: Hartmetallbohrer, Punktbohrer, Spiralbohrer, etc.<\/p>\r\n<h2>F7: Wie w\u00e4hle ich den richtigen Schaftfr\u00e4ser oder Bohrer?<\/h2>\r\n<p>Bei der Auswahl eines Schaftfr\u00e4sers oder Bohrers sind die folgenden Faktoren zu ber\u00fccksichtigen:\r\nDas zu bearbeitende Material: Stahl, Aluminium, Titanlegierungen, usw.\r\nArt der Bearbeitung: Wie Schruppen, Schlichten oder Tieflochbohren.\r\nBeschichtungsoptionen: Wie TiN, TiAlN, DLC-Beschichtungen, geeignet f\u00fcr verschiedene Bearbeitungsumgebungen.<\/p>\r\n\r\n\r\n<h1>3. \u00dcber Bestellung und Lieferung<\/h1>\r\n<h2>F8: Wie kann ich Produkte von HDK Tools bestellen?<\/h2>\r\n<p>Sie k\u00f6nnen eine Bestellung \u00fcber die folgenden Methoden aufgeben:\r\nOnline-Bestellung: Besuchen Sie unsere Website unter www.hdktools.com, um die Produkte zu durchsuchen und Ihre Bestellung aufzugeben.\r\nKontakt zum Vertrieb: Senden Sie uns eine E-Mail an sales@hdktools.com oder rufen Sie unsere Kundendienst-Hotline an.<\/p>\r\n<h2>F9: Welche Zahlungsmethoden werden von HDK Tools unterst\u00fctzt?<\/h2>\r\n<p>Wir unterst\u00fctzen mehrere Zahlungsarten, darunter Kreditkarte, Bank\u00fcberweisung und PayPal.<\/p>\r\n<h2>Q10: Wie lange ist die Lieferzeit?<\/h2>\r\n<p>Standardprodukte: Werden in der Regel innerhalb von 1-3 Werktagen versandt.\r\nKundenspezifische Produkte: Die Lieferzeit betr\u00e4gt 7-10 Tage, abh\u00e4ngig von der Komplexit\u00e4t der Anforderungen.<\/p>\r\n<h2>F11: Bietet HDK Tools internationalen Versand an?<\/h2>\r\n<p>Ja, wir bieten weltweite Versanddienstleistungen an und arbeiten mit mehreren internationalen Logistikunternehmen zusammen, um eine sichere und p\u00fcnktliche Lieferung zu gew\u00e4hrleisten.<\/p>\r\n\r\n\r\n<h1>4. \u00dcber den After-Sales-Service<\/h1>\r\n<h2>F12: Wie kann ich den Kundendienst von HDK Tools kontaktieren?<\/h2>\r\n<p>Sie k\u00f6nnen uns auf folgende Weise erreichen:\r\nE-Mail: support@hdktools.com\r\nTelefon: +86 13815069640<\/p>\r\n<h2>F13: Was sollte ich tun, wenn ich ein defektes Produkt erhalte?<\/h2>\r\n<p>Wenn Sie ein Produkt mit Qualit\u00e4tsproblemen erhalten, wenden Sie sich bitte sofort an unseren Kundendienst und geben Sie Ihre Bestellnummer und eine Beschreibung des Problems an. Wir werden das Problem so schnell wie m\u00f6glich beheben.<\/p>\r\n\r\n\r\n<h1>5. \u00dcber Custom Services<\/h1>\r\n<h2>F14: Bietet HDK Tools kundenspezifische Dienstleistungen an?<\/h2>\r\n<p>Ja, wir bieten ma\u00dfgeschneiderte Dienstleistungen an, einschlie\u00dflich:\r\nNicht-Standardgr\u00f6\u00dfen: Kundenspezifische Schaftfr\u00e4ser oder Bohrer in Sondergr\u00f6\u00dfen auf der Grundlage Ihrer Anforderungen.\r\nSpezielle Beschichtungen: Verschiedene Beschichtungsoptionen f\u00fcr unterschiedliche Bearbeitungsumgebungen.<\/p>\r\n<h2>F15: Wie lange ist die Lieferzeit f\u00fcr kundenspezifische Produkte?<\/h2>\r\n<p>Die Lieferzeit f\u00fcr kundenspezifische Produkte betr\u00e4gt in der Regel 7-10 Tage, abh\u00e4ngig von der Komplexit\u00e4t der Anforderungen.<\/p>","protected":false},"excerpt":{"rendered":"Q1: What kind of company is HDK Tools? HDK Tools is a manufacturer and supplier specializing in high-quality Carbide End Mills and Carbide Drills. We are committed to providing global customers with high-precision, durable cutting tools widely used in industries such as aerospace, automotive manufacturing, and electronics processing. Q2: What are the advantages of HDK [&hellip;]","protected":false},"author":3,"featured_media":0,"parent":0,"menu_order":0,"comment_status":"closed","ping_status":"closed","template":"","meta":{"_monsterinsights_skip_tracking":false,"_monsterinsights_sitenote_active":false,"_monsterinsights_sitenote_note":"","_monsterinsights_sitenote_category":0,"footnotes":""},"class_list":["post-1652","page","type-page","status-publish","hentry"],"blocksy_meta":[],"aioseo_notices":[],"_links":{"self":[{"href":"https:\/\/hdktools.com\/de\/wp-json\/wp\/v2\/pages\/1652","targetHints":{"allow":["GET"]}}],"collection":[{"href":"https:\/\/hdktools.com\/de\/wp-json\/wp\/v2\/pages"}],"about":[{"href":"https:\/\/hdktools.com\/de\/wp-json\/wp\/v2\/types\/page"}],"author":[{"embeddable":true,"href":"https:\/\/hdktools.com\/de\/wp-json\/wp\/v2\/users\/3"}],"replies":[{"embeddable":true,"href":"https:\/\/hdktools.com\/de\/wp-json\/wp\/v2\/comments?post=1652"}],"version-history":[{"count":0,"href":"https:\/\/hdktools.com\/de\/wp-json\/wp\/v2\/pages\/1652\/revisions"}],"wp:attachment":[{"href":"https:\/\/hdktools.com\/de\/wp-json\/wp\/v2\/media?parent=1652"}],"curies":[{"name":"wp","href":"https:\/\/api.w.org\/{rel}","templated":true}]}}